{"id":115,"date":"2023-02-06T08:40:10","date_gmt":"2023-02-06T08:40:10","guid":{"rendered":"https:\/\/helmutpatzer.it9cloud.ch\/?page_id=115"},"modified":"2024-09-09T08:48:38","modified_gmt":"2024-09-09T08:48:38","slug":"verantwortung","status":"publish","type":"page","link":"https:\/\/www.logotherapie-bodensee.ch\/?page_id=115","title":{"rendered":"Verantwortung"},"content":{"rendered":"\n<p class=\"has-medium-font-size\"><strong>Dasein ist ein Sein, das immer noch entscheidet, was es ist. ( Frankl, \u201e Der Wille zum Sinn\u201c )<\/strong><\/p>\n\n\n\n<p><strong>Frankl hat die Verantwortlichkeit<\/strong> als das Wesen des menschlichen Daseins betrachtet und in ihr unsere spezifische Bestimmung erkannt. Die Notwendigkeit und die Freiheit, sich in jedem Augenblick entscheiden zu m\u00fcssen und zu k\u00f6nnen, bedeutet den eigentlichen Auftrag, der aus seiner geistigen Dimension an den Menschen ergeht. <\/p>\n\n\n\n<p>Dabei haben wir uns nicht beliebig oder willk\u00fcrlich zu entscheiden, sondern eben verantwortlich, im Einklang mit dem Sinnanruf der jeweiligen Situation, den wir kraft unseres Gewissens erh\u00f6ren und in unserer Intentionalit\u00e4t ( Gerichtetheit ) auf Werte erf\u00fchlen k\u00f6nnen. <\/p>\n\n\n\n<p>Was f\u00fcr Karl Jaspers, dt. Philosoph, 1883 \u2013 1969,\u00a0 die Grenzsituationen der menschlichen Existenz sind, die es anzunehmen gilt, um zum eigentlichen Selbstsein zu gelangen, das f\u00fcr ihn immer schon auf Transzendenz verweist und bezogen ist, wurde bei Frankl zu jener Tragischen Trias von Leid, Schuld und Tod, die uns durch ihre Unausweichlichkeit in unsere Verantwortung ruft.<\/p>\n","protected":false},"excerpt":{"rendered":"<p>Dasein ist ein Sein, das immer noch entscheidet, was es ist. ( Frankl, \u201e Der Wille zum Sinn\u201c ) Frankl hat die Verantwortlichkeit als das Wesen des menschlichen Daseins betrachtet und in ihr unsere spezifische Bestimmung erkannt. Die Notwendigkeit und die Freiheit, sich in jedem Augenblick entscheiden zu m\u00fcssen und zu k\u00f6nnen, bedeutet den eigentlichen&hellip;&nbsp;<a href=\"https:\/\/www.logotherapie-bodensee.ch\/?page_id=115\" class=\"\" rel=\"bookmark\">Weiterlesen &raquo;<span class=\"screen-reader-text\">Verantwortung<\/span><\/a><\/p>\n","protected":false},"author":1,"featured_media":0,"parent":98,"menu_order":0,"comment_status":"closed","ping_status":"closed","template":"","meta":{"neve_meta_sidebar":"","neve_meta_container":"","neve_meta_enable_content_width":"","neve_meta_content_width":0,"neve_meta_title_alignment":"","neve_meta_author_avatar":"","neve_post_elements_order":"","neve_meta_disable_header":"","neve_meta_disable_footer":"","neve_meta_disable_title":"","footnotes":""},"class_list":["post-115","page","type-page","status-publish","hentry"],"_links":{"self":[{"href":"https:\/\/www.logotherapie-bodensee.ch\/index.php?rest_route=\/wp\/v2\/pages\/115","targetHints":{"allow":["GET"]}}],"collection":[{"href":"https:\/\/www.logotherapie-bodensee.ch\/index.php?rest_route=\/wp\/v2\/pages"}],"about":[{"href":"https:\/\/www.logotherapie-bodensee.ch\/index.php?rest_route=\/wp\/v2\/types\/page"}],"author":[{"embeddable":true,"href":"https:\/\/www.logotherapie-bodensee.ch\/index.php?rest_route=\/wp\/v2\/users\/1"}],"replies":[{"embeddable":true,"href":"https:\/\/www.logotherapie-bodensee.ch\/index.php?rest_route=%2Fwp%2Fv2%2Fcomments&post=115"}],"version-history":[{"count":3,"href":"https:\/\/www.logotherapie-bodensee.ch\/index.php?rest_route=\/wp\/v2\/pages\/115\/revisions"}],"predecessor-version":[{"id":1084,"href":"https:\/\/www.logotherapie-bodensee.ch\/index.php?rest_route=\/wp\/v2\/pages\/115\/revisions\/1084"}],"up":[{"embeddable":true,"href":"https:\/\/www.logotherapie-bodensee.ch\/index.php?rest_route=\/wp\/v2\/pages\/98"}],"wp:attachment":[{"href":"https:\/\/www.logotherapie-bodensee.ch\/index.php?rest_route=%2Fwp%2Fv2%2Fmedia&parent=115"}],"curies":[{"name":"wp","href":"https:\/\/api.w.org\/{rel}","templated":true}]}}