{"id":119,"date":"2023-02-06T08:40:48","date_gmt":"2023-02-06T08:40:48","guid":{"rendered":"https:\/\/helmutpatzer.it9cloud.ch\/?page_id=119"},"modified":"2023-02-06T11:48:19","modified_gmt":"2023-02-06T11:48:19","slug":"selbsttranszendenz","status":"publish","type":"page","link":"https:\/\/www.logotherapie-bodensee.ch\/?page_id=119","title":{"rendered":"Selbsttranszendenz"},"content":{"rendered":"\n<p class=\"has-medium-font-size\"><strong>Die Trotzmacht des Geistes<\/strong><\/p>\n\n\n\n<p>\u201eVernichtet der Tod nicht jeglichen Sinn? Keinesfalls. Die Menschen scheinen zu vergessen, dass das Vergangene nicht verloren ist, sondern ganz im Gegenteil, aufgehoben und vor der Verg\u00e4nglichkeit bewahrt. Normalerweise schaut der Mensch nur auf das Stoppelfeld der Verg\u00e4nglichkeit, und er \u00fcbersieht die Kornspeicher der Vergangenheit, in denen ein f\u00fcr allemal lagert, was er erreicht hat \u2013 sei es durch sch\u00f6pferische Akte, durch die Liebe oder durch das richtige Erleiden dessen, was er nicht ver\u00e4ndern noch verhindern konnte.<\/p>\n\n\n\n<p>Gewesen zu sein ist auch eine Art zu sein, und vielleicht die sicherste. Und alles, was jemand in seinem Leben vollbracht hat, kann aus dieser Sicht als ein Bergen \u2013 durch Verwirklichen! \u2013 von M\u00f6glichkeiten erscheinen. Gewiss, Zeit, die vergangen ist, l\u00e4sst sich nicht zur\u00fcckrufen; aber was in ihr geschehen ist, ist unangreifbar und unverletzlich geworden\u201c. ( Frankl, Der Wille zum Sinn )<\/p>\n\n\n\n<p>Indem der Mensch \u00fcberhaupt zu fragen, zu suchen und nachzudenken vermag, sich sehnt nach einem Sinn seiner Existenz, erhebt er sich bereits in W\u00fcrde \u00fcber die Niederungen seiner Instinkte und richtet seinen Blick auf die Welt um sich und den Himmel \u00fcber sich.<\/p>\n\n\n\n<p>Das der Mensch \u00fcberhaupt jenes <strong>\u201eethische Stadium\u201c<\/strong> erreicht und sich in Freiheit an Werten zu orientieren vermag, auf sie hin sein Leben ausrichtet und so mit Sinn zu erf\u00fcllen vermag, verdankt er eben dieser F\u00e4higkeit zur Selbsttranszendenz.<\/p>\n\n\n\n<p>Dieser Beitrag ist ein Auszug&nbsp; aus der aktuellen Dokumentation der Begleitbrosch\u00fcre zur Wander-Ausstellung vom Viktor Frankl Zentrum Wien, die auch im Schweizerischen Institut&nbsp; ( ILE )&nbsp; in Chur erh\u00e4ltlich ist.<\/p>\n","protected":false},"excerpt":{"rendered":"<p>Die Trotzmacht des Geistes \u201eVernichtet der Tod nicht jeglichen Sinn? Keinesfalls. Die Menschen scheinen zu vergessen, dass das Vergangene nicht verloren ist, sondern ganz im Gegenteil, aufgehoben und vor der Verg\u00e4nglichkeit bewahrt. Normalerweise schaut der Mensch nur auf das Stoppelfeld der Verg\u00e4nglichkeit, und er \u00fcbersieht die Kornspeicher der Vergangenheit, in denen ein f\u00fcr allemal lagert,&hellip;&nbsp;<a href=\"https:\/\/www.logotherapie-bodensee.ch\/?page_id=119\" class=\"\" rel=\"bookmark\">Weiterlesen &raquo;<span class=\"screen-reader-text\">Selbsttranszendenz<\/span><\/a><\/p>\n","protected":false},"author":1,"featured_media":0,"parent":98,"menu_order":0,"comment_status":"closed","ping_status":"closed","template":"","meta":{"neve_meta_sidebar":"","neve_meta_container":"","neve_meta_enable_content_width":"","neve_meta_content_width":0,"neve_meta_title_alignment":"","neve_meta_author_avatar":"","neve_post_elements_order":"","neve_meta_disable_header":"","neve_meta_disable_footer":"","neve_meta_disable_title":"","footnotes":""},"class_list":["post-119","page","type-page","status-publish","hentry"],"_links":{"self":[{"href":"https:\/\/www.logotherapie-bodensee.ch\/index.php?rest_route=\/wp\/v2\/pages\/119","targetHints":{"allow":["GET"]}}],"collection":[{"href":"https:\/\/www.logotherapie-bodensee.ch\/index.php?rest_route=\/wp\/v2\/pages"}],"about":[{"href":"https:\/\/www.logotherapie-bodensee.ch\/index.php?rest_route=\/wp\/v2\/types\/page"}],"author":[{"embeddable":true,"href":"https:\/\/www.logotherapie-bodensee.ch\/index.php?rest_route=\/wp\/v2\/users\/1"}],"replies":[{"embeddable":true,"href":"https:\/\/www.logotherapie-bodensee.ch\/index.php?rest_route=%2Fwp%2Fv2%2Fcomments&post=119"}],"version-history":[{"count":2,"href":"https:\/\/www.logotherapie-bodensee.ch\/index.php?rest_route=\/wp\/v2\/pages\/119\/revisions"}],"predecessor-version":[{"id":227,"href":"https:\/\/www.logotherapie-bodensee.ch\/index.php?rest_route=\/wp\/v2\/pages\/119\/revisions\/227"}],"up":[{"embeddable":true,"href":"https:\/\/www.logotherapie-bodensee.ch\/index.php?rest_route=\/wp\/v2\/pages\/98"}],"wp:attachment":[{"href":"https:\/\/www.logotherapie-bodensee.ch\/index.php?rest_route=%2Fwp%2Fv2%2Fmedia&parent=119"}],"curies":[{"name":"wp","href":"https:\/\/api.w.org\/{rel}","templated":true}]}}