{"id":138,"date":"2023-02-06T09:30:22","date_gmt":"2023-02-06T09:30:22","guid":{"rendered":"https:\/\/helmutpatzer.it9cloud.ch\/?page_id=138"},"modified":"2025-12-04T15:11:20","modified_gmt":"2025-12-04T15:11:20","slug":"luescher-farbtherapie","status":"publish","type":"page","link":"https:\/\/www.logotherapie-bodensee.ch\/?page_id=138","title":{"rendered":"L\u00fcscher Farbtherapie"},"content":{"rendered":"<div class=\"wp-block-image is-style-rounded\">\n<figure class=\"aligncenter size-thumbnail is-resized\"><img loading=\"lazy\" decoding=\"async\" width=\"150\" height=\"150\" src=\"https:\/\/www.logotherapie-bodensee.ch\/wp-content\/uploads\/2023\/02\/image-4-150x150.png\" alt=\"\" class=\"wp-image-139\" style=\"width:243px;height:auto\"\/><figcaption class=\"wp-element-caption\"><strong>Prof. Dr. med.Max L\u00fcscher<\/strong><br><strong>Schweizer Psychologe<\/strong>     <strong>Geb.  9. September  1923,&nbsp;Basel                       Gest.  2. Februar 2017<\/strong>, <strong>Luzern<\/strong><\/figcaption><\/figure>\n<\/div>\n\n\n<p><\/p>\n\n\n\n<p><\/p>\n\n\n\n<h4 class=\"wp-block-heading\"> Max L\u00fcscher ist der Begr\u00fcnder des Klinischen L\u00fcscher-Tests \u00fcber die Autoregulations Psychologie.<\/h4>\n\n\n\n<p>1947 ver\u00f6ffentlichte er den non-verbalen L\u00fcscher-Farbentest. Er wurde&nbsp; in 29 Sprachen \u00fcbersetzt. Als L\u00fcscher-Color-Diagnostik, als \u201eR\u00f6ntgenbild der Psyche\u201c ist er die auf der Welt&nbsp; am weitesten verbreitete psycho-somatische Personal- und Pers\u00f6nlichkeitsanalyse. Der klinische Test ist ein multi-dimensionaler Pers\u00f6nlichkeitstest. Die speziellen Testfarben wurden konzeptionell im Rahmen einer strukturellen Funktionspsychologie in mehrj\u00e4hrigen klinischen Studien entwickelt. Er war ein Pionier auf dem Gebiet der Emotionen. Farben werden als psychologische Sinnesempfindungen wahrgenommen, unabh\u00e4ngig von Meinungen, kulturellen Erfahrungen, Alter und Geschlecht. Die Farbdiagnostik beschreibt die erlebten Emotionen, das jeweilige Verhalten und die Ursache von Stress und Konflikten.<\/p>\n\n\n\n<p>Professor Dr. Max L\u00fcscher studierte Philosophie, Psychologie und Psychiatrie in Basel. Seine Klinische Farbdiagnostik fand rasch eine weltweite Verbreitung und Anerkennung. Max L\u00fcscher lehrte seine Farbdiagnostik und die von ihm entwickelte Regulationspsychologie in West- und Osteuropa, an der psychiatrischen und psychologischen Abteilung der Yale Universit\u00e4t ( USA ), in S\u00fcdamerika und in Australien. Er arbeitete als Psychotherapeut und war Berater der internationalen Spitzenindustrie. Einen Grossteil seiner T\u00e4tigkeit widmete er der Ausbildung von \u00c4rzten und Unternehmensf\u00fchrern. Seine B\u00fccher sind seit Jahrzehnten Bestseller, siehe weiter unten.<\/p>\n\n\n\n<p style=\"font-size:30px\"><strong>Die vier Grundfarben<\/strong><\/p>\n\n\n\n<div class=\"wp-block-media-text alignfull has-media-on-the-right is-stacked-on-mobile is-vertically-aligned-center\" style=\"grid-template-columns:auto 22%\"><div class=\"wp-block-media-text__content\">\n<h3 class=\"wp-block-heading has-text-align-center has-text-color has-large-font-size\" style=\"color:#000000\"><strong>Rot<\/strong><\/h3>\n\n\n\n<p class=\"has-text-align-center\" style=\"font-size:30px\">Anregend<\/p>\n\n\n\n<p><\/p>\n<\/div><figure class=\"wp-block-media-text__media\"><img loading=\"lazy\" decoding=\"async\" width=\"300\" height=\"168\" src=\"https:\/\/www.logotherapie-bodensee.ch\/wp-content\/uploads\/2024\/09\/red.png\" alt=\"\" class=\"wp-image-1068 size-full\"\/><\/figure><\/div>\n\n\n\n<div class=\"wp-block-media-text alignfull is-stacked-on-mobile is-vertically-aligned-center\" style=\"grid-template-columns:20% auto\"><figure class=\"wp-block-media-text__media\"><img loading=\"lazy\" decoding=\"async\" width=\"284\" height=\"177\" src=\"https:\/\/www.logotherapie-bodensee.ch\/wp-content\/uploads\/2024\/09\/blue.png\" alt=\"\" class=\"wp-image-1070 size-full\"\/><\/figure><div class=\"wp-block-media-text__content\">\n<h3 class=\"wp-block-heading has-text-align-center has-text-color has-large-font-size\" style=\"color:#000000\"><strong>Blau<\/strong><\/h3>\n\n\n\n<p class=\"has-text-align-center\" style=\"font-size:30px\">Beruhigend<\/p>\n<\/div><\/div>\n\n\n\n<div class=\"wp-block-media-text alignfull has-media-on-the-right is-stacked-on-mobile is-vertically-aligned-center\" style=\"grid-template-columns:auto 21%\"><div class=\"wp-block-media-text__content\">\n<h3 class=\"wp-block-heading has-text-align-center has-text-color has-large-font-size\" style=\"color:#000000\"><strong>Gelb<\/strong><\/h3>\n\n\n\n<p class=\"has-text-align-center\" style=\"font-size:30px\">Hoffnung<\/p>\n<\/div><figure class=\"wp-block-media-text__media\"><img loading=\"lazy\" decoding=\"async\" width=\"225\" height=\"158\" src=\"https:\/\/www.logotherapie-bodensee.ch\/wp-content\/uploads\/2024\/10\/yellow.jpg\" alt=\"\" class=\"wp-image-1185 size-full\"\/><\/figure><\/div>\n\n\n\n<div class=\"wp-block-media-text alignfull is-stacked-on-mobile is-vertically-aligned-center is-image-fill-element\" style=\"grid-template-columns:20% auto\"><figure class=\"wp-block-media-text__media\"><img loading=\"lazy\" decoding=\"async\" width=\"300\" height=\"168\" src=\"https:\/\/www.logotherapie-bodensee.ch\/wp-content\/uploads\/2024\/09\/green.png\" alt=\"\" class=\"wp-image-1072 size-full\" style=\"object-position:50% 50%\"\/><\/figure><div class=\"wp-block-media-text__content\">\n<h3 class=\"wp-block-heading has-text-align-center has-text-color has-large-font-size\" style=\"color:#000000\"><strong>Gr\u00fcn<\/strong><\/h3>\n\n\n\n<p class=\"has-text-align-center\" style=\"font-size:30px\">Widerspruch<\/p>\n\n\n\n<p class=\"has-text-align-center has-extra-small-font-size\"><\/p>\n<\/div><\/div>\n\n\n\n<p><\/p>\n\n\n\n<p>Der weltbekannte Schweizer Psychologe Prof. Dr. Max L\u00fcscher hat diese Farbskala zur Deutung des Charakters entwickelt. So tiefgreifend das Konzept, so denkbar einfach ist das Prinzip der Durchf\u00fchrung: \u201eBlau, Rot, Gr\u00fcn und Gelb\u201c entsprechen den vier normalen Selbstgef\u00fchlen des Menschen<strong>: \u201e<\/strong> Selbstvertrauen, Selbstachtung, Zufriedenheit und innere Freiheit.<strong>\u201c<\/strong>&nbsp; Max L\u00fcscher zeigt in seinem Farbtest, wie man diese Selbstgef\u00fchle entwickelt und miteinander in Harmonie bringt und dadurch zu einem besseren inneren Gleichgewicht findet. Mit Hilfe der L\u00fcscher-Farbscheibe kann man jedoch auch andere Menschen charakterologisch bestimmen und sich in entscheidenden Situationen des Alltags auf die Reaktionen, Taktiken und&nbsp; Verhaltensmuster seiner Mitmenschen einstellen.<\/p>\n\n\n\n<p>Damit \u00f6ffnet sich ein neuer, zeitgem\u00e4sser Weg zu einem Leben ohne beengende Vorurteile und m\u00f6glicherweise folgenschwere Fehleinsch\u00e4tzungen. Max L\u00fcscher`s B\u00fccher bieten eine Praxis erprobte Psychologie im Sinne<strong>:<\/strong>&nbsp; <strong>\u201e<\/strong>wissenschaftlich abgesichert, praktikabel und zur Selbsthilfe geeignet.<strong>\u201c <\/strong>Die Befindlichkeit der Psyche wird hier sehr deutlich und klar herauskristallisiert. Psychologisch verstehen bedeutet: \u201edie Ursache des Verhaltens erkennen.\u201c&nbsp; Farben gelten als Sprache des Unterbewussten im Menschen.&nbsp; Mit einem zus\u00e4tzlichen Hinweis auf hom\u00f6opathische&nbsp; Mittel und Bachbl\u00fcten k\u00f6nnen die Testergebnisse erg\u00e4nzt werden. Der L\u00fcscher-Farbtest bietet angewandte Psychologie im besten Sinne \u2013 ein Schl\u00fcssel zur optimalen Bew\u00e4ltigung des Alltags.<\/p>\n\n\n\n<p class=\"has-large-font-size\"><\/p>\n\n\n\n<div class=\"wp-block-group\"><div class=\"wp-block-group__inner-container is-layout-flow wp-block-group-is-layout-flow\">\n<h2 class=\"wp-block-heading has-text-align-center\">Angebote<\/h2>\n\n\n\n<div class=\"wp-block-columns is-layout-flex wp-container-core-columns-is-layout-9d6595d7 wp-block-columns-is-layout-flex\">\n<div class=\"wp-block-column is-layout-flow wp-block-column-is-layout-flow\"><div class=\"wp-block-image\">\n<figure class=\"aligncenter size-full is-resized\"><img loading=\"lazy\" decoding=\"async\" width=\"512\" height=\"512\" src=\"https:\/\/www.logotherapie-bodensee.ch\/wp-content\/uploads\/2024\/09\/pngwing.com1_.png\" alt=\"\" class=\"wp-image-1080\" style=\"width:80px;height:80px\" srcset=\"https:\/\/www.logotherapie-bodensee.ch\/wp-content\/uploads\/2024\/09\/pngwing.com1_.png 512w, https:\/\/www.logotherapie-bodensee.ch\/wp-content\/uploads\/2024\/09\/pngwing.com1_-300x300.png 300w, https:\/\/www.logotherapie-bodensee.ch\/wp-content\/uploads\/2024\/09\/pngwing.com1_-150x150.png 150w\" sizes=\"auto, (max-width: 512px) 100vw, 512px\" \/><\/figure>\n<\/div>\n\n\n<p class=\"has-text-align-center\"><strong><strong>Einzeltherapie f\u00fcr Kinder, Jugendliche und Erwachsene<\/strong><\/strong><\/p>\n\n\n\n<p class=\"has-text-align-center\"><\/p>\n<\/div>\n\n\n\n<div class=\"wp-block-column is-layout-flow wp-block-column-is-layout-flow\"><div class=\"wp-block-image\">\n<figure class=\"aligncenter size-full is-resized\"><img loading=\"lazy\" decoding=\"async\" width=\"512\" height=\"512\" src=\"https:\/\/www.logotherapie-bodensee.ch\/wp-content\/uploads\/2024\/09\/pngwing.com2_.png\" alt=\"\" class=\"wp-image-1079\" style=\"width:80px;height:80px\" srcset=\"https:\/\/www.logotherapie-bodensee.ch\/wp-content\/uploads\/2024\/09\/pngwing.com2_.png 512w, https:\/\/www.logotherapie-bodensee.ch\/wp-content\/uploads\/2024\/09\/pngwing.com2_-300x300.png 300w, https:\/\/www.logotherapie-bodensee.ch\/wp-content\/uploads\/2024\/09\/pngwing.com2_-150x150.png 150w\" sizes=\"auto, (max-width: 512px) 100vw, 512px\" \/><\/figure>\n<\/div>\n\n\n<p class=\"has-text-align-center\"><strong><strong>Paartherapie, auch geeignet f\u00fcr Lebensgemeinschaften<\/strong><\/strong><\/p>\n\n\n\n<p class=\"has-text-align-center\"><\/p>\n<\/div>\n\n\n\n<div class=\"wp-block-column is-layout-flow wp-block-column-is-layout-flow\"><div class=\"wp-block-image\">\n<figure class=\"aligncenter size-full is-resized\"><img loading=\"lazy\" decoding=\"async\" width=\"512\" height=\"512\" src=\"https:\/\/www.logotherapie-bodensee.ch\/wp-content\/uploads\/2024\/09\/pngwing.com3_.png\" alt=\"\" class=\"wp-image-1078\" style=\"width:80px;height:80px\" srcset=\"https:\/\/www.logotherapie-bodensee.ch\/wp-content\/uploads\/2024\/09\/pngwing.com3_.png 512w, https:\/\/www.logotherapie-bodensee.ch\/wp-content\/uploads\/2024\/09\/pngwing.com3_-300x300.png 300w, https:\/\/www.logotherapie-bodensee.ch\/wp-content\/uploads\/2024\/09\/pngwing.com3_-150x150.png 150w\" sizes=\"auto, (max-width: 512px) 100vw, 512px\" \/><\/figure>\n<\/div>\n\n\n<p class=\"has-text-align-center\"><strong><strong>Familientherapie f\u00fcr die ganze Familie<\/strong><\/strong><\/p>\n\n\n\n<p class=\"has-text-align-center\"><\/p>\n<\/div>\n<\/div>\n\n\n\n<div class=\"wp-block-columns is-layout-flex wp-container-core-columns-is-layout-9d6595d7 wp-block-columns-is-layout-flex\">\n<div class=\"wp-block-column is-layout-flow wp-block-column-is-layout-flow\"><div class=\"wp-block-image\">\n<figure class=\"aligncenter size-full is-resized\"><img loading=\"lazy\" decoding=\"async\" width=\"512\" height=\"512\" src=\"https:\/\/www.logotherapie-bodensee.ch\/wp-content\/uploads\/2024\/09\/pngwing.com5_.png\" alt=\"\" class=\"wp-image-1077\" style=\"width:80px;height:80px\" srcset=\"https:\/\/www.logotherapie-bodensee.ch\/wp-content\/uploads\/2024\/09\/pngwing.com5_.png 512w, https:\/\/www.logotherapie-bodensee.ch\/wp-content\/uploads\/2024\/09\/pngwing.com5_-300x300.png 300w, https:\/\/www.logotherapie-bodensee.ch\/wp-content\/uploads\/2024\/09\/pngwing.com5_-150x150.png 150w\" sizes=\"auto, (max-width: 512px) 100vw, 512px\" \/><\/figure>\n<\/div>\n\n\n<p class=\"has-text-align-center\"><strong><strong><strong>Farb &#8211; Diagnose f\u00fcr Kinder ab dem 7. Lebensjahr mit textlichen Erl\u00e4uterungen<\/strong><\/strong><\/strong><\/p>\n\n\n\n<p class=\"has-text-align-center\"><\/p>\n<\/div>\n\n\n\n<div class=\"wp-block-column is-layout-flow wp-block-column-is-layout-flow\"><div class=\"wp-block-image\">\n<figure class=\"aligncenter size-full is-resized\"><img loading=\"lazy\" decoding=\"async\" width=\"982\" height=\"846\" src=\"https:\/\/www.logotherapie-bodensee.ch\/wp-content\/uploads\/2024\/09\/pngwing.com7_.png\" alt=\"\" class=\"wp-image-1076\" style=\"width:80px;height:80px\" srcset=\"https:\/\/www.logotherapie-bodensee.ch\/wp-content\/uploads\/2024\/09\/pngwing.com7_.png 982w, https:\/\/www.logotherapie-bodensee.ch\/wp-content\/uploads\/2024\/09\/pngwing.com7_-300x258.png 300w, https:\/\/www.logotherapie-bodensee.ch\/wp-content\/uploads\/2024\/09\/pngwing.com7_-768x662.png 768w\" sizes=\"auto, (max-width: 982px) 100vw, 982px\" \/><\/figure>\n<\/div>\n\n\n<p class=\"has-text-align-center\"><strong><strong><strong>Farb &#8211; Diagnose f\u00fcr Verliebte mit&nbsp; aufschlussreichen Texten<\/strong><\/strong><\/strong><\/p>\n\n\n\n<p class=\"has-text-align-center\"><\/p>\n<\/div>\n\n\n\n<div class=\"wp-block-column is-layout-flow wp-block-column-is-layout-flow\"><div class=\"wp-block-image\">\n<figure class=\"aligncenter size-full is-resized\"><img loading=\"lazy\" decoding=\"async\" width=\"980\" height=\"913\" src=\"https:\/\/www.logotherapie-bodensee.ch\/wp-content\/uploads\/2024\/09\/pngwing.com4_.png\" alt=\"\" class=\"wp-image-1075\" style=\"width:80px;height:80px\" srcset=\"https:\/\/www.logotherapie-bodensee.ch\/wp-content\/uploads\/2024\/09\/pngwing.com4_.png 980w, https:\/\/www.logotherapie-bodensee.ch\/wp-content\/uploads\/2024\/09\/pngwing.com4_-300x279.png 300w, https:\/\/www.logotherapie-bodensee.ch\/wp-content\/uploads\/2024\/09\/pngwing.com4_-768x715.png 768w\" sizes=\"auto, (max-width: 980px) 100vw, 980px\" \/><\/figure>\n<\/div>\n\n\n<p class=\"has-text-align-center\"><strong><strong><strong>L\u00fcscher-Test-Diagnose f\u00fcr Erwachsene mit einer schriftlichen, individuellen Computerauswertung.<\/strong><\/strong><\/strong><\/p>\n\n\n\n<p class=\"has-text-align-center\"><\/p>\n<\/div>\n<\/div>\n\n\n\n<p class=\"has-medium-font-size\"><\/p>\n\n\n\n<p class=\"has-medium-font-size\"><\/p>\n<\/div><\/div>\n\n\n\n<p>Pers\u00f6nlich und vertrauliche Beurteilung des emotionalen Zustandes und des&nbsp; psychisch-somatischen Verhaltens =&nbsp; die Entdeckung der pers\u00f6nlichen F\u00e4higkeiten, die g\u00fcnstig und f\u00f6rdernd sind, werden je nach Wirkungsgrad mit einem bis drei Pluszeichen (+) markiert.&nbsp; Bereiche, die eine \u00fcberh\u00f6hte psychische Stress-Belastung haben, sind je nach Schweregrad mit einem bis drei Sternchen (*) markiert.<\/p>\n\n\n\n<p>2013 wurde die Max L\u00fcscher Stiftung gegr\u00fcndet, um die Validierung, die Anwendung und die Verbreitung der L\u00fcscher-Diagnostik AG zu f\u00f6rdern. Hier finden Sie auch einen ausf\u00fchrlichen Nachruf zu seinem erfolgreichen Leben.<\/p>\n\n\n\n<p style=\"font-size:17px\"><strong>Informationen \u00fcber die L\u00fcscher-Diagnostik:<\/strong> <strong>Internet:<\/strong> <strong><a href=\"http:\/\/www.luscher-color.com\/\">www.luscher-color.com,<\/a>&nbsp; &nbsp;email:<\/strong> <a href=\"mailto:info@luscher-color.com\">mailto:info@luscher-color.com<\/a><\/p>\n\n\n\n<p class=\"has-large-font-size\"><strong>Drei bedeutende B\u00fccher<\/strong><\/p>\n\n\n\n<div class=\"wp-block-media-text alignwide is-stacked-on-mobile is-vertically-aligned-center has-background\" style=\"background-color:#f1f5c7;grid-template-columns:28% auto\"><figure class=\"wp-block-media-text__media\"><img loading=\"lazy\" decoding=\"async\" width=\"1000\" height=\"609\" src=\"https:\/\/www.logotherapie-bodensee.ch\/wp-content\/uploads\/2023\/02\/book.png\" alt=\"\" class=\"wp-image-122 size-full\" srcset=\"https:\/\/www.logotherapie-bodensee.ch\/wp-content\/uploads\/2023\/02\/book.png 1000w, https:\/\/www.logotherapie-bodensee.ch\/wp-content\/uploads\/2023\/02\/book-300x183.png 300w, https:\/\/www.logotherapie-bodensee.ch\/wp-content\/uploads\/2023\/02\/book-768x468.png 768w\" sizes=\"auto, (max-width: 1000px) 100vw, 1000px\" \/><\/figure><div class=\"wp-block-media-text__content\">\n<div class=\"wp-block-group\" style=\"padding-top:2em;padding-right:2em;padding-bottom:2em;padding-left:2em\"><div class=\"wp-block-group__inner-container is-layout-flow wp-block-group-is-layout-flow\">\n<p class=\"has-text-align-right\" style=\"font-size:36px;line-height:1.2\"><strong><strong><strong><strong><strong>\u201eDer 4-Farben Mensch<\/strong><\/strong><\/strong><\/strong><\/strong><strong><strong><strong><strong><strong>\u201c<\/strong><\/strong><\/strong><\/strong><\/strong><\/p>\n\n\n\n<p class=\"has-text-align-right has-extra-small-font-size\"><strong>Max L\u00fcscher, Der 4-Farben Mensch,<\/strong> der Weg zum inneren Gleichgewicht, Goldmann Verlag, <strong>ISBN<\/strong>&nbsp; 3-442-13610-5 , Farben als Sprache des Unbewussten, mit dem neuen L\u00fcscher-Farbtest. Rot, Gr\u00fcn, Blau und Gelb stehen f\u00fcr die 4 normalen Selbstgef\u00fchle des Menschen: Selbstvertrauen, Selbstachtung, Zufriedenheit und innere Freiheit. Der neue L\u00fcscher-Farbtest bietet angewandte Psychologie im besten Sinne- ein Schl\u00fcssel zur optimalen Bew\u00e4ltigung des Alltags.<\/p>\n<\/div><\/div>\n<\/div><\/div>\n\n\n\n<p><\/p>\n\n\n\n<div class=\"wp-block-media-text alignwide has-media-on-the-right is-stacked-on-mobile is-vertically-aligned-center has-background\" style=\"background-color:#f1f5c7;grid-template-columns:auto 28%\"><div class=\"wp-block-media-text__content\">\n<div class=\"wp-block-group\" style=\"padding-top:2em;padding-right:2em;padding-bottom:2em;padding-left:2em\"><div class=\"wp-block-group__inner-container is-layout-flow wp-block-group-is-layout-flow\">\n<p class=\"has-text-align-right\" style=\"font-size:36px;line-height:1.2\"><strong><strong><strong><strong><strong>\u201eDas Harmonie-Gesetz in uns<\/strong><\/strong><\/strong><\/strong><\/strong><strong><strong><strong><strong><strong>\u201c<\/strong><\/strong><\/strong><\/strong><\/strong><\/p>\n\n\n\n<p class=\"has-text-align-right has-extra-small-font-size\"><strong>Max L\u00fcscher, Das Harmonie-Gesetz in uns,<\/strong>der Klassiker der neuen Richtungen, Econ-Taschenbuch-Verlag, <strong>ISBN<\/strong>&nbsp; 3-612-26090-1 \u201eDer Mensch sucht ja auch nach der Harmonie als Gleichgewichtsverh\u00e4ltnis zwischen sich und der Welt. Diese Harmonie ist abhanden gekommen, wenn jemand am Sinn des Lebens zweifelt. L\u00fcscher hat diese uralte Weisheit&nbsp; mit den Mitteln der modernen Psychologie neu fundiert.\u201c ( Die Welt )<\/p>\n<\/div><\/div>\n<\/div><figure class=\"wp-block-media-text__media\"><img loading=\"lazy\" decoding=\"async\" width=\"1000\" height=\"609\" src=\"https:\/\/www.logotherapie-bodensee.ch\/wp-content\/uploads\/2023\/02\/book.png\" alt=\"\" class=\"wp-image-122 size-full\" srcset=\"https:\/\/www.logotherapie-bodensee.ch\/wp-content\/uploads\/2023\/02\/book.png 1000w, https:\/\/www.logotherapie-bodensee.ch\/wp-content\/uploads\/2023\/02\/book-300x183.png 300w, https:\/\/www.logotherapie-bodensee.ch\/wp-content\/uploads\/2023\/02\/book-768x468.png 768w\" sizes=\"auto, (max-width: 1000px) 100vw, 1000px\" \/><\/figure><\/div>\n\n\n\n<p><\/p>\n\n\n\n<div class=\"wp-block-media-text alignwide is-stacked-on-mobile is-vertically-aligned-center has-background\" style=\"background-color:#f1f5c7;grid-template-columns:28% auto\"><figure class=\"wp-block-media-text__media\"><img loading=\"lazy\" decoding=\"async\" width=\"1000\" height=\"609\" src=\"https:\/\/www.logotherapie-bodensee.ch\/wp-content\/uploads\/2023\/02\/book.png\" alt=\"\" class=\"wp-image-122 size-full\" srcset=\"https:\/\/www.logotherapie-bodensee.ch\/wp-content\/uploads\/2023\/02\/book.png 1000w, https:\/\/www.logotherapie-bodensee.ch\/wp-content\/uploads\/2023\/02\/book-300x183.png 300w, https:\/\/www.logotherapie-bodensee.ch\/wp-content\/uploads\/2023\/02\/book-768x468.png 768w\" sizes=\"auto, (max-width: 1000px) 100vw, 1000px\" \/><\/figure><div class=\"wp-block-media-text__content\">\n<div class=\"wp-block-group\" style=\"padding-top:2em;padding-right:2em;padding-bottom:2em;padding-left:2em\"><div class=\"wp-block-group__inner-container is-layout-flow wp-block-group-is-layout-flow\">\n<p class=\"has-text-align-right\" style=\"font-size:36px;line-height:1.2\"><strong><strong><strong><strong><strong>\u201eKonfliktfreie Liebe<\/strong><\/strong><\/strong><\/strong><\/strong><strong><strong><strong><strong><strong>\u201c<\/strong><\/strong><\/strong><\/strong><\/strong><\/p>\n\n\n\n<p class=\"has-text-align-right has-extra-small-font-size\"><strong>Prof. Dr. Max L\u00fcscher, Konfliktfreie Liebe, <\/strong>ein Wegweiser zur Harmonie, Bastei-Verlag, <strong>ISBN<\/strong>&nbsp; 3-404-66355-1.&nbsp; Fast jeder kennt das Gef\u00fchl der Unsicherheit, das am Anfang einer Beziehung steht. Schnell fragt man sich: Ist das wirklich der oder die Richtige f\u00fcr mich? Entt\u00e4uschungen und Irrwege lassen sich vermeiden, wenn man von Prof. Dr. Max L\u00fcscher lernt, was Verliebtheit, was echte Liebe, was echte Freundschaft und was nicht mehr als eine blosse Interessengemeinschaft ist.<\/p>\n<\/div><\/div>\n<\/div><\/div>\n\n\n\n<h4 class=\"wp-block-heading\"><\/h4>\n\n\n\n<p><\/p>\n\n\n\n<h4 class=\"wp-block-heading has-large-font-size\"><a><\/a><strong>Therapeutische Ziele<\/strong><\/h4>\n\n\n\n<p>Es besteht f\u00fcr jedermann die Chance, neue Lebenskr\u00e4fte in der Gegenwart selber zu entdecken und zu erarbeiten.&nbsp; Damit w\u00e4chst auch wieder das Selbstvertrauen f\u00fcr die Zukunft,&nbsp; mehr Mut zu vermehrter Eigenverantwortung,&nbsp; Erfahren und \u00dcben von eigenen Gef\u00fchlswahrnehmungen.<\/p>\n\n\n\n<p><br>&nbsp;<strong>Nicht die therapeutische Methode ist die Chance, sondern die eigene, aktive Mitarbeit ist entscheidend, das ist das Geheimnis f\u00fcr den pers\u00f6nlichen Erfolg.<\/strong><\/p>\n\n\n\n<ul class=\"wp-block-list\">\n<li><strong>Der vierte Grundpfeiler:&nbsp; <\/strong>meiner Angebote ist die Klienten-zentrierte <strong>Gespr\u00e4chs-Psychotherapie<\/strong> nach Carl Rogers, USA und Reinhard Tausch, Hamburg mit den international anerkannten Gespr\u00e4chs- Techniken.<\/li>\n<\/ul>\n\n\n\n<p><strong>Die L\u00fcscher &#8211; Farb &#8211; Diagnostik eignet sich auch sehr gut f\u00fcr die Logotherapeutische Lebensberatung<\/strong><\/p>\n\n\n\n<p>Auch Max L\u00fcscher hat Viktor E. Frankl pers\u00f6nlich gekannt und sich mit der Logotherapie und Existenzanalyse auseinandergesetzt. Die Logotherapie V. E. Frankls hat es mit dem konkreten Sinn \u2013 in einer konkreten Situation zu tun \u2013 in der sich die konkrete Person zurzeit&nbsp; befindet.<\/p>\n\n\n\n<p><strong>Der Mensch<\/strong> ist von Natur aus in einer sozial-\u00f6kologischen Ganzheit integriert und kann sich, dank seiner geistigen F\u00e4higkeit \u2013 dem eigenen Willen \u2013 auch f\u00fcr kurze Zeit zur\u00fcckziehen, alleine sein.<\/p>\n\n\n\n<p><strong>Im Grunde<\/strong> liegt aber der ureigene Wunsch nahe, sich mit einem Freund\/in, einem Lebenspartner oder Vertrauensperson einzulassen. Er kann sich so in einem vertrauten Dialog oder Gedankenaustausch auseinandersetzen.<\/p>\n\n\n\n<p><strong>Von Zeit zu Zeit<\/strong> gibt es auch unterschiedliche Meinungen und es kann zu Spannungen kommen, die im Grunde normal sind, an denen man aber auch wachsen kann. Dieser Spannungsbogen zwischen&nbsp; <strong>SEIN und SOLLEN<\/strong>&nbsp; fordert uns zu Reaktionen heraus, die nicht immer sinnvoll sind. Hieraus&nbsp; k\u00f6nnen sich nun Konflikte entwickeln, die uns oft als unl\u00f6sbare Probleme erscheinen, aber l\u00f6sbar sind.<\/p>\n\n\n\n<p><strong>Ein neutraler Lebensberater<\/strong> kann jetzt die Chance sein, wenn dieses Hilfsangebot <strong>fr\u00fchzeitig<\/strong> angenommen wird. Gerade f\u00fcr solche Situationen bietet die L\u00fcscher Farb-Diagnostik&nbsp; aufschlussreiche Techniken an.<\/p>\n\n\n\n<p><strong>Der Logotherapeut \/ in<\/strong>&nbsp; ist behilflich bei der gemeinsamen Suche nach den noch vorhandenen, <strong>gesunden&nbsp; Anteilen,<\/strong> die in jedem Menschen schlummern oder verborgen sind, aber ohne das St\u00f6rungsfeld aus den Augen zu verlieren.<\/p>\n\n\n\n<p><strong>In diesem Sinne<\/strong> werden zuerst die eigenen Selbstheilungskr\u00e4fte herausgefordert und unterst\u00fctzend gef\u00f6rdert. Das ist ein wesentlicher Unterschied zu anderen Therapierichtungen, die meistens zuerst das Problemfeld aufrollen&nbsp; oder hinterfragen, dieses sofort&nbsp; behandeln wollen.<\/p>\n\n\n\n<p class=\"has-text-align-center has-large-font-size\"><strong>Es ist darum nie zu sp\u00e4t, etwas Sinnvolles zu versuchen und&nbsp; auch in die Tat&nbsp; umzusetzen.<\/strong><\/p>\n\n\n\n<p class=\"has-text-align-center has-medium-font-size\"><strong>Wer sich der Torschlusspanik hingibt, der vergisst, dass sich neue Tore \u00f6ffnen, w\u00e4hrend sich die alten schliessen, sagte V.E. Frankl<\/strong><\/p>\n\n\n\n<div class=\"wp-block-buttons is-content-justification-center is-layout-flex wp-container-core-buttons-is-layout-16018d1d wp-block-buttons-is-layout-flex\">\n<div class=\"wp-block-button\"><a class=\"wp-block-button__link wp-element-button\" href=\"#neve_body\">Nach oben<\/a><\/div>\n<\/div>\n","protected":false},"excerpt":{"rendered":"<p>Max L\u00fcscher ist der Begr\u00fcnder des Klinischen L\u00fcscher-Tests \u00fcber die Autoregulations Psychologie. 1947 ver\u00f6ffentlichte er den non-verbalen L\u00fcscher-Farbentest. Er wurde&nbsp; in 29 Sprachen \u00fcbersetzt. Als L\u00fcscher-Color-Diagnostik, als \u201eR\u00f6ntgenbild der Psyche\u201c ist er die auf der Welt&nbsp; am weitesten verbreitete psycho-somatische Personal- und Pers\u00f6nlichkeitsanalyse. Der klinische Test ist ein multi-dimensionaler Pers\u00f6nlichkeitstest. Die speziellen Testfarben wurden konzeptionell&hellip;&nbsp;<a href=\"https:\/\/www.logotherapie-bodensee.ch\/?page_id=138\" class=\"\" rel=\"bookmark\">Weiterlesen &raquo;<span class=\"screen-reader-text\">L\u00fcscher Farbtherapie<\/span><\/a><\/p>\n","protected":false},"author":1,"featured_media":0,"parent":96,"menu_order":0,"comment_status":"closed","ping_status":"closed","template":"","meta":{"neve_meta_sidebar":"","neve_meta_container":"","neve_meta_enable_content_width":"","neve_meta_content_width":0,"neve_meta_title_alignment":"","neve_meta_author_avatar":"","neve_post_elements_order":"","neve_meta_disable_header":"","neve_meta_disable_footer":"","neve_meta_disable_title":"","footnotes":""},"class_list":["post-138","page","type-page","status-publish","hentry"],"_links":{"self":[{"href":"https:\/\/www.logotherapie-bodensee.ch\/index.php?rest_route=\/wp\/v2\/pages\/138","targetHints":{"allow":["GET"]}}],"collection":[{"href":"https:\/\/www.logotherapie-bodensee.ch\/index.php?rest_route=\/wp\/v2\/pages"}],"about":[{"href":"https:\/\/www.logotherapie-bodensee.ch\/index.php?rest_route=\/wp\/v2\/types\/page"}],"author":[{"embeddable":true,"href":"https:\/\/www.logotherapie-bodensee.ch\/index.php?rest_route=\/wp\/v2\/users\/1"}],"replies":[{"embeddable":true,"href":"https:\/\/www.logotherapie-bodensee.ch\/index.php?rest_route=%2Fwp%2Fv2%2Fcomments&post=138"}],"version-history":[{"count":31,"href":"https:\/\/www.logotherapie-bodensee.ch\/index.php?rest_route=\/wp\/v2\/pages\/138\/revisions"}],"predecessor-version":[{"id":1660,"href":"https:\/\/www.logotherapie-bodensee.ch\/index.php?rest_route=\/wp\/v2\/pages\/138\/revisions\/1660"}],"up":[{"embeddable":true,"href":"https:\/\/www.logotherapie-bodensee.ch\/index.php?rest_route=\/wp\/v2\/pages\/96"}],"wp:attachment":[{"href":"https:\/\/www.logotherapie-bodensee.ch\/index.php?rest_route=%2Fwp%2Fv2%2Fmedia&parent=138"}],"curies":[{"name":"wp","href":"https:\/\/api.w.org\/{rel}","templated":true}]}}