{"id":147,"date":"2023-02-06T09:39:20","date_gmt":"2023-02-06T09:39:20","guid":{"rendered":"https:\/\/helmutpatzer.it9cloud.ch\/?page_id=147"},"modified":"2024-09-09T08:51:58","modified_gmt":"2024-09-09T08:51:58","slug":"beratungsbeispiele","status":"publish","type":"page","link":"https:\/\/www.logotherapie-bodensee.ch\/?page_id=147","title":{"rendered":"Beratungsbeispiele"},"content":{"rendered":"\n<p class=\"has-large-font-size\"><strong>Sinnorientierte Lebenshilfe<\/strong><\/p>\n\n\n\n<p class=\"has-medium-font-size\"><strong>Wie Leben gelingen kann aus logotherapeutischer Sichtweise<\/strong><\/p>\n\n\n\n<p><strong>Erziehung ist kein Kinderspiel<\/strong><\/p>\n\n\n\n<p>Das wissen alle Eltern oder alleinerziehende M\u00fctter und V\u00e4ter. Die neutrale Beratung ist daher eine Chance in Zeiten, wo Menschen, Eltern, Kinder oder Jugendliche in eine pers\u00f6nliche Krise geraten. Wenn Eltern nicht erziehen, sind Kinder chancenlos. <strong>&nbsp;\u201eMan muss einem Kinde viel Liebe geben und zeigen; denn einmal muss der Mensch empfangen haben, um weiterzugeben, was ihm in der Jugend an Liebe zustr\u00f6mte.\u201c<\/strong>&nbsp;&nbsp;&nbsp; Emmy Ball-Hennings<\/p>\n\n\n\n<p><br>Ein wichtiges Ziel ist vor allem bei der Erziehung, Vertrauen,&nbsp;W\u00e4rme und Geborgenheit&nbsp;zu vermitteln, klare Grenzen zu setzen und Anleitung f\u00fcr einen autoritativen Erziehungsstil zu geben, um baldm\u00f6glichst&nbsp; Eigenverantwortung und Selbst\u00e4ndigkeit \u00fcbernehmen zu k\u00f6nnen. Der Alltag pr\u00e4gt uns Menschen und die Gesundheit mit ausreichender Bewegung, abwechslungsreicher Ern\u00e4hrung und ausgleichender Entspannung.<\/p>\n\n\n\n<p><br>Beratungsgespr\u00e4che sind f\u00fcr mich ein vertraulicher Gedankenaustausch, ein gegenseitiges Abtasten auf der Suche nach vorhandenen M\u00f6glichkeiten, F\u00e4higkeiten und St\u00e4rken im Umgang bei allt\u00e4glichen Problemen. Die Suche nach negativen Beispielen aus der Vergangenheit&nbsp; versprechen&nbsp; kaum einen positiven Erfolg. <strong>\u201eWir sind verantwortlich f\u00fcr das, was wir tun, aber auch f\u00fcr das, was wir nicht tun.\u201c<\/strong>&nbsp;&nbsp;&nbsp;&nbsp; Voltaire<br><br>Meine logotherapeutische Ausbildungsleiterin, Frau Dr. habil. Elisabeth&nbsp; Lukas, sagte einmal im Zusammenhang in ihrer Gespr\u00e4chstherapie: <strong>&#8221; Vers\u00f6hnung ist das Wunder, das Wunden schliesst.&#8221;<\/strong><\/p>\n\n\n\n<p class=\"has-large-font-size\">Beispiel<\/p>\n\n\n\n<p>Eine Mutter fragte telefonisch an, ob sie mit ihrer 9 j\u00e4hrigen<strong> <\/strong>Tochter f\u00fcr ein Gespr\u00e4ch vorbeikommen kann.Ich machte sie darauf aufmerksam, dass ich nur f\u00fcr ein gemeinsames<strong>&nbsp;<\/strong>Gespr\u00e4ch bereit bin,wenn auch das Einverst\u00e4ndnis des Kindes vorhanden ist. F\u00fcr eine ehrliche Arbeit&nbsp; ist dieses unerl\u00e4sslich.<\/p>\n\n\n\n<p>Ein Erstgespr\u00e4ch geht in der Regel nicht l\u00e4nger&nbsp;als eine&nbsp; Stunde,&nbsp; kostet Fr. 30.00 und wird meistens&nbsp;&nbsp;vom eigenen Taschengeld bezahlt.<\/p>\n\n\n\n<p>Ich h\u00f6re gespannt zu, unterbreche auch mal das Gespr\u00e4ch, wenn ich etwas noch genauer erkl\u00e4rt haben m\u00f6chte. Dann mache ich Vorschl\u00e4ge f\u00fcr das weitere Vorgehen und gebe der Mutter Informationsmaterial zum studieren mit. Ich frage aber auch das Kind, was es denn gerne&nbsp; von den Angeboten&nbsp;machen w\u00fcrde.<br><br>Dieses 9 j\u00e4hrige M\u00e4dchen hatte sich f\u00fcr die L\u00fcscher Farbw\u00fcrfel entschieden. Sie eignen sich zur Selbsterfahrung und Pers\u00f6nlichkeitsbeurteilung. Die n\u00e4chste Terminabsprache erfolgt dann nur auf einer freiwilligen&nbsp;Basis, das Kind entscheidet, ob und wann es wiederkommen m\u00f6chte.&nbsp;Ebenfalls frage ich das Kind, ob die Mutter bei dem Gespr\u00e4ch und Farbentest dabei sein darf.<br>In diesem Beratungsbeispiel entschied sich das M\u00e4dchen, den Test alleine machen zu k\u00f6nnen, die Mutter wartete bei mir im Wohnzimmer und erhielt eine lebensbejahende Lekt\u00fcre.<\/p>\n\n\n\n<p>Solche Gespr\u00e4che und Testbeispiele dauern meistens nicht l\u00e4nger als eine Stunde. Bei den weiteren Auswertungsgespr\u00e4chen durfte die Mutter wieder dabei sein.<br><br>Nach drei Treffen war das M\u00e4dchen zufrieden mit unserer gemeinsamen Suche nach praktischer Lebenshilfe.<br><br>6 Monate sp\u00e4ter sah ich das M\u00e4dchen unverhofft auf dem Schulweg, es winkte mir freundlich zu und auch die Mutter traf ich zuf\u00e4llig&nbsp; in einem Laden. Sie best\u00e4tige mir, wie erfreulich sich ihre Tochter nach unseren Gespr\u00e4chen weiterentwickelt hat. Das gegenseitige Vertrauen sei wieder gefestigt, sie sei auch selbst\u00e4ndiger geworden und nehme die Eigenverantwortung&nbsp; ernster. Ein wahres Happyend.&nbsp; &nbsp;<\/p>\n\n\n\n<p>&nbsp;&nbsp;&nbsp; &nbsp;&nbsp; &nbsp;&nbsp;&nbsp; &nbsp;&nbsp;&nbsp; &nbsp;&nbsp;&nbsp; &nbsp;&nbsp;&nbsp; &nbsp;&nbsp;&nbsp; &nbsp;&nbsp;&nbsp;&nbsp;<br>In den Gespr\u00e4chen mit Kindern, Jugendlichen und jungen Erwachsenen sind lebensbejahende Gef\u00fchle ein wichtiges Ziel. Sie sind Grundbausteine f\u00fcr ein erfolgreiches Leben und k\u00f6nnen zur&nbsp; St\u00e4rkung, zu einer allgemeinen Lebensfreude f\u00fchren.<\/p>\n\n\n\n<p><br>F\u00fcr mich ist es immer spannend und aufregend, wie selbst Kinder sehr rasch ihr eigenes Selbstbewusstsein entdecken und zu ihrem teils unbesch\u00e4digten Selbstvertrauen zur\u00fcckfinden.<br>&nbsp;&nbsp;&nbsp; &nbsp;&nbsp; &nbsp;&nbsp; &nbsp;&nbsp; &nbsp;&nbsp; &nbsp;&nbsp; &nbsp;&nbsp; &nbsp;&nbsp; &nbsp;&nbsp; &nbsp;&nbsp; &nbsp;&nbsp; &nbsp;&nbsp; &nbsp;&nbsp; &nbsp;&nbsp; &nbsp;&nbsp;<br>R\u00fcckschl\u00e4ge, die zum aktiven Leben geh\u00f6ren, werden schneller aufgefangen und leichter verarbeitet.<\/p>\n\n\n\n<p class=\"has-large-font-size\"><strong>Beobachten Sie einmal spielende Kinder auf einem Spielplatz<\/strong><\/p>\n\n\n\n<p>L\u00e4sst man ihnen einen gewissen Freiraum, werden sie erstaunlich kreativ. Ohne auf sich selbst zu achten, entfalten sie in der Gruppe ungeahnte F\u00e4higkeiten und wachsen auch geistig, k\u00f6rperlich und emotional \u00fcber sich selbst hinaus. Logotherapeutisch gesehen nannte V.E. Frankl&nbsp; das Selbsttranszendenz.<br><br>Nat\u00fcrlich passiert das auch bei Jugendlichen und Erwachsenen unter g\u00fcnstigen Bedingungen. Mit einem herzhaften Lachen stecken Sie Ihre Umgebung an. Lachen ist gesund und entspannt.&nbsp;&nbsp; &nbsp;&nbsp; &nbsp;&nbsp; &nbsp;&nbsp; &nbsp;&nbsp; &nbsp;&nbsp; &nbsp;&nbsp; &nbsp;&nbsp; &nbsp;&nbsp; &nbsp;&nbsp; &nbsp;&nbsp; &nbsp;&nbsp; &nbsp;&nbsp; &nbsp;&nbsp; &nbsp;&nbsp;<br><br>Menschen mit Humor und Lebensfreude k\u00f6nnen auch andere Mitmenschen begeistern. Musik und aufbauende Literatur, eine intakte Natur und Umwelt k\u00f6nnen zu einer positiven Lebenseinstellung beitragen, die Realit\u00e4t und die M\u00f6glichkeiten sind vielseitig.<\/p>\n\n\n\n<p><br>All das kann leider auch im zwischenmenschlichen Zusammenleben&nbsp; zu Spannungen f\u00fchren, was wir alle im Schulbetrieb, in der Ehe- oder Paarbeziehung, im Berufsleben, in Freizeit und Hobby erleben. Treten Sie nicht am Ort, sondern kr\u00e4ftig in die Pedale.<\/p>\n\n\n\n<p>&nbsp;&nbsp; &nbsp;&nbsp; &nbsp;&nbsp; &nbsp;&nbsp; &nbsp;&nbsp; &nbsp;&nbsp; &nbsp;&nbsp; &nbsp;&nbsp; &nbsp;&nbsp; &nbsp;&nbsp; &nbsp;&nbsp; &nbsp;&nbsp; &nbsp;&nbsp; &nbsp;&nbsp; &nbsp;&nbsp;<br>Oft spielt dann Neid und Missgunst eine entscheidende Rolle, die zu Problemen und Widerwertigkeiten ausarten k\u00f6nnen.&nbsp;In solch spannungsgeladenen&nbsp; Situationen sollte ein Gespr\u00e4ch mit einer Fachfrau oder einem Fachmann ratsam erscheinen. &nbsp;<strong>Ein Versuch k\u00f6nnte sich lohnen.<\/strong>&nbsp; Warten Sie nicht zu lange, jetzt kommen Sie dran, sich zu entscheiden. Auch in der l\u00e4ngsten Warteschlange k\u00f6nnen Sie tief ein- und ausatmen. Dies macht die Warterei zur entspannenden Pause.&nbsp;&nbsp; &nbsp;&nbsp; &nbsp;&nbsp; &nbsp;&nbsp; &nbsp;&nbsp; &nbsp;&nbsp; &nbsp;&nbsp; &nbsp;&nbsp; &nbsp;&nbsp; &nbsp;&nbsp; &nbsp;&nbsp; &nbsp;&nbsp; &nbsp;<br><br>Auf eine gemeinsame Suche nach etwas Sinnvollem, etwas ganz Neuem, eine neue Aufgabe als Herausforderung annehmen, <strong>sollte das Ziel sein.<\/strong> Das setzt aber voraus, das der- oder diejenigen Menschen lernen, sich&nbsp;auch von alten Verhaltensmustern zu distanzieren&nbsp;oder zu trennen. Dieses sind typisch, menschliche F\u00e4higkeiten, die in einem logo- therapeutischen Gespr\u00e4ch gemeinsam erarbeitet&nbsp; werden.<br><br>Sie haben richtig gelesen, das ist Arbeit, aber gemeinsam ist es meist einfacher und leichter. Ich biete Ihnen <strong>36 \u00dcbungen<\/strong> f\u00fcr Zuhause an. Fassen Sie Mut und Spielfreude und tun Sie bereits heute einen wichtigen Schritt f\u00fcr eine erfolgreiche Zukunft.<\/p>\n\n\n\n<p>Vor allem in der sportlichen Bet\u00e4tigung sind diese Lebensbeispiele einleuchtend und k\u00f6nnen ihre Begeisterung auch auf andere Menschen \u00fcbertragen. Somit leisten Sie einen wertvollen Beitrag f\u00fcr die ganze Gesellschaft und das ist sinnorientiert.<\/p>\n\n\n\n<p>Sie k\u00f6nnen diese kleine Brosch\u00fcre mit den 36 \u00dcbungen auch direkt beim Institut f\u00fcr Sozial- und Pr\u00e4ventivmedizin der Universit\u00e4t Z\u00fcrich beziehen,&nbsp; <strong><a href=\"http:\/\/www.gesundheitsfoerderung-zh.ch\/\">www.gesundheitsfoerderung-zh.ch<\/a><\/strong><\/p>\n\n\n\n<p class=\"has-large-font-size\"><strong>Wie werden wir zu Architekten unseres Lebens und Arbeitens?<\/strong><\/p>\n\n\n\n<p class=\"has-medium-font-size\">Aus dem Vortrag von Prof. Dr. Anna Maria Pircher-Friedrich, Meran, S\u00fcdtirol<\/p>\n\n\n\n<p>Die kollektive Neurose der heutigen Zeit ist eine Orientierungslosigkeit, die Sinnleere, die weit verbreitet und in allen Lebensbereichen vorhanden ist. Der heutige Mensch unterliegt einem ganz grossen Trugschluss, n\u00e4mlich der Meinung: \u201eWenn es <strong>mir<\/strong> gut geht, dann ist die Welt in Ordnung\u201c. Und damit vergisst er, wie Viktor Frankl so sch\u00f6n sagt: Menschliches Wesen heisst intentional sein, ausgerichtet sein auf anderes menschliches Sein und auf einen Sinn. Wenn wir also nur f\u00fcr uns arbeiten, wenn wir uns nur um unsere Bed\u00fcrfnisse und Interessen drehen, dann sind wir leer.<\/p>\n\n\n\n<p><strong>\u201eDer Sinn<\/strong> ist der Schrittmacher unseres Seins\u201c. <strong>Der Sinn ist not-wendig,<\/strong> weil er eine Not wendet. Und welche Not kann Sinn l\u00f6sen?&nbsp; <strong>Sinn<\/strong> kann viele N\u00f6te l\u00f6sen. Vor allem die Not dieser destruktiven Verhaltensweisen, wie sie heute \u00fcberall vorhanden sind. Die Menschen machen sich gegenseitig krank. <strong>\u201eSinn\u201c<\/strong>&nbsp; schiebt dem egoistischen Denken nach dem Motto \u201eHauptsache, mir geht es gut\u201c! endg\u00fcltig einen Riegel vor; <strong>denn Sinn intendiert das Gute,<\/strong> das Positive f\u00fcr alle Beteiligten.<\/p>\n\n\n\n<p>Und wenn wir das Positive f\u00fcr alle Beteiligten, inklusive f\u00fcr unsere Nachwelt, im Visier haben, dann k\u00f6nnen wir leben, und dann lassen wir die Anderen auch leben.<\/p>\n\n\n\n<p><strong>Sinn ist somit ein Auftrag. <\/strong>Und dazu m\u00fcssen wir wissen: Welche F\u00e4higkeiten haben wir, welche M\u00f6glichkeiten stecken in uns, die gelebt werden wollen, die entfaltet werden wollen, damit wir unsern Auftrag erf\u00fcllen k\u00f6nnen, damit wir unser Leben mit W\u00fcrde versehen k\u00f6nnen, damit wir auch werden, die wir sein k\u00f6nnen. Wenn wir uns selber finden, kann uns nichts mehr genommen werden.<\/p>\n\n\n\n<p class=\"has-large-font-size\"><strong>Weiterf\u00fchrende Literaturempfehlung<\/strong><\/p>\n\n\n\n<div class=\"wp-block-columns is-layout-flex wp-container-core-columns-is-layout-9d6595d7 wp-block-columns-is-layout-flex\">\n<div class=\"wp-block-column is-layout-flow wp-block-column-is-layout-flow\"><div class=\"wp-block-image\">\n<figure class=\"aligncenter size-full is-resized\"><img loading=\"lazy\" decoding=\"async\" width=\"1000\" height=\"609\" src=\"https:\/\/helmutpatzer.it9cloud.ch\/wp-content\/uploads\/2023\/02\/book.png\" alt=\"\" class=\"wp-image-122\" style=\"width:172px;height:104px\" srcset=\"https:\/\/www.logotherapie-bodensee.ch\/wp-content\/uploads\/2023\/02\/book.png 1000w, https:\/\/www.logotherapie-bodensee.ch\/wp-content\/uploads\/2023\/02\/book-300x183.png 300w, https:\/\/www.logotherapie-bodensee.ch\/wp-content\/uploads\/2023\/02\/book-768x468.png 768w\" sizes=\"auto, (max-width: 1000px) 100vw, 1000px\" \/><figcaption class=\"wp-element-caption\"> <\/figcaption><\/figure>\n<\/div>\n\n\n<h3 class=\"wp-block-heading has-text-align-center\"><strong><strong><strong>Mut zum Leben machen<\/strong><\/strong><\/strong><\/h3>\n\n\n\n<p class=\"has-text-align-center\"><strong>Boglarka Hadinger,&nbsp; \u201eMut zum Leben machen\u201c, <\/strong>Verlag Lebenskunst, &nbsp;<strong>ISBN<\/strong>&nbsp; 3-98036664-5-6, Selbstwertgef\u00fchl und Pers\u00f6nlichkeit von Kindern und Jugendlichen st\u00e4rken. Es ist gar nicht so schwer, Kinder auf dem Weg zu ihrer Pers\u00f6nlichkeitswerdung zu begleiten. <strong>Einerseits<\/strong> entwickelt sich vieles ohne unser Zutun aufgrund der besonderen Anlagen eines Kindes. Und wenn wir genauer hinsehen, dann k\u00f6nnen wir diese Anlagen auch genauer wahrnehmen und deren Entfaltung wohlwollend unterst\u00fctzen. <strong>Andererseits<\/strong> stellt sich nat\u00fcrlich die Frage: Was k\u00f6nnen wir als Erzieher tun oder unterlassen, damit unsere Kinder zu Pers\u00f6nlichkeiten werden?&nbsp; Damit sie gem\u00e4ss dem Leitsatz der Vereinten Nationen \u201eeinst mit Stolz den Namen <strong>\u201eMensch\u201c<\/strong> tragen\u201c? Die Begleitung eines Kindes wird gelingen, wenn wir jene Spielregeln kennenlernen, die die seelische Gesundheit eines kleinen Menschen langfristig f\u00f6rdern. Im vorliegenden Buch finden Sie die Spielregeln.<\/p>\n<\/div>\n\n\n\n<div class=\"wp-block-column is-layout-flow wp-block-column-is-layout-flow\"><div class=\"wp-block-image\">\n<figure class=\"aligncenter size-full is-resized\"><img loading=\"lazy\" decoding=\"async\" width=\"1000\" height=\"609\" src=\"https:\/\/helmutpatzer.it9cloud.ch\/wp-content\/uploads\/2023\/02\/book.png\" alt=\"\" class=\"wp-image-122\" style=\"width:172px;height:104px\" srcset=\"https:\/\/www.logotherapie-bodensee.ch\/wp-content\/uploads\/2023\/02\/book.png 1000w, https:\/\/www.logotherapie-bodensee.ch\/wp-content\/uploads\/2023\/02\/book-300x183.png 300w, https:\/\/www.logotherapie-bodensee.ch\/wp-content\/uploads\/2023\/02\/book-768x468.png 768w\" sizes=\"auto, (max-width: 1000px) 100vw, 1000px\" \/><figcaption class=\"wp-element-caption\"> <\/figcaption><\/figure>\n<\/div>\n\n\n<h3 class=\"wp-block-heading has-text-align-center\"><strong><strong>Das Leben meint mich<\/strong><\/strong><\/h3>\n\n\n\n<p class=\"has-text-align-center\"><strong>Uwe B\u00f6schemeyer,&nbsp; \u201eDas Leben meint mich\u201c, <\/strong>Ein Jahrbuch im Ellert &amp; Richterverlag, <strong>ISBN <\/strong>3-8319-0032-9, Die kleinen und grossen Sorgen des Alltags bringen uns dazu, uns selbst aus den Augen zu verlieren. Der Autor hilft uns mit Texten, die zur Selbstreflektion anregen, sich jeden Tag wiederzufinden und zu wachsen. Dieser Kompass zur Orientierung im Leben beschreibt konkret, welche Wege zu Sinn und Gl\u00fcck m\u00f6glich sind.<\/p>\n<\/div>\n<\/div>\n\n\n\n<div class=\"wp-block-columns is-layout-flex wp-container-core-columns-is-layout-9d6595d7 wp-block-columns-is-layout-flex\">\n<div class=\"wp-block-column is-layout-flow wp-block-column-is-layout-flow\"><div class=\"wp-block-image\">\n<figure class=\"aligncenter size-full is-resized\"><img loading=\"lazy\" decoding=\"async\" width=\"1000\" height=\"609\" src=\"https:\/\/helmutpatzer.it9cloud.ch\/wp-content\/uploads\/2023\/02\/book.png\" alt=\"\" class=\"wp-image-122\" style=\"width:172px;height:104px\" srcset=\"https:\/\/www.logotherapie-bodensee.ch\/wp-content\/uploads\/2023\/02\/book.png 1000w, https:\/\/www.logotherapie-bodensee.ch\/wp-content\/uploads\/2023\/02\/book-300x183.png 300w, https:\/\/www.logotherapie-bodensee.ch\/wp-content\/uploads\/2023\/02\/book-768x468.png 768w\" sizes=\"auto, (max-width: 1000px) 100vw, 1000px\" \/><figcaption class=\"wp-element-caption\"> <\/figcaption><\/figure>\n<\/div>\n\n\n<h3 class=\"wp-block-heading has-text-align-center\"><strong><strong><strong><strong>Kinderjahre<\/strong><\/strong><\/strong><\/strong><\/h3>\n\n\n\n<p class=\"has-text-align-center\">Remo H. Largo, \u201e Kinderjahre\u201c, Piper Verlag, ISBN&nbsp; 3-492-041 10-8, die Individualit\u00e4t des Kindes als erzieherische Herausforderung. Der bekannte Schweizer Arzt und Buchautor hat einige Fach- und Sachb\u00fccher f\u00fcr Kinder und Eltern ver\u00f6ffentlicht. Die bekanntesten sind: \u201eBaby-, Kinder-, Jugend- und Sch\u00fclerjahre und \u00fcber Scheidungskinder\u201c.<\/p>\n<\/div>\n\n\n\n<div class=\"wp-block-column is-layout-flow wp-block-column-is-layout-flow\"><div class=\"wp-block-image\">\n<figure class=\"aligncenter size-full is-resized\"><img loading=\"lazy\" decoding=\"async\" width=\"1000\" height=\"609\" src=\"https:\/\/helmutpatzer.it9cloud.ch\/wp-content\/uploads\/2023\/02\/book.png\" alt=\"\" class=\"wp-image-122\" style=\"width:172px;height:104px\" srcset=\"https:\/\/www.logotherapie-bodensee.ch\/wp-content\/uploads\/2023\/02\/book.png 1000w, https:\/\/www.logotherapie-bodensee.ch\/wp-content\/uploads\/2023\/02\/book-300x183.png 300w, https:\/\/www.logotherapie-bodensee.ch\/wp-content\/uploads\/2023\/02\/book-768x468.png 768w\" sizes=\"auto, (max-width: 1000px) 100vw, 1000px\" \/><figcaption class=\"wp-element-caption\"> <\/figcaption><\/figure>\n<\/div>\n\n\n<h3 class=\"wp-block-heading has-text-align-center\"><strong><strong><strong>Zwischen Urangst und Urvertrauen<\/strong><\/strong><\/strong><\/h3>\n\n\n\n<p class=\"has-text-align-center\">Monika Renz, \u201e Zwischen Urangst und Urvertrauen\u201c, Junfermann Verlag, Paderborn, ISBN&nbsp; 978-3-87387-723-8,\u201eAller Anfang ist \u00dcbergang\u201c, Musik, Symbol und Spiritualit\u00e4t&nbsp; inder therapeutischen Arbeit, erweiterte und aktualisierte Neuauflage, \u201eEin therapeutischer Ansatz, der Heilung konsequent mit spiritueller Erfahrung kombiniert und dennoch der entwicklungsm\u00e4ssigen Nachreifung Platz l\u00e4sst. Ein erstaunliches Werk \u2013 Musik-therapeutische Umschau.\u201c<\/p>\n<\/div>\n<\/div>\n\n\n\n<div class=\"wp-block-columns is-layout-flex wp-container-core-columns-is-layout-9d6595d7 wp-block-columns-is-layout-flex\">\n<div class=\"wp-block-column is-layout-flow wp-block-column-is-layout-flow\"><div class=\"wp-block-image\">\n<figure class=\"aligncenter size-full is-resized\"><img loading=\"lazy\" decoding=\"async\" width=\"1000\" height=\"609\" src=\"https:\/\/helmutpatzer.it9cloud.ch\/wp-content\/uploads\/2023\/02\/book.png\" alt=\"\" class=\"wp-image-122\" style=\"width:172px;height:104px\" srcset=\"https:\/\/www.logotherapie-bodensee.ch\/wp-content\/uploads\/2023\/02\/book.png 1000w, https:\/\/www.logotherapie-bodensee.ch\/wp-content\/uploads\/2023\/02\/book-300x183.png 300w, https:\/\/www.logotherapie-bodensee.ch\/wp-content\/uploads\/2023\/02\/book-768x468.png 768w\" sizes=\"auto, (max-width: 1000px) 100vw, 1000px\" \/><figcaption class=\"wp-element-caption\"> <\/figcaption><\/figure>\n<\/div>\n\n\n<h3 class=\"wp-block-heading has-text-align-center\"><strong><strong><strong><strong><strong>Ich werde noch lange Bl\u00fchen<\/strong><\/strong><\/strong><\/strong><\/strong><\/h3>\n\n\n\n<p class=\"has-text-align-center\"><strong>Maria Bianca Bischoff, \u201eIch werde noch lange Bl\u00fchen\u201c, <\/strong>Fehlerfroh ans Werk trotz Krebs!&nbsp; Verlag: tredition GmbH, Hamburg, \u201eHoffnung ist nicht die \u00dcberzeugung, dass etwas gut ausgeht, sondern die Gewissheit, dass etwas Sinn hat, egal wie es ausgeht\u201c. Vor sechs Jahren wurde bei der damals 54-j\u00e4hrigen Maria Bischoff Darmkrebs festgestellt. Von der Diagnose bis zur vollst\u00e4ndigen Heilung f\u00fchrte sie ein Tagebuch mit pers\u00f6nlichen Episoden und Gedanken. Daraus ist dieses Buch entstanden, aufbauende Gedichte und ermutigende Zitate erg\u00e4nzen den Text.<\/p>\n<\/div>\n\n\n\n<div class=\"wp-block-column is-layout-flow wp-block-column-is-layout-flow\"><div class=\"wp-block-image\">\n<figure class=\"aligncenter size-full is-resized\"><img loading=\"lazy\" decoding=\"async\" width=\"1000\" height=\"609\" src=\"https:\/\/helmutpatzer.it9cloud.ch\/wp-content\/uploads\/2023\/02\/book.png\" alt=\"\" class=\"wp-image-122\" style=\"width:172px;height:104px\" srcset=\"https:\/\/www.logotherapie-bodensee.ch\/wp-content\/uploads\/2023\/02\/book.png 1000w, https:\/\/www.logotherapie-bodensee.ch\/wp-content\/uploads\/2023\/02\/book-300x183.png 300w, https:\/\/www.logotherapie-bodensee.ch\/wp-content\/uploads\/2023\/02\/book-768x468.png 768w\" sizes=\"auto, (max-width: 1000px) 100vw, 1000px\" \/><figcaption class=\"wp-element-caption\"> <\/figcaption><\/figure>\n<\/div>\n\n\n<h3 class=\"wp-block-heading has-text-align-center\"><strong><strong><strong><strong>Die Weisheit des \u00dcberselbst<\/strong><\/strong><\/strong><\/strong><\/h3>\n\n\n\n<p><strong>Paul Brunton, \u201eDie Weisheit des \u00dcberselbst\u201c,<\/strong> Hermann Bauer KG \u2013 Verlag\/Freiburg I.BR.&nbsp; Der Verfasser, der&nbsp; sein Leben der Erforschung der tiefsten und verborgensten Lehren allasiatischer Philosophien widmete, hat es in einzigartiger Weise unternommen, uns, da er nun selbst am Gipfelpunkt seines Lebens und zugleich seiner Studien steht, als wohl einziger Europ\u00e4er, der je diese H\u00f6he erreichte, in einer auch dem westlichen Menschen verst\u00e4ndlicher Sprache und Deutung die Summe aller seiner Studien und Erfahrungen vorzulegen.<\/p>\n\n\n\n<p>Schon in den ersten Kapiteln erhalten wir Klarheit \u00fcber die Mentalit\u00e4t des Universums und werden zu der geheimsten Tiefe in uns selbst, dem \u00dcberselbst gef\u00fchrt, jenem G\u00f6ttlichen in uns, das uns zu einem Teil des universalen Weltgeistes macht.<\/p>\n\n\n\n<p>Mit dieser Erkenntnis hindert uns auch nichts mehr, das viel gef\u00fcrchtete Reich des Todes zu betreten, um es mit tiefbegr\u00fcndetem Wissen um das Letzte zu verlassen.<\/p>\n\n\n\n<p>Haben wir bisher den Weltgeist als das G\u00f6ttliche an sich erkannt, so sind wir nun genug vorbereitet, um den Verfasser die letzten Schleier vor der h\u00f6chsten Wirklichkeit l\u00fcften zu lassen.<\/p>\n\n\n\n<p>Friede allen, die diese Zeilen lesen, schreibt der Verfasser am Ende seines Werkes, und wirklich, Friede in innerer Stille bringt es allen, die es lesen.<\/p>\n<\/div>\n<\/div>\n\n\n\n<p class=\"has-large-font-size\"><strong>Spruchweisheiten<\/strong><\/p>\n\n\n\n<ul class=\"wp-block-list\">\n<li>\u201e<strong>Der eine wartet, dass die Zeit sich wandelt \u2013 der andere packt sie kr\u00e4ftig an und handelt.\u201c&nbsp; <\/strong>Dante&nbsp;&nbsp; \/&nbsp;&nbsp;&nbsp; <strong>\u201eFrag nicht, was das Leben dir gibt, frag, was du gibst.\u201c<\/strong>&nbsp; Alfred Adler&nbsp;&nbsp;&nbsp; \/&nbsp;&nbsp;&nbsp; <strong>&nbsp;\u201eGedankenfreiheit bedeutet nur dann etwas, wenn wir dazu imstande sind, unsere eigenen Gedanken zu haben.\u201c&nbsp;&nbsp; <\/strong>Erich Fromm&nbsp;&nbsp; &nbsp;&nbsp; \/&nbsp;&nbsp;&nbsp;&nbsp;&nbsp;&nbsp; <strong>\u201eAlles Grosse in unserer Welt geschieht nur, weil jemand mehr tut, als er muss.\u201c&nbsp;&nbsp;&nbsp;&nbsp; <\/strong>Hermann Gmeiner&nbsp;&nbsp;&nbsp;&nbsp;&nbsp;&nbsp;&nbsp;&nbsp;&nbsp;&nbsp;&nbsp;<\/li>\n<\/ul>\n\n\n\n<ul class=\"wp-block-list\">\n<li><strong>\u201eMan darf niemals \u201e zu sp\u00e4t \u201e sagen. Auch in der Politik ist es niemals zu sp\u00e4t. Es ist immer Zeit f\u00fcr einen neuen Anfang.\u201c<\/strong><strong>&nbsp;&nbsp;&nbsp;&nbsp; <\/strong>Konrad Adenauer&nbsp;&nbsp;&nbsp; \/&nbsp;&nbsp;&nbsp;&nbsp;&nbsp;&nbsp;&nbsp; \u201e<strong>Nicht alles, was erlaubt ist, ist Ehrenhaft\u201c. <\/strong>Lateinisches&nbsp; Sprichwort<\/li>\n<\/ul>\n\n\n\n<ul class=\"wp-block-list\">\n<li><strong>\u201eImmer wieder behauptete Unwahrheiten werden nicht zu Wahrheiten, sondern, was schlimmer ist, zu Gewohnheiten.\u201c&nbsp; <\/strong>&nbsp;Oliver Hasencamp<\/li>\n<\/ul>\n\n\n\n<ul class=\"wp-block-list\">\n<li><strong>\u201eD\u00e4monen kommen ungeladen, wenn das Haus leer steht. Anderen G\u00e4sten musst du sch\u00f6n die T\u00fcr \u00f6ffnen.&nbsp;&nbsp;&nbsp;&nbsp; <\/strong>Dag Hammarskj\u00f6ld&nbsp;&nbsp; \/&nbsp;&nbsp; UNO Generalsekret\u00e4r 1953 \u2013 1961<\/li>\n<\/ul>\n\n\n\n<div class=\"wp-block-buttons is-content-justification-center is-layout-flex wp-container-core-buttons-is-layout-16018d1d wp-block-buttons-is-layout-flex\">\n<div class=\"wp-block-button\"><a class=\"wp-block-button__link wp-element-button\" href=\"#neve_body\">Nach oben<\/a><\/div>\n<\/div>\n\n\n\n<p><\/p>\n\n\n\n<p><\/p>\n","protected":false},"excerpt":{"rendered":"<p>Sinnorientierte Lebenshilfe Wie Leben gelingen kann aus logotherapeutischer Sichtweise Erziehung ist kein Kinderspiel Das wissen alle Eltern oder alleinerziehende M\u00fctter und V\u00e4ter. Die neutrale Beratung ist daher eine Chance in Zeiten, wo Menschen, Eltern, Kinder oder Jugendliche in eine pers\u00f6nliche Krise geraten. Wenn Eltern nicht erziehen, sind Kinder chancenlos. &nbsp;\u201eMan muss einem Kinde viel Liebe&hellip;&nbsp;<a href=\"https:\/\/www.logotherapie-bodensee.ch\/?page_id=147\" class=\"\" rel=\"bookmark\">Weiterlesen &raquo;<span class=\"screen-reader-text\">Beratungsbeispiele<\/span><\/a><\/p>\n","protected":false},"author":1,"featured_media":0,"parent":143,"menu_order":0,"comment_status":"closed","ping_status":"closed","template":"","meta":{"neve_meta_sidebar":"","neve_meta_container":"","neve_meta_enable_content_width":"","neve_meta_content_width":0,"neve_meta_title_alignment":"","neve_meta_author_avatar":"","neve_post_elements_order":"","neve_meta_disable_header":"","neve_meta_disable_footer":"","neve_meta_disable_title":"","footnotes":""},"class_list":["post-147","page","type-page","status-publish","hentry"],"_links":{"self":[{"href":"https:\/\/www.logotherapie-bodensee.ch\/index.php?rest_route=\/wp\/v2\/pages\/147","targetHints":{"allow":["GET"]}}],"collection":[{"href":"https:\/\/www.logotherapie-bodensee.ch\/index.php?rest_route=\/wp\/v2\/pages"}],"about":[{"href":"https:\/\/www.logotherapie-bodensee.ch\/index.php?rest_route=\/wp\/v2\/types\/page"}],"author":[{"embeddable":true,"href":"https:\/\/www.logotherapie-bodensee.ch\/index.php?rest_route=\/wp\/v2\/users\/1"}],"replies":[{"embeddable":true,"href":"https:\/\/www.logotherapie-bodensee.ch\/index.php?rest_route=%2Fwp%2Fv2%2Fcomments&post=147"}],"version-history":[{"count":6,"href":"https:\/\/www.logotherapie-bodensee.ch\/index.php?rest_route=\/wp\/v2\/pages\/147\/revisions"}],"predecessor-version":[{"id":1089,"href":"https:\/\/www.logotherapie-bodensee.ch\/index.php?rest_route=\/wp\/v2\/pages\/147\/revisions\/1089"}],"up":[{"embeddable":true,"href":"https:\/\/www.logotherapie-bodensee.ch\/index.php?rest_route=\/wp\/v2\/pages\/143"}],"wp:attachment":[{"href":"https:\/\/www.logotherapie-bodensee.ch\/index.php?rest_route=%2Fwp%2Fv2%2Fmedia&parent=147"}],"curies":[{"name":"wp","href":"https:\/\/api.w.org\/{rel}","templated":true}]}}