{"id":190,"date":"2023-02-06T10:46:32","date_gmt":"2023-02-06T10:46:32","guid":{"rendered":"https:\/\/helmutpatzer.it9cloud.ch\/?page_id=190"},"modified":"2024-09-09T11:16:58","modified_gmt":"2024-09-09T11:16:58","slug":"ortsplan","status":"publish","type":"page","link":"https:\/\/www.logotherapie-bodensee.ch\/?page_id=190","title":{"rendered":"Kontakt &amp; Ortsplan"},"content":{"rendered":"\n<figure class=\"wp-block-image size-full is-resized wp-duotone-unset-1\"><img loading=\"lazy\" decoding=\"async\" width=\"730\" height=\"421\" src=\"https:\/\/helmutpatzer.it9cloud.ch\/wp-content\/uploads\/2023\/02\/image-8.png\" alt=\"\" class=\"wp-image-191\" style=\"aspect-ratio:1.7325349301397206;width:1176px;height:auto\" srcset=\"https:\/\/www.logotherapie-bodensee.ch\/wp-content\/uploads\/2023\/02\/image-8.png 730w, https:\/\/www.logotherapie-bodensee.ch\/wp-content\/uploads\/2023\/02\/image-8-300x173.png 300w\" sizes=\"auto, (max-width: 730px) 100vw, 730px\" \/><\/figure>\n\n\n\n<p><\/p>\n\n\n\n<p class=\"has-large-font-size\">Kontakt<\/p>\n\n\n\n<p class=\"has-medium-font-size\"><strong>Helmut Patzer-Uehli<\/strong><\/p>\n\n\n\n<p class=\"has-medium-font-size\">Sozialp\u00e4dagoge-Logotherapeut<\/p>\n\n\n\n<p class=\"has-medium-font-size\">P\u00fcnt 19, CH-8598 Bottighofen<\/p>\n\n\n\n<\/br>\n\n\n\n<p style=\"font-size:30px\"><strong><mark style=\"background-color:rgba(0, 0, 0, 0)\" class=\"has-inline-color has-nv-dark-bg-color\">Telefon<\/mark><\/strong><\/p>\n\n\n\n<div class=\"wp-block-buttons is-layout-flex wp-block-buttons-is-layout-flex\">\n<div class=\"wp-block-button\"><a class=\"wp-block-button__link wp-element-button\" href=\"tel:0041716887640\">071 \/ 688 76 40<\/a><\/div>\n<\/div>\n\n\n\n<\/br>\n<\/br>\n\n\n\n<p style=\"font-size:30px\"><strong>E-Mail<\/strong><\/p>\n\n\n\n<div class=\"wp-block-buttons is-layout-flex wp-block-buttons-is-layout-flex\">\n<div class=\"wp-block-button\"><a class=\"wp-block-button__link wp-element-button\" href=\"mailto:h.patzer@bluewin.ch\">h.patzer@bluewin.ch<\/a><\/div>\n<\/div>\n\n\n\n<\/br>\n<\/br>\n<\/br>\n\n\n\n<p class=\"has-large-font-size\"><\/p>\n\n\n\n<p><\/p>\n\n\n\n<p class=\"has-medium-font-size\"><strong>Von Kreuzlingen<\/strong><\/p>\n\n\n\n<p>Am B\u00e4renkreisel beginnt die Hauptstrasse Richtung Romanshorn, <strong>beim Wegweiser Dorfzentrum<\/strong>&nbsp; biegen Sie rechts ab in die Schulstrasse und fahren bis an deren Ende, dort biegen Sie nach rechts in die P\u00fcnt als Sackgasse, nach ca 10 Metern biegen Sie wieder rechts zu den Parkpl\u00e4tzen, vor Ihnen liegt der s\u00fcdw\u00e4rts gelegene Wohnblock P\u00fcnt 19.<\/p>\n\n\n\n<p class=\"has-medium-font-size\"><strong>Von Romanshorn<\/strong><\/p>\n\n\n\n<p>Nach der Orts &#8211; Eingangstafel Bottighofen kommen Sie an den neuen Kreisel, <strong>folgen dem Wegweiser Dorfzentrum<\/strong> und kommen so auf die Scherzingerstrasse, biegen rechts&nbsp; ab und weiter geradeaus beginnt P\u00fcnt als Sackgasse, nach ca 10 Metern biegen Sie rechts zu den Parkpl\u00e4tzen, vor Ihnen befindet sich der s\u00fcdw\u00e4rts gelegene Wohnblock P\u00fcnt 19.<\/p>\n","protected":false},"excerpt":{"rendered":"<p>Kontakt Helmut Patzer-Uehli Sozialp\u00e4dagoge-Logotherapeut P\u00fcnt 19, CH-8598 Bottighofen Telefon E-Mail Von Kreuzlingen Am B\u00e4renkreisel beginnt die Hauptstrasse Richtung Romanshorn, beim Wegweiser Dorfzentrum&nbsp; biegen Sie rechts ab in die Schulstrasse und fahren bis an deren Ende, dort biegen Sie nach rechts in die P\u00fcnt als Sackgasse, nach ca 10 Metern biegen Sie wieder rechts zu den&hellip;&nbsp;<a href=\"https:\/\/www.logotherapie-bodensee.ch\/?page_id=190\" class=\"\" rel=\"bookmark\">Weiterlesen &raquo;<span class=\"screen-reader-text\">Kontakt &amp; Ortsplan<\/span><\/a><\/p>\n","protected":false},"author":1,"featured_media":0,"parent":180,"menu_order":0,"comment_status":"closed","ping_status":"closed","template":"","meta":{"neve_meta_sidebar":"","neve_meta_container":"","neve_meta_enable_content_width":"","neve_meta_content_width":0,"neve_meta_title_alignment":"","neve_meta_author_avatar":"","neve_post_elements_order":"","neve_meta_disable_header":"","neve_meta_disable_footer":"","neve_meta_disable_title":"","footnotes":""},"class_list":["post-190","page","type-page","status-publish","hentry"],"_links":{"self":[{"href":"https:\/\/www.logotherapie-bodensee.ch\/index.php?rest_route=\/wp\/v2\/pages\/190","targetHints":{"allow":["GET"]}}],"collection":[{"href":"https:\/\/www.logotherapie-bodensee.ch\/index.php?rest_route=\/wp\/v2\/pages"}],"about":[{"href":"https:\/\/www.logotherapie-bodensee.ch\/index.php?rest_route=\/wp\/v2\/types\/page"}],"author":[{"embeddable":true,"href":"https:\/\/www.logotherapie-bodensee.ch\/index.php?rest_route=\/wp\/v2\/users\/1"}],"replies":[{"embeddable":true,"href":"https:\/\/www.logotherapie-bodensee.ch\/index.php?rest_route=%2Fwp%2Fv2%2Fcomments&post=190"}],"version-history":[{"count":18,"href":"https:\/\/www.logotherapie-bodensee.ch\/index.php?rest_route=\/wp\/v2\/pages\/190\/revisions"}],"predecessor-version":[{"id":1097,"href":"https:\/\/www.logotherapie-bodensee.ch\/index.php?rest_route=\/wp\/v2\/pages\/190\/revisions\/1097"}],"up":[{"embeddable":true,"href":"https:\/\/www.logotherapie-bodensee.ch\/index.php?rest_route=\/wp\/v2\/pages\/180"}],"wp:attachment":[{"href":"https:\/\/www.logotherapie-bodensee.ch\/index.php?rest_route=%2Fwp%2Fv2%2Fmedia&parent=190"}],"curies":[{"name":"wp","href":"https:\/\/api.w.org\/{rel}","templated":true}]}}