{"id":51,"date":"2023-02-04T17:00:16","date_gmt":"2023-02-04T17:00:16","guid":{"rendered":"https:\/\/helmutpatzer.it9cloud.ch\/?page_id=51"},"modified":"2025-08-02T13:58:42","modified_gmt":"2025-08-02T13:58:42","slug":"literatur-zur-selbsthilfe","status":"publish","type":"page","link":"https:\/\/www.logotherapie-bodensee.ch\/?page_id=51","title":{"rendered":"Literatur zur Selbsthilfe"},"content":{"rendered":"\n<p><\/p>\n\n\n\n<p><\/p>\n\n\n\n<div class=\"wp-block-media-text alignwide has-media-on-the-right is-stacked-on-mobile is-vertically-aligned-center has-background\" style=\"background-color:#f1f5c7;grid-template-columns:auto 28%\"><div class=\"wp-block-media-text__content\">\n<div class=\"wp-block-group\" style=\"padding-top:2em;padding-right:2em;padding-bottom:2em;padding-left:2em\"><div class=\"wp-block-group__inner-container is-layout-flow wp-block-group-is-layout-flow\">\n<p class=\"has-text-align-left\" style=\"font-size:36px;line-height:1.2\"><strong><strong>&#8220;Heil- und Lebenskunst in der Logotherapie<\/strong><\/strong>&#8220;<\/p>\n\n\n\n<p class=\"has-extra-small-font-size\">Seit dem Tod Viktor E. Frankls<strong> ( 1905 &#8211; 1997 )<\/strong> ist das Interesse an der von ihm entwickelten \u201eDritten Wiener Schule\u201c der Psychotherapie und der Logotherapie\u00a0 sprunghaft angestiegen.<br>Viele Menschen f\u00fchlen sich weltweit von seiner schlichten und doch faszinierenden <strong>\u201e \u00c4rztlichen Seelsorge\u201c<\/strong> ber\u00fchrt und angesprochen. Besonders die Einbeziehung der Sinnfrage in alle Belange gelingenden Lebens findet gegenw\u00e4rtig ein ausserordentlich zustimmendes Echo.<\/p>\n<\/div><\/div>\n<\/div><figure class=\"wp-block-media-text__media\"><img loading=\"lazy\" decoding=\"async\" width=\"1000\" height=\"609\" src=\"https:\/\/www.logotherapie-bodensee.ch\/wp-content\/uploads\/2023\/02\/book.png\" alt=\"\" class=\"wp-image-122 size-full\" srcset=\"https:\/\/www.logotherapie-bodensee.ch\/wp-content\/uploads\/2023\/02\/book.png 1000w, https:\/\/www.logotherapie-bodensee.ch\/wp-content\/uploads\/2023\/02\/book-300x183.png 300w, https:\/\/www.logotherapie-bodensee.ch\/wp-content\/uploads\/2023\/02\/book-768x468.png 768w\" sizes=\"auto, (max-width: 1000px) 100vw, 1000px\" \/><\/figure><\/div>\n\n\n\n<p><\/p>\n\n\n\n<div class=\"wp-block-media-text alignwide is-stacked-on-mobile is-vertically-aligned-center has-background\" style=\"background-color:#f1f5c7;grid-template-columns:28% auto\"><figure class=\"wp-block-media-text__media\"><img loading=\"lazy\" decoding=\"async\" width=\"1000\" height=\"609\" src=\"https:\/\/www.logotherapie-bodensee.ch\/wp-content\/uploads\/2023\/02\/book.png\" alt=\"\" class=\"wp-image-122 size-full\" srcset=\"https:\/\/www.logotherapie-bodensee.ch\/wp-content\/uploads\/2023\/02\/book.png 1000w, https:\/\/www.logotherapie-bodensee.ch\/wp-content\/uploads\/2023\/02\/book-300x183.png 300w, https:\/\/www.logotherapie-bodensee.ch\/wp-content\/uploads\/2023\/02\/book-768x468.png 768w\" sizes=\"auto, (max-width: 1000px) 100vw, 1000px\" \/><\/figure><div class=\"wp-block-media-text__content\">\n<div class=\"wp-block-group\" style=\"padding-top:2em;padding-right:2em;padding-bottom:2em;padding-left:2em\"><div class=\"wp-block-group__inner-container is-layout-flow wp-block-group-is-layout-flow\">\n<p class=\"has-text-align-right\" style=\"font-size:36px;line-height:1.2\"><strong>\u201eSpirituelle Psychologie<\/strong><strong>\u201c<\/strong><\/p>\n\n\n\n<p class=\"has-text-align-right has-extra-small-font-size\">Elisabeth Lukas, <strong>\u201eQuellen sinnvollen Lebens\u201c, <\/strong>K\u00f6sel \u2013 Verlag, <strong>ISBN&nbsp; <\/strong>3-466-36491-4, \u201ePsychotherapie muss darauf abzielen, dem Menschen zu einem ihn erf\u00fcllenden Sinnentwurf seines Daseins zu verhelfen und zum Mut, diesem Entwurf nachzuleben. Einen tieferen Lebenssinn gewinnen wir aber nur dadurch, dass&nbsp; wir unser Leben auf eine Tiefendimension hin \u00f6ffnen. Holen wir uns also Impulse aus einer wahrhaft spirituellen Psychologie, um den Zugang zu Quellen sinnvollen Lebens f\u00fcr uns und andere neu auszuschildern und notfalls ein St\u00fcck freizubaggern.<\/p>\n<\/div><\/div>\n<\/div><\/div>\n\n\n\n<p><\/p>\n\n\n\n<div class=\"wp-block-media-text alignwide has-media-on-the-right is-stacked-on-mobile is-vertically-aligned-center has-background\" style=\"background-color:#f1f5c7;grid-template-columns:auto 28%\"><div class=\"wp-block-media-text__content\">\n<div class=\"wp-block-group\" style=\"padding-top:2em;padding-right:2em;padding-bottom:2em;padding-left:2em\"><div class=\"wp-block-group__inner-container is-layout-flow wp-block-group-is-layout-flow\">\n<p class=\"has-text-align-left\" style=\"font-size:36px;line-height:1.2\"><strong><strong>&#8220;Das Leben meint mich<\/strong><\/strong>&#8220;<\/p>\n\n\n\n<p class=\"has-extra-small-font-size\">Uwe B\u00f6schemeyer, <strong>\u201e Ein Jahrbuch \u201e<\/strong> im Ellert &amp; Richter Verlag,<strong> ISBN<\/strong>&nbsp; 3-8319-0032-9, \u201eDie kleinen und grossen Sorgen des Alltags bringen uns dazu, uns selbst aus den Augen zu verlieren. Der bekannte Logotherapeut hilft mit Texten, die zur Selbstreflexion anregen, sich jeden Tag wiederzufinden und zu wachsen\u201c.<\/p>\n<\/div><\/div>\n<\/div><figure class=\"wp-block-media-text__media\"><img loading=\"lazy\" decoding=\"async\" width=\"1000\" height=\"609\" src=\"https:\/\/www.logotherapie-bodensee.ch\/wp-content\/uploads\/2023\/02\/book.png\" alt=\"\" class=\"wp-image-122 size-full\" srcset=\"https:\/\/www.logotherapie-bodensee.ch\/wp-content\/uploads\/2023\/02\/book.png 1000w, https:\/\/www.logotherapie-bodensee.ch\/wp-content\/uploads\/2023\/02\/book-300x183.png 300w, https:\/\/www.logotherapie-bodensee.ch\/wp-content\/uploads\/2023\/02\/book-768x468.png 768w\" sizes=\"auto, (max-width: 1000px) 100vw, 1000px\" \/><\/figure><\/div>\n\n\n\n<p><\/p>\n\n\n\n<div class=\"wp-block-media-text alignwide is-stacked-on-mobile is-vertically-aligned-center has-background\" style=\"background-color:#f1f5c7;grid-template-columns:28% auto\"><figure class=\"wp-block-media-text__media\"><img loading=\"lazy\" decoding=\"async\" width=\"1000\" height=\"609\" src=\"https:\/\/www.logotherapie-bodensee.ch\/wp-content\/uploads\/2023\/02\/book.png\" alt=\"\" class=\"wp-image-122 size-full\" srcset=\"https:\/\/www.logotherapie-bodensee.ch\/wp-content\/uploads\/2023\/02\/book.png 1000w, https:\/\/www.logotherapie-bodensee.ch\/wp-content\/uploads\/2023\/02\/book-300x183.png 300w, https:\/\/www.logotherapie-bodensee.ch\/wp-content\/uploads\/2023\/02\/book-768x468.png 768w\" sizes=\"auto, (max-width: 1000px) 100vw, 1000px\" \/><\/figure><div class=\"wp-block-media-text__content\">\n<div class=\"wp-block-group\" style=\"padding-top:2em;padding-right:2em;padding-bottom:2em;padding-left:2em\"><div class=\"wp-block-group__inner-container is-layout-flow wp-block-group-is-layout-flow\">\n<p class=\"has-text-align-right\" style=\"font-size:36px;line-height:1.2\"><strong>\u201eBegeisterung f\u00fcrs Leben<\/strong><strong>\u201c<\/strong><\/p>\n\n\n\n<p class=\"has-text-align-right has-extra-small-font-size\">Uwe B\u00f6schemeyer, <strong>\u201e Die Kraft deiner Gedanken \u201e<\/strong> Ellert &amp; Richter Verlag, <strong>ISBN&nbsp; <\/strong>978-3-8319-0529-4,&nbsp; <strong>Was sind Gedanken, was ist Denken?<\/strong> \u201e In diesem Buch kann ich auf diese grosse Frage nur eine bescheidene Antwort geben. Denn viel zu vielf\u00e4ltig sind die Meinungen der Philosophen und Psychologen zu diesem Thema, als dass sie sich kurz zusammenfassen liessen. Und da es hier um Lebensfragen geht, darf ich mich mit der folgenden Antwort begn\u00fcgen: <strong>Denken<\/strong> ist Ausdruck der Spontanit\u00e4t und Produktivit\u00e4t des menschlichen Geistes. <strong>Gedanken <\/strong>sind die einzelnen Elemente des Denkens, die sich im Zwiegespr\u00e4ch mit sich selbst entwickeln. Da aber der <strong>Geist <\/strong>&nbsp;die Mitte der Seele ist, k\u00f6nnen wir auch sagen, dass Gedanken die einzelnen Elemente des Zwiegespr\u00e4chs des inneren Menschen&nbsp; mit sich selbst sind. Die mit dem Denken&nbsp; verbundene prim\u00e4re M\u00f6glichkeit besteht im Kl\u00e4ren und Ordnen des Lebens. Und immer, wenn ein Mensch die Wirklichkeit&nbsp; durchdenkt, schafft er sich eine wesentliche Voraussetzung daf\u00fcr, <strong>Sinn im Leben<\/strong>&nbsp; finden zu k\u00f6nnen.\u201c<\/p>\n<\/div><\/div>\n<\/div><\/div>\n\n\n\n<p><\/p>\n\n\n\n<div class=\"wp-block-media-text alignwide has-media-on-the-right is-stacked-on-mobile is-vertically-aligned-center has-background\" style=\"background-color:#f1f5c7;grid-template-columns:auto 28%\"><div class=\"wp-block-media-text__content\">\n<div class=\"wp-block-group\" style=\"padding-top:2em;padding-right:2em;padding-bottom:2em;padding-left:2em\"><div class=\"wp-block-group__inner-container is-layout-flow wp-block-group-is-layout-flow\">\n<p class=\"has-text-align-left\" style=\"font-size:36px;line-height:1.2\"><strong><strong>&#8220;JIN SHIN JYUTSU<\/strong><\/strong>&#8220;<\/p>\n\n\n\n<p class=\"has-extra-small-font-size\">Physio Philosophy von Waltraud Riegger-Krause, <strong>\u201e<\/strong>Die Kunst der Selbstheilung durch Auflegen der H\u00e4nde\u201c, S\u00fcdwest-Verlag,<strong> ISBN<\/strong> 978-3-517-06820-6.&nbsp; Alles, was wir f\u00fcr Harmonie und Gleichgewicht im Leben brauchen, liegt in uns, mit Anleitung f\u00fcr Ihr pers\u00f6nliches Selbsthilfeprogramm. Jin Shin Jyutsu ist nicht bloss ein ausgefeiltes System der Aktivierung von Energiebahnen und Punkten, sondern es ist vielmehr eine Lebenskunst, die vom Anwender Einf\u00fchlungsgef\u00fchl und Hingabe erfordert.<\/p>\n<\/div><\/div>\n<\/div><figure class=\"wp-block-media-text__media\"><img loading=\"lazy\" decoding=\"async\" width=\"1000\" height=\"609\" src=\"https:\/\/www.logotherapie-bodensee.ch\/wp-content\/uploads\/2023\/02\/book.png\" alt=\"\" class=\"wp-image-122 size-full\" srcset=\"https:\/\/www.logotherapie-bodensee.ch\/wp-content\/uploads\/2023\/02\/book.png 1000w, https:\/\/www.logotherapie-bodensee.ch\/wp-content\/uploads\/2023\/02\/book-300x183.png 300w, https:\/\/www.logotherapie-bodensee.ch\/wp-content\/uploads\/2023\/02\/book-768x468.png 768w\" sizes=\"auto, (max-width: 1000px) 100vw, 1000px\" \/><\/figure><\/div>\n\n\n\n<p><\/p>\n\n\n\n<div class=\"wp-block-media-text alignwide is-stacked-on-mobile is-vertically-aligned-center has-background\" style=\"background-color:#f1f5c7;grid-template-columns:28% auto\"><figure class=\"wp-block-media-text__media\"><img loading=\"lazy\" decoding=\"async\" width=\"1000\" height=\"609\" src=\"https:\/\/www.logotherapie-bodensee.ch\/wp-content\/uploads\/2023\/02\/book.png\" alt=\"\" class=\"wp-image-122 size-full\" srcset=\"https:\/\/www.logotherapie-bodensee.ch\/wp-content\/uploads\/2023\/02\/book.png 1000w, https:\/\/www.logotherapie-bodensee.ch\/wp-content\/uploads\/2023\/02\/book-300x183.png 300w, https:\/\/www.logotherapie-bodensee.ch\/wp-content\/uploads\/2023\/02\/book-768x468.png 768w\" sizes=\"auto, (max-width: 1000px) 100vw, 1000px\" \/><\/figure><div class=\"wp-block-media-text__content\">\n<div class=\"wp-block-group\" style=\"padding-top:2em;padding-right:2em;padding-bottom:2em;padding-left:2em\"><div class=\"wp-block-group__inner-container is-layout-flow wp-block-group-is-layout-flow\">\n<p class=\"has-text-align-right\" style=\"font-size:36px;line-height:1.2\"><strong>\u201eFENG SHUI&nbsp; gegen das Ger\u00fcmpel des Alltags<\/strong><strong>\u201c<\/strong><\/p>\n\n\n\n<p class=\"has-text-align-right has-extra-small-font-size\">Karen Kingston, Rowohlt Taschenbuch Verlag, <strong>ISBN <\/strong>978 3 499 62584 8. Feng Shui ist die Kunst, den nat\u00fcrlichen Energiefluss in unserer Umgebung auszugleichen und zu harmonisieren, damit er sich positiv auf unser Leben auswirkt. Ger\u00fcmpel ist blockierte Energie, Ger\u00fcmpel sammelt sich, wenn Energie stagniert und umgekehrt stagniert Energie, wo sich Ger\u00fcmpel ansammelt. Nach Karen Kingstons Definition gibt es vier Kategorien von Ger\u00fcmpel: \u201eDinge, die man weder benutzt noch mag; Dinge, die unordentlich oder schlecht organisiert sind; zu viele Dinge auf zu wenig Raum und;&nbsp; alles Unfertige\u201c.<br>Was Karen Kingston in dieser 3. Auflage Februar 2011 schreibt&nbsp; ist ein neuer Ansatz:<strong>&nbsp; Ordnen Sie Ihr Leben,<\/strong> indem Sie Ihr Ger\u00fcmpel ausmisten und Sie erreichen eine ganz neue Lebensenergie. Sie m\u00f6chte Ihnen etwas Praktisches, Greifbares vermitteln, mit dem Sie sich selbst aktiv helfen k\u00f6nnen. Jeder Aspekt Ihres Lebens ist energetisch in Ihrem Lebensraum verankert. Daher kann Ger\u00fcmpel ausmisten Ihre gesamte Existenz umkrempeln.<\/p>\n<\/div><\/div>\n<\/div><\/div>\n\n\n\n<p><\/p>\n\n\n\n<div class=\"wp-block-media-text alignwide has-media-on-the-right is-stacked-on-mobile is-vertically-aligned-center has-background\" style=\"background-color:#f1f5c7;grid-template-columns:auto 28%\"><div class=\"wp-block-media-text__content\">\n<div class=\"wp-block-group\" style=\"padding-top:2em;padding-right:2em;padding-bottom:2em;padding-left:2em\"><div class=\"wp-block-group__inner-container is-layout-flow wp-block-group-is-layout-flow\">\n<p class=\"has-text-align-left\" style=\"font-size:36px;line-height:1.2\"><strong>DON MIGUEL RUIZ&nbsp; \u201eDie Vier Versprechen\u201c<\/strong><\/p>\n\n\n\n<p class=\"has-extra-small-font-size\">Ein Weg zur Freiheit und W\u00fcrde des Menschen. Ein Weisheitsbuch der Tolkreten, aus dem Amerikanischen \u00fcbersetzt von Angelika Hansen. Ullstein Taschenbuchverlag, <strong>ISBN<\/strong>&nbsp; 978-3-74254-0.&nbsp;&nbsp; Himmel und H\u00f6lle sind in uns. Jeden Moment entscheiden wir selbst dar\u00fcber, in welcher Wirklichkeit wir leben. Alles h\u00e4ngt davon ab, an welche \u00dcberzeugungen, Vereinbarungen und Versprechen wir uns halten.<\/p>\n<\/div><\/div>\n<\/div><figure class=\"wp-block-media-text__media\"><img loading=\"lazy\" decoding=\"async\" width=\"1000\" height=\"609\" src=\"https:\/\/www.logotherapie-bodensee.ch\/wp-content\/uploads\/2023\/02\/book.png\" alt=\"\" class=\"wp-image-122 size-full\" srcset=\"https:\/\/www.logotherapie-bodensee.ch\/wp-content\/uploads\/2023\/02\/book.png 1000w, https:\/\/www.logotherapie-bodensee.ch\/wp-content\/uploads\/2023\/02\/book-300x183.png 300w, https:\/\/www.logotherapie-bodensee.ch\/wp-content\/uploads\/2023\/02\/book-768x468.png 768w\" sizes=\"auto, (max-width: 1000px) 100vw, 1000px\" \/><\/figure><\/div>\n\n\n\n<p><\/p>\n\n\n\n<div class=\"wp-block-media-text alignwide is-stacked-on-mobile is-vertically-aligned-center has-background\" style=\"background-color:#f1f5c7;grid-template-columns:28% auto\"><figure class=\"wp-block-media-text__media\"><img loading=\"lazy\" decoding=\"async\" width=\"1000\" height=\"609\" src=\"https:\/\/www.logotherapie-bodensee.ch\/wp-content\/uploads\/2023\/02\/book.png\" alt=\"\" class=\"wp-image-122 size-full\" srcset=\"https:\/\/www.logotherapie-bodensee.ch\/wp-content\/uploads\/2023\/02\/book.png 1000w, https:\/\/www.logotherapie-bodensee.ch\/wp-content\/uploads\/2023\/02\/book-300x183.png 300w, https:\/\/www.logotherapie-bodensee.ch\/wp-content\/uploads\/2023\/02\/book-768x468.png 768w\" sizes=\"auto, (max-width: 1000px) 100vw, 1000px\" \/><\/figure><div class=\"wp-block-media-text__content\">\n<div class=\"wp-block-group\" style=\"padding-top:2em;padding-right:2em;padding-bottom:2em;padding-left:2em\"><div class=\"wp-block-group__inner-container is-layout-flow wp-block-group-is-layout-flow\">\n<p class=\"has-text-align-right\" style=\"font-size:36px;line-height:1.2\"><strong><strong>Christian Opitz&nbsp; \u201eBefreite Ern\u00e4hrung\u201c<\/strong><\/strong><\/p>\n\n\n\n<p class=\"has-text-align-right has-extra-small-font-size\">Wie der K\u00f6rper uns zeigt, welche Nahrung er wirklich f\u00fcr Gesundheit und Wohlbefinden braucht. Hans-Nietsch-Verlag, <strong>ISBN <\/strong>&nbsp;978-3-939-570-97-4. In der Befreiten Ern\u00e4hrung gibt es keine festen Regeln dar\u00fcber, was man wann in welchen Mengen essen sollte. Wir k\u00f6nnen unsere eigenen K\u00f6rperempfindungen nur dann wiederbeleben, wenn wir einen <strong>\u201egesunden\u201c<\/strong> Hunger zulassen. Nicht aus Gewohnheit zu festen Zeiten und ohne echtes Hungergef\u00fchl zu essen, ist die Basis daf\u00fcr, dass K\u00f6rperinstinkte richtig funktionieren. Das Buch hat viele interessante Rezepte und machte mich neugierig.<\/p>\n<\/div><\/div>\n<\/div><\/div>\n\n\n\n<p><\/p>\n\n\n\n<div class=\"wp-block-media-text alignwide has-media-on-the-right is-stacked-on-mobile is-vertically-aligned-center has-background\" style=\"background-color:#f1f5c7;grid-template-columns:auto 28%\"><div class=\"wp-block-media-text__content\">\n<div class=\"wp-block-group\" style=\"padding-top:2em;padding-right:2em;padding-bottom:2em;padding-left:2em\"><div class=\"wp-block-group__inner-container is-layout-flow wp-block-group-is-layout-flow\">\n<p class=\"has-text-align-left\" style=\"font-size:36px;line-height:1.2\"><strong><strong>Bruce Fife&nbsp;\u201eDie Heilkraft der Kokosnuss\u201c<\/strong><\/strong><\/p>\n\n\n\n<p class=\"has-extra-small-font-size\">Sie wird in tropischen L\u00e4ndern \u201eK\u00f6nigin der Nahrungsmittel\u201c genannt. Die Inhaltsstoffe k\u00f6nnen krankmachende Organismen wie Viren und Bakterien beseitigen und das Immunsystem st\u00e4rken. Kopp-Verlag, <strong>ISBN <\/strong>&nbsp;978-3-86445-119-5. Nutzen auch Sie die einzigartigen Heilwirkungen, die Bruce Fife mit zahlreichen Fallbeispielen in seinem Buch beschreibt.<\/p>\n<\/div><\/div>\n<\/div><figure class=\"wp-block-media-text__media\"><img loading=\"lazy\" decoding=\"async\" width=\"1000\" height=\"609\" src=\"https:\/\/www.logotherapie-bodensee.ch\/wp-content\/uploads\/2023\/02\/book.png\" alt=\"\" class=\"wp-image-122 size-full\" srcset=\"https:\/\/www.logotherapie-bodensee.ch\/wp-content\/uploads\/2023\/02\/book.png 1000w, https:\/\/www.logotherapie-bodensee.ch\/wp-content\/uploads\/2023\/02\/book-300x183.png 300w, https:\/\/www.logotherapie-bodensee.ch\/wp-content\/uploads\/2023\/02\/book-768x468.png 768w\" sizes=\"auto, (max-width: 1000px) 100vw, 1000px\" \/><\/figure><\/div>\n\n\n\n<p><\/p>\n\n\n\n<div class=\"wp-block-media-text alignwide is-stacked-on-mobile is-vertically-aligned-center has-background\" style=\"background-color:#f1f5c7;grid-template-columns:28% auto\"><figure class=\"wp-block-media-text__media\"><img loading=\"lazy\" decoding=\"async\" width=\"1000\" height=\"609\" src=\"https:\/\/www.logotherapie-bodensee.ch\/wp-content\/uploads\/2023\/02\/book.png\" alt=\"\" class=\"wp-image-122 size-full\" srcset=\"https:\/\/www.logotherapie-bodensee.ch\/wp-content\/uploads\/2023\/02\/book.png 1000w, https:\/\/www.logotherapie-bodensee.ch\/wp-content\/uploads\/2023\/02\/book-300x183.png 300w, https:\/\/www.logotherapie-bodensee.ch\/wp-content\/uploads\/2023\/02\/book-768x468.png 768w\" sizes=\"auto, (max-width: 1000px) 100vw, 1000px\" \/><\/figure><div class=\"wp-block-media-text__content\">\n<div class=\"wp-block-group\" style=\"padding-top:2em;padding-right:2em;padding-bottom:2em;padding-left:2em\"><div class=\"wp-block-group__inner-container is-layout-flow wp-block-group-is-layout-flow\">\n<p class=\"has-text-align-right\" style=\"font-size:36px;line-height:1.2\"><strong><strong><strong>Uwe B\u00f6schemeyer&nbsp;&#8220;Warum nicht&#8221;<\/strong><\/strong><\/strong><\/p>\n\n\n\n<p class=\"has-text-align-right has-extra-small-font-size\">\u00dcber die M\u00f6glichkeit des Unm\u00f6glichen. In jedem von uns steckt so viel wartendes Leben, das darauf dr\u00e4ngt, endlich leben zu d\u00fcrfen! F\u00fcr ein wahrhaftiges, sinnerf\u00fclltes und selbstbestimmtes Leben gibt es zwei Voraussetzungen: Wir m\u00fcssen begreifen, dass wir nicht auf Hilfe von aussen warten d\u00fcrfen, wenn wir unser Leben ver\u00e4ndern wollen. Und wir m\u00fcssen erkennen, dass unser Dasein begrenzt ist. Wenn die Aussenwelt mich selbst, also meine Innenwelt, mehr bestimmt, als mir lieb und zutr\u00e4glich ist, dann sollte ich mich zuerst fragen, was aus mir bisher geworden ist, wo ich jetzt stehe, wie es mir heute geht und ob ich wirklich freier werden will. \u201e Festgelegt ist niemand durch das was er bisher erlebte, denn Menschsein heisst auch, anders sein und werden zu k\u00f6nnen ( Uwe B\u00f6schemeyer )&nbsp;&nbsp;&nbsp; 2014 Ecowin, Salzburg, <strong>ISBN: <\/strong>978-3-7110-0059-0<\/p>\n<\/div><\/div>\n<\/div><\/div>\n\n\n\n<p><\/p>\n\n\n\n<p style=\"font-size:21px\"><\/p>\n\n\n\n<p><\/p>\n\n\n\n<p><\/p>\n\n\n\n<div class=\"wp-block-buttons is-content-justification-center is-layout-flex wp-container-core-buttons-is-layout-16018d1d wp-block-buttons-is-layout-flex\">\n<div class=\"wp-block-button\"><a class=\"wp-block-button__link wp-element-button\" href=\"#neve_body\">Nach oben<\/a><\/div>\n<\/div>\n\n\n\n<p><\/p>\n\n\n\n<p><\/p>\n","protected":false},"excerpt":{"rendered":"","protected":false},"author":1,"featured_media":0,"parent":210,"menu_order":0,"comment_status":"closed","ping_status":"closed","template":"","meta":{"neve_meta_sidebar":"","neve_meta_container":"","neve_meta_enable_content_width":"","neve_meta_content_width":0,"neve_meta_title_alignment":"","neve_meta_author_avatar":"","neve_post_elements_order":"","neve_meta_disable_header":"","neve_meta_disable_footer":"","neve_meta_disable_title":"","footnotes":""},"class_list":["post-51","page","type-page","status-publish","hentry"],"_links":{"self":[{"href":"https:\/\/www.logotherapie-bodensee.ch\/index.php?rest_route=\/wp\/v2\/pages\/51","targetHints":{"allow":["GET"]}}],"collection":[{"href":"https:\/\/www.logotherapie-bodensee.ch\/index.php?rest_route=\/wp\/v2\/pages"}],"about":[{"href":"https:\/\/www.logotherapie-bodensee.ch\/index.php?rest_route=\/wp\/v2\/types\/page"}],"author":[{"embeddable":true,"href":"https:\/\/www.logotherapie-bodensee.ch\/index.php?rest_route=\/wp\/v2\/users\/1"}],"replies":[{"embeddable":true,"href":"https:\/\/www.logotherapie-bodensee.ch\/index.php?rest_route=%2Fwp%2Fv2%2Fcomments&post=51"}],"version-history":[{"count":14,"href":"https:\/\/www.logotherapie-bodensee.ch\/index.php?rest_route=\/wp\/v2\/pages\/51\/revisions"}],"predecessor-version":[{"id":1524,"href":"https:\/\/www.logotherapie-bodensee.ch\/index.php?rest_route=\/wp\/v2\/pages\/51\/revisions\/1524"}],"up":[{"embeddable":true,"href":"https:\/\/www.logotherapie-bodensee.ch\/index.php?rest_route=\/wp\/v2\/pages\/210"}],"wp:attachment":[{"href":"https:\/\/www.logotherapie-bodensee.ch\/index.php?rest_route=%2Fwp%2Fv2%2Fmedia&parent=51"}],"curies":[{"name":"wp","href":"https:\/\/api.w.org\/{rel}","templated":true}]}}