{"id":69,"date":"2023-02-06T08:11:36","date_gmt":"2023-02-06T08:11:36","guid":{"rendered":"https:\/\/helmutpatzer.it9cloud.ch\/?page_id=69"},"modified":"2026-01-16T20:08:45","modified_gmt":"2026-01-16T20:08:45","slug":"die-wunder-der-natur","status":"publish","type":"page","link":"https:\/\/www.logotherapie-bodensee.ch\/?page_id=69","title":{"rendered":"Die Wunder der Natur"},"content":{"rendered":"\n<p class=\"has-medium-font-size\"><\/p>\n\n\n\n<p class=\"has-text-align-left has-medium-font-size\"><strong>Meiner Meinung nach sind es die gr\u00f6ssten Wunder der Natur<\/strong><\/p>\n\n\n\n<div class=\"wp-block-group\"><div class=\"wp-block-group__inner-container is-layout-flow wp-block-group-is-layout-flow\">\n<hr class=\"wp-block-separator has-text-color has-neve-button-color-color has-css-opacity has-neve-button-color-background-color has-background is-style-default\"\/>\n\n\n\n<div class=\"wp-block-columns is-layout-flex wp-container-core-columns-is-layout-9d6595d7 wp-block-columns-is-layout-flex\">\n<div class=\"wp-block-column is-layout-flow wp-block-column-is-layout-flow\"><div class=\"wp-block-image\">\n<figure class=\"aligncenter size-full is-resized\"><img loading=\"lazy\" decoding=\"async\" width=\"832\" height=\"1024\" src=\"https:\/\/www.logotherapie-bodensee.ch\/wp-content\/uploads\/2024\/09\/pngwing.com20.png\" alt=\"\" class=\"wp-image-1117\" style=\"aspect-ratio:1;width:162px;height:auto\" srcset=\"https:\/\/www.logotherapie-bodensee.ch\/wp-content\/uploads\/2024\/09\/pngwing.com20.png 832w, https:\/\/www.logotherapie-bodensee.ch\/wp-content\/uploads\/2024\/09\/pngwing.com20-244x300.png 244w, https:\/\/www.logotherapie-bodensee.ch\/wp-content\/uploads\/2024\/09\/pngwing.com20-768x945.png 768w\" sizes=\"auto, (max-width: 832px) 100vw, 832px\" \/><\/figure>\n<\/div>\n\n\n<p class=\"has-text-align-center\"><strong>die Geburt eines Kindes<\/strong><\/p>\n\n\n\n<p class=\"has-text-align-center\"><\/p>\n<\/div>\n\n\n\n<div class=\"wp-block-column is-layout-flow wp-block-column-is-layout-flow\"><div class=\"wp-block-image\">\n<figure class=\"aligncenter size-large is-resized\"><img loading=\"lazy\" decoding=\"async\" width=\"1024\" height=\"1024\" src=\"https:\/\/www.logotherapie-bodensee.ch\/wp-content\/uploads\/2024\/09\/pngwing.com21-1024x1024.png\" alt=\"\" class=\"wp-image-1122\" style=\"width:160px;height:auto\" srcset=\"https:\/\/www.logotherapie-bodensee.ch\/wp-content\/uploads\/2024\/09\/pngwing.com21-1024x1024.png 1024w, https:\/\/www.logotherapie-bodensee.ch\/wp-content\/uploads\/2024\/09\/pngwing.com21-300x300.png 300w, https:\/\/www.logotherapie-bodensee.ch\/wp-content\/uploads\/2024\/09\/pngwing.com21-150x150.png 150w, https:\/\/www.logotherapie-bodensee.ch\/wp-content\/uploads\/2024\/09\/pngwing.com21-768x768.png 768w, https:\/\/www.logotherapie-bodensee.ch\/wp-content\/uploads\/2024\/09\/pngwing.com21-1536x1536.png 1536w, https:\/\/www.logotherapie-bodensee.ch\/wp-content\/uploads\/2024\/09\/pngwing.com21-2048x2048.png 2048w\" sizes=\"auto, (max-width: 1024px) 100vw, 1024px\" \/><\/figure>\n<\/div>\n\n\n<p class=\"has-text-align-center\"><strong>das neugeborene Tier<\/strong><\/p>\n\n\n\n<p class=\"has-text-align-center\"><\/p>\n<\/div>\n\n\n\n<div class=\"wp-block-column is-layout-flow wp-block-column-is-layout-flow\"><div class=\"wp-block-image\">\n<figure class=\"aligncenter size-large is-resized\"><img loading=\"lazy\" decoding=\"async\" width=\"1018\" height=\"1024\" src=\"https:\/\/www.logotherapie-bodensee.ch\/wp-content\/uploads\/2024\/09\/pngwing.com23-1018x1024.png\" alt=\"\" class=\"wp-image-1121\" style=\"aspect-ratio:1;width:160px;height:auto\" srcset=\"https:\/\/www.logotherapie-bodensee.ch\/wp-content\/uploads\/2024\/09\/pngwing.com23-1018x1024.png 1018w, https:\/\/www.logotherapie-bodensee.ch\/wp-content\/uploads\/2024\/09\/pngwing.com23-298x300.png 298w, https:\/\/www.logotherapie-bodensee.ch\/wp-content\/uploads\/2024\/09\/pngwing.com23-150x150.png 150w, https:\/\/www.logotherapie-bodensee.ch\/wp-content\/uploads\/2024\/09\/pngwing.com23-768x773.png 768w, https:\/\/www.logotherapie-bodensee.ch\/wp-content\/uploads\/2024\/09\/pngwing.com23.png 1171w\" sizes=\"auto, (max-width: 1018px) 100vw, 1018px\" \/><\/figure>\n<\/div>\n\n\n<p class=\"has-text-align-center\"><strong>das Schl\u00fcpfen eines Vogels aus dem Ei<\/strong><\/p>\n\n\n\n<p class=\"has-text-align-center\"><\/p>\n<\/div>\n\n\n\n<div class=\"wp-block-column is-layout-flow wp-block-column-is-layout-flow\"><div class=\"wp-block-image\">\n<figure class=\"aligncenter size-large is-resized\"><img loading=\"lazy\" decoding=\"async\" width=\"791\" height=\"1024\" src=\"https:\/\/www.logotherapie-bodensee.ch\/wp-content\/uploads\/2024\/09\/pngwing.com22-791x1024.png\" alt=\"\" class=\"wp-image-1123\" style=\"aspect-ratio:1;width:160px;height:auto\" srcset=\"https:\/\/www.logotherapie-bodensee.ch\/wp-content\/uploads\/2024\/09\/pngwing.com22-791x1024.png 791w, https:\/\/www.logotherapie-bodensee.ch\/wp-content\/uploads\/2024\/09\/pngwing.com22-232x300.png 232w, https:\/\/www.logotherapie-bodensee.ch\/wp-content\/uploads\/2024\/09\/pngwing.com22-768x994.png 768w, https:\/\/www.logotherapie-bodensee.ch\/wp-content\/uploads\/2024\/09\/pngwing.com22-1187x1536.png 1187w, https:\/\/www.logotherapie-bodensee.ch\/wp-content\/uploads\/2024\/09\/pngwing.com22-1582x2048.png 1582w\" sizes=\"auto, (max-width: 791px) 100vw, 791px\" \/><\/figure>\n<\/div>\n\n\n<p class=\"has-text-align-center\"><strong>der Spr\u00f6ssling einer Pflanze aus dem Samenkorn<\/strong><\/p>\n\n\n\n<p class=\"has-text-align-center\"><\/p>\n<\/div>\n<\/div>\n<\/div><\/div>\n\n\n\n<p>Mit drei Jahren wurde ich als uneheliches Kriegs-Weisen-Kind&nbsp; <strong>1943&nbsp;<\/strong> in der noch Freien Hansestadt Danzig adoptiert und liebevoll von meinen&nbsp; \u201eEltern\u201c aufgezogen. Zur Geschichte ist zu erw\u00e4hnen, <strong>das 1924&nbsp;<\/strong> der Versailler Vertrag geschlossen wurde, der meine ehemalige Heimatregion von Deutschland l\u00f6ste. Ein Jahr sp\u00e4ter wurde unter dem Schutz des V\u00f6lkerbundes die Freie Hansestadt Danzig als Selbstst\u00e4ndige &#8211; Staatliche &#8211; Einheit geschaffen. Mit dem Ausbruch des 2. Weltkrieges verloren wir unsere geliebte Heimat.<\/p>\n\n\n\n<p>W\u00e4hrend des Bombenangriffes der Russischen Armee auf Danzig stand das bekannte Kreuzfahrt- und Lazarettschiff <strong>\u201e die Wilhelm Gustloff \u201e<\/strong> zur Rettung von M\u00fcttern mit Kindern\u00a0 im Danziger\u00a0 Hafen bereit. In der langen Warteschlange stand auch meine Mutter\u00a0 mit mir als 5 j\u00e4hriger an. Wir wurden aber <strong>nicht <\/strong>hinauf gelassen, da nur M\u00fctter mit mehreren Kindern bevorzugt\u00a0 wurden.\u00a0<strong>Am 30. Januar 1945,<\/strong>\u00a0 w\u00e4hrend der Fahrt Richtung Kopenhagen, D\u00e4nemark, wurde das Schiff von dem sowjetischen U \u2013 Boot S 13 von einem Torpedo getroffen und ist mit mehr als 9 000 Menschen und deren Besatzungsmitgliedern der verlustreichste Schiffsuntergang der Weltgeschichte, bezogen auf ein einzelnes Schiff.<\/p>\n\n\n\n<p>Meiner Mutter gelang dann die spektakul\u00e4re Flucht mit einem kleinen Fischerboot nach Kopenhagen, D\u00e4nemark. Als die Unterkunft wegen Ungeziefer desinfiziert wurde, ber\u00fchrte mich in diesem zarten Kindesalter erstmals bewusst das Sterben von vielen kleinen Tieren, die ums \u00dcberleben k\u00e4mpften. Ich war sehr traurig und tief bewegt, dass so viele kleine Tiere nicht mehr lebten.<\/p>\n\n\n\n<p>\u00dcber das&nbsp; Deutsche Rote Kreuz erfuhren wir ein Jahr sp\u00e4ter, dass der Vater vom Russlandfeldzug als einziger von 4 Geschwistern verwundet&nbsp; zur\u00fcckgekommen war und in der L\u00fcneburger Heide in Bad Bevensen in einem Kinderheim&nbsp; wieder eine neue Existenz&nbsp; als G\u00e4rtner aufbauen konnte. M\u00fctterlicherseits \u00fcberlebten zwei von dreizehn Geschwistern den 2. Weltkrieg. Vater brachte seine Mutter, einen Kriegskameraden&nbsp; und eine Schwester meiner Mutter mit in unseren Haushalt.&nbsp; Mit 6 Jahren wurde ich in Bad Bevensen eingeschult und der Vater war f\u00fcr mich das grosse Vorbild, auch im Hegen und Pflegen der Natur, so lernte ich schon fr\u00fch die Wunder einer sch\u00f6nen&nbsp; Naturlandschaft&nbsp; kennen und sch\u00e4tzen.<\/p>\n\n\n\n<p><\/p>\n\n\n\n<div class=\"wp-block-cp-timeline-content-timeline Cool-Content-Timeline\"><div class=\"cool-timeline-block-8deb2d63-0b26-4083-b3ca-0c715ff0adb3\"><div class=\"cool-vertical-timeline-body ctlb-wrapper both-sided left\"><div class=\"cool-timeline-block-list\">\n<div class=\"wp-block-cp-timeline-content-timeline-child swiper-slide\"><div class=\"timeline-content icon-false \"><div class=\"timeline-block-timeline ctl-row  position-right\"><div class=\"ctl-6 timeline-block-time\"><div class=\"story-time\"><p><strong>9 Jahr<\/strong>e<\/p><\/div><\/div><div class=\"timeline-block-icon\"><svg stroke=\"currentColor\" fill=\"currentColor\" stroke-width=\"0\" viewBox=\"0 0 512 512\" height=\"1em\" width=\"1em\" xmlns=\"http:\/\/www.w3.org\/2000\/svg\"><path d=\"M256 8C119 8 8 119 8 256s111 248 248 248 248-111 248-248S393 8 256 8z\"><\/path><\/svg><\/div><div class=\"ctl-6 timeline-block-detail\"><div class=\"story-details\"><div class=\"story-content\">\n<h3 class=\"wp-block-heading ctlb-block-title\" style=\"padding-top:0px;padding-right:0px;padding-bottom:0px;padding-left:0px\">Mit 9 Jahren<\/h3>\n\n\n\n<p class=\"ctlb-block-desc\" style=\"padding-top:0px;padding-right:0px;padding-bottom:0px;padding-left:0px\">wurde ich nach einem Sportunfall notfallm\u00e4ssig zum 1. Mal ins Spital eingewiesen. Das linke H\u00fcftgelenk hatte sich entz\u00fcndet und eine Knochenmarkvereiterung verursacht. Bei mir wurde das neu eingef\u00fchrte Antibiotikum&nbsp; \u201ePenizillin\u201c ausprobiert, das war 1949 und hat mir das Leben gerettet.<\/p>\n<\/div><\/div><\/div><\/div><\/div><\/div>\n\n\n\n<div class=\"wp-block-cp-timeline-content-timeline-child swiper-slide\"><div class=\"timeline-content icon-false \"><div class=\"timeline-block-timeline ctl-row  position-left\"><div class=\"ctl-6 timeline-block-time\"><div class=\"story-time\"><p><strong>14 Jahre<\/strong><\/p><\/div><\/div><div class=\"timeline-block-icon\"><svg stroke=\"currentColor\" fill=\"currentColor\" stroke-width=\"0\" viewBox=\"0 0 512 512\" height=\"1em\" width=\"1em\" xmlns=\"http:\/\/www.w3.org\/2000\/svg\"><path d=\"M256 8C119 8 8 119 8 256s111 248 248 248 248-111 248-248S393 8 256 8z\"><\/path><\/svg><\/div><div class=\"ctl-6 timeline-block-detail\"><div class=\"story-details\"><div class=\"story-content\">\n<h3 class=\"wp-block-heading ctlb-block-title\" style=\"padding-top:0px;padding-right:0px;padding-bottom:0px;padding-left:0px\">Mit 14 Jahren<\/h3>\n\n\n\n<p class=\"ctlb-block-desc\" style=\"padding-top:0px;padding-right:0px;padding-bottom:0px;padding-left:0px\">begann ich die G\u00e4rtnerlehre bei einem G\u00e4rtnermeister, den Vater von fr\u00fcher kannte und&nbsp; ebenfalls aus Danzig gefl\u00fcchtet war,&nbsp; 50 km vom Elternhaus entfernt&nbsp; in Kost und Logis und&nbsp; half zus\u00e4tzlich in der Erntezeit auch bei einem befreundeten Bauern mit aus. Zu dieser Zeit war es so \u00fcblich, dass man f\u00fcr einen Lehrplatz bezahlen musste, wenn man das nicht konnte, in Kost und Logis ging. Jedes vierte Wochenende durfte ich die Eltern mit dem Velo besuchen. Im ersten Lehrjahr bekam ich 10.&#8211;, im Zweiten 20.&#8211; und im Dritten 30.&#8211; DM Trinkgeld als Endl\u00f6hnung. Auf dem Bauernhof des Schwagers&nbsp; lernte ich den liebevollen Umgang mit Tieren kennen, was ich gerne machte, obwohl es ausserhalb der offiziellen Arbeitszeit war.<\/p>\n<\/div><\/div><\/div><\/div><\/div><\/div>\n<\/div><\/div><\/div><\/div>\n\n\n\n<p>Nach dem 1. Lehrjahr erkrankte ich an Knochenweiche im ganzen K\u00f6rper = Rachitis und lag dann ein halbes Jahr in der Privatklinik Oerrel im Bett, in einem sogenannten Streckverband,&nbsp; bis sich das Knochenger\u00fcst&nbsp; langsam wieder gefestigt hatte. Auch das war f\u00fcr die \u00c4rzte zu dieser Zeit, <strong>1956<\/strong>&nbsp; wie ein Wunder, da auch sie nur hofften, dass die Kalktabletteneinnahme richtig sei. Die G\u00e4rtnerlehre beendete ich trotz allem mit grosser Freude und Erfolg.<\/p>\n\n\n\n<p>Nach dem Lehrabschluss und einem Gesellenjahr in Bremen und dem Besuch der Gartenbauausstellung in Z\u00fcrich, die&nbsp; ( G &#8211; N\u00fcnef\u00fcfzig ) bekam ich <strong>1960 <\/strong>eine Stelle bei Hans Brenner in Z\u00fcrich &#8211; Affoltern und arbeitete dort als Landschaftsg\u00e4rtner.<\/p>\n\n\n\n<p>Nach f\u00fcnf Gesellenjahren entschloss ich mich, die G\u00e4rtnermeisterpr\u00fcfung zu machen. An der Gartenbau- Lehr- und Versuchsanstalt Friesdorf, Bad Godesberg bei Bonn absolvierte ich 2 Semester&nbsp; und machte nach 6 Berufsjahren den Pr\u00fcfungsabschluss in Topfpflanzen und Floristik und erhielt den G\u00e4rtner-Meisterbrief.<\/p>\n\n\n<div class=\"wp-block-image\">\n<figure class=\"aligncenter size-full\"><img loading=\"lazy\" decoding=\"async\" width=\"500\" height=\"698\" src=\"https:\/\/www.logotherapie-bodensee.ch\/wp-content\/uploads\/2024\/02\/Gaertner-Meisterbrief.png\" alt=\"\" class=\"wp-image-979\" srcset=\"https:\/\/www.logotherapie-bodensee.ch\/wp-content\/uploads\/2024\/02\/Gaertner-Meisterbrief.png 500w, https:\/\/www.logotherapie-bodensee.ch\/wp-content\/uploads\/2024\/02\/Gaertner-Meisterbrief-215x300.png 215w\" sizes=\"auto, (max-width: 500px) 100vw, 500px\" \/><\/figure>\n<\/div>\n\n\n<p>Weil meine Eltern in der Zwischenzeit nach Bremen gezogen waren und dort in einem Heim f\u00fcr schwererziehbare Jugendliche arbeiteten, fragte mich der Vater an, ob ich ihm&nbsp; helfen wolle, den G\u00e4rtnereibetrieb mit aufzubauen. Den Eltern zu Liebe sagte ich zu, da sie auch schon in die reiferen Jahre gekommen waren.<\/p>\n\n\n\n<p>Ich wurde in der geschlossenen Abteilung angestellt und konnte so eine vierj\u00e4hrige Zusatzausbildung als Erzieher, heute Sozialp\u00e4dagoge, an der Sozial-Akademie in Bremen machen. Nach der Diplomarbeit und dem&nbsp; Praktikum war wieder eine Ausbildung erfolgreich abgeschlossen. Das vierte Praktikumsjahr arbeitete ich in einem Lehrlingsheim der Bethelschen Anstalten in Bielefeld bereits als Heimleiter-Stellvertreter.<\/p>\n\n\n\n<p><strong>1970<\/strong> verlobte ich mich mit Ursula Uehli an einem Internationalen Guttempler-Jugendlager auf einem Touristenboot auf der Kaiser Gracht in Amsterdam zur \u00dcberraschung aller Anwesenden und ein Jahr sp\u00e4ter heiraten wir.<\/p>\n\n\n\n<p>27 Jahre war ich aktives Mitglied bei der Internationalen Guttempler Organisation und nahm an den j\u00e4hrlichen Jugendlagern teil. <strong>\u201eMeine Eltern\u201c<\/strong> waren die idealistischen Vorbilder f\u00fcr eine freiwillige Enthaltsamkeit von s\u00e4mtlichen Suchtmitteln. Dieser Entschluss&nbsp; pr\u00e4gt mein ganzes Leben und ist f\u00fcr mich eine unvergessliche, spannende und interessante Lebensschule bis zum heutigen Tag.<\/p>\n\n\n\n<p><\/p>\n\n\n\n<div class=\"wp-block-cp-timeline-content-timeline Cool-Content-Timeline\"><div class=\"cool-timeline-block-5a65057d-9dec-413e-938b-b7f9efa492d8\"><div class=\"cool-vertical-timeline-body ctlb-wrapper both-sided left\"><div class=\"cool-timeline-block-list\">\n<div class=\"wp-block-cp-timeline-content-timeline-child swiper-slide\"><div class=\"timeline-content icon-false \"><div class=\"timeline-block-timeline ctl-row  position-right\"><div class=\"ctl-6 timeline-block-time\"><div class=\"story-time\"><p><strong>Januar 1970<\/strong><\/p><\/div><\/div><div class=\"timeline-block-icon\"><svg stroke=\"currentColor\" fill=\"currentColor\" stroke-width=\"0\" viewBox=\"0 0 512 512\" height=\"1em\" width=\"1em\" xmlns=\"http:\/\/www.w3.org\/2000\/svg\"><path d=\"M256 8C119 8 8 119 8 256s111 248 248 248 248-111 248-248S393 8 256 8z\"><\/path><\/svg><\/div><div class=\"ctl-6 timeline-block-detail\"><div class=\"story-details\"><div class=\"story-content\">\n<h3 class=\"wp-block-heading ctlb-block-title\" style=\"padding-top:0px;padding-right:0px;padding-bottom:0px;padding-left:0px\">Im Januar 1970<\/h3>\n\n\n\n<p class=\"ctlb-block-desc\" style=\"padding-top:0px;padding-right:0px;padding-bottom:0px;padding-left:0px\">fand ich eine Stelle in Basel-Stadt als Sozialp\u00e4dagoge im Schifferkinderheim, wo ich leider nur ein Jahr arbeitete, denn mit Kindern konnte ich besonders gut umgehen, aber mit dem Heimleiter &#8211; Ehepaar nicht.<\/p>\n<\/div><\/div><\/div><\/div><\/div><\/div>\n\n\n\n<div class=\"wp-block-cp-timeline-content-timeline-child swiper-slide\"><div class=\"timeline-content icon-false \"><div class=\"timeline-block-timeline ctl-row  position-left\"><div class=\"ctl-6 timeline-block-time\"><div class=\"story-time\"><p>Es bot sich auch wieder&nbsp; eine neue Herausforderung in Reinach, Baselland im Landheim Erlenhof an. Hier wurde ich als G\u00e4rtnermeister und Sozialp\u00e4dagoge angestellt. Nach einem Wiederaufbau der alten und verlotterten Gew\u00e4chsh\u00e4user&nbsp; konnte ich zwei Anlehrlinge ausbilden und ihnen einen guten Start f\u00fcr ihre Zukunft mitgeben. Bis zu 15 Jugendliche pro Tag musste ich alleine besch\u00e4ftigen, <strong>die Heimleitung nannte das Arbeitstherapie.<\/strong><\/p><\/div><\/div><div class=\"timeline-block-icon\"><svg stroke=\"currentColor\" fill=\"currentColor\" stroke-width=\"0\" viewBox=\"0 0 512 512\" height=\"1em\" width=\"1em\" xmlns=\"http:\/\/www.w3.org\/2000\/svg\"><path d=\"M256 8C119 8 8 119 8 256s111 248 248 248 248-111 248-248S393 8 256 8z\"><\/path><\/svg><\/div><div class=\"ctl-6 timeline-block-detail\"><div class=\"story-details\"><div class=\"story-content\">\n<h3 class=\"wp-block-heading ctlb-block-title\" style=\"padding-top:0px;padding-right:0px;padding-bottom:0px;padding-left:0px\">1971 &#8211; 1978<\/h3>\n\n\n\n<p class=\"ctlb-block-desc\" style=\"padding-top:0px;padding-right:0px;padding-bottom:0px;padding-left:0px\"><\/p>\n<\/div><\/div><\/div><\/div><\/div><\/div>\n<\/div><\/div><\/div><\/div>\n\n\n\n<div class=\"wp-block-cp-timeline-content-timeline Cool-Content-Timeline\"><div class=\"cool-timeline-block-3db0a081-197c-4663-9b11-461f2032817c\"><div class=\"cool-vertical-timeline-body ctlb-wrapper both-sided left\"><div class=\"cool-timeline-block-list\">\n<div class=\"wp-block-cp-timeline-content-timeline-child swiper-slide\"><div class=\"timeline-content icon-false \"><div class=\"timeline-block-timeline ctl-row  position-right\"><div class=\"ctl-6 timeline-block-time\"><div class=\"story-time\"><p><strong>1978<\/strong><\/p><\/div><\/div><div class=\"timeline-block-icon\"><svg stroke=\"currentColor\" fill=\"currentColor\" stroke-width=\"0\" viewBox=\"0 0 512 512\" height=\"1em\" width=\"1em\" xmlns=\"http:\/\/www.w3.org\/2000\/svg\"><path d=\"M256 8C119 8 8 119 8 256s111 248 248 248 248-111 248-248S393 8 256 8z\"><\/path><\/svg><\/div><div class=\"ctl-6 timeline-block-detail\"><div class=\"story-details\"><div class=\"story-content\">\n<h3 class=\"wp-block-heading ctlb-block-title\" style=\"padding-top:0px;padding-right:0px;padding-bottom:0px;padding-left:0px\">Als mich 1978<\/h3>\n\n\n\n<p class=\"ctlb-block-desc\" style=\"padding-top:0px;padding-right:0px;padding-bottom:0px;padding-left:0px\">ein guter Freund, Gustl Kopania anfragte, ob&nbsp; ich in die Ostschweiz nach Kreuzlingen kommen wollte, sagte ich sofort zu und wurde auch als Stellenleiter der Alkohol- und Drogenberatungsstelle gew\u00e4hlt.<\/p>\n<\/div><\/div><\/div><\/div><\/div><\/div>\n<\/div><\/div><\/div><\/div>\n\n\n\n<p><\/p>\n\n\n\n<p class=\"has-large-font-size\"><strong>Sie werden sich fragen, warum so spontan?<\/strong><\/p>\n\n\n\n<p>Ich hatte mir in Basel eine Segeljolle gekauft und fuhr mit dem Bootsanh\u00e4nger an meinen freien Wochenenden von Basel nach Mammern am Untersee zum Segeln. Seitdem bin ich der Ostschweiz treu geblieben und hier in Bottighofen sesshaft geworden. Ist das nicht eine interessante Geschichte?&nbsp; F\u00fcr mich ist es ein grosses Wunder der Natur, das ich das trotz meiner k\u00f6rperlichen Behinderung alles geschafft habe.<\/p>\n\n\n\n<div class=\"wp-block-cp-timeline-content-timeline Cool-Content-Timeline\"><div class=\"cool-timeline-block-95c030a6-cf39-41e7-b2f9-ab99ac9c409c\"><div class=\"cool-vertical-timeline-body ctlb-wrapper both-sided left\"><div class=\"cool-timeline-block-list\">\n<div class=\"wp-block-cp-timeline-content-timeline-child swiper-slide\"><div class=\"timeline-content icon-false \"><div class=\"timeline-block-timeline ctl-row  position-right\"><div class=\"ctl-6 timeline-block-time\"><div class=\"story-time\"><p><strong>1998<\/strong><\/p><\/div><\/div><div class=\"timeline-block-icon\"><svg stroke=\"currentColor\" fill=\"currentColor\" stroke-width=\"0\" viewBox=\"0 0 512 512\" height=\"1em\" width=\"1em\" xmlns=\"http:\/\/www.w3.org\/2000\/svg\"><path d=\"M256 8C119 8 8 119 8 256s111 248 248 248 248-111 248-248S393 8 256 8z\"><\/path><\/svg><\/div><div class=\"ctl-6 timeline-block-detail\"><div class=\"story-details\"><div class=\"story-content\">\n<h3 class=\"wp-block-heading ctlb-block-title\" style=\"padding-top:0px;padding-right:0px;padding-bottom:0px;padding-left:0px\">1998 war f\u00fcr mich ein wunderbares Jahr<\/h3>\n\n\n\n<p class=\"ctlb-block-desc\" style=\"padding-top:0px;padding-right:0px;padding-bottom:0px;padding-left:0px\">als ich William Burkhardt in Teufen&nbsp; im Kanton Appenzell kennenlernte, der f\u00fcr seine ganzheitliche Naturheilkunde bekannt ist, <strong><a href=\"http:\/\/www.logotherapie-bodensee.ch\/Links.htm\">siehe unter Links.<\/a><\/strong> Ein v\u00f6llig wildfremder Mann erz\u00e4hlte mir \u00fcber mehrere Monate in der Sauna im S\u00e4ntispark, Abtwil bei St. Gallen von dem Kant. Approb. Naturheilarzt und seinen Behandlungserfolgen, bis ich glaubte, diesem Mann war es sehr wichtig, dass ich den Heilpraktiker auch kennenlernen sollte.<br><\/p>\n<\/div><\/div><\/div><\/div><\/div><\/div>\n<\/div><\/div><\/div><\/div>\n\n\n\n<p>Meine desolaten Knie- und H\u00fcftgelenke machten mir nach all den beruflich strengen Jahren zu schaffen, so dass er mir einfach helfen wollte. Ich habe die Praxis aufgesucht und w\u00e4hrend drei Jahren haben die Vor- und Nachbehandlungen meiner vier Operationen einen befriedigenden&nbsp; Erfolg gebracht. Ich kann jetzt wieder gr\u00f6ssere Wanderungen machen und<strong> seit Juli 2009 <\/strong>auch wieder Velofahren. 25 Jahre habe darauf verzichten m\u00fcssen und die Hoffnung nie aufgegeben, alles wieder einmal machen zu k\u00f6nnen.<\/p>\n\n\n\n<p>Es entwickelte sich in k\u00fcrzester Zeit eine freundschaftliche Beziehung zu meinem Naturheilarzt. Seitdem konnte er auch einige meiner&nbsp; Bekannten und Freunden erfolgreich weiterhelfen. <\/p>\n\n\n\n<div class=\"wp-block-buttons alignwide is-content-justification-center is-layout-flex wp-container-core-buttons-is-layout-51f7783f wp-block-buttons-is-layout-flex\">\n<div class=\"wp-block-button\"><a class=\"wp-block-button__link wp-element-button\" href=\"https:\/\/www.logotherapie-bodensee.ch\/?page_id=74\">Interessante B\u00fccher<\/a><\/div>\n<\/div>\n\n\n\n<p><\/p>\n\n\n\n<div class=\"wp-block-buttons is-content-justification-center is-layout-flex wp-container-core-buttons-is-layout-16018d1d wp-block-buttons-is-layout-flex\">\n<div class=\"wp-block-button\"><a class=\"wp-block-button__link wp-element-button\" href=\"#neve_body\">Nach oben<\/a><\/div>\n<\/div>\n","protected":false},"excerpt":{"rendered":"<p>Meiner Meinung nach sind es die gr\u00f6ssten Wunder der Natur die Geburt eines Kindes das neugeborene Tier das Schl\u00fcpfen eines Vogels aus dem Ei der Spr\u00f6ssling einer Pflanze aus dem Samenkorn Mit drei Jahren wurde ich als uneheliches Kriegs-Weisen-Kind&nbsp; 1943&nbsp; in der noch Freien Hansestadt Danzig adoptiert und liebevoll von meinen&nbsp; \u201eEltern\u201c aufgezogen. Zur Geschichte&hellip;&nbsp;<a href=\"https:\/\/www.logotherapie-bodensee.ch\/?page_id=69\" class=\"\" rel=\"bookmark\">Weiterlesen &raquo;<span class=\"screen-reader-text\">Die Wunder der Natur<\/span><\/a><\/p>\n","protected":false},"author":1,"featured_media":0,"parent":210,"menu_order":0,"comment_status":"closed","ping_status":"closed","template":"","meta":{"neve_meta_sidebar":"","neve_meta_container":"","neve_meta_enable_content_width":"","neve_meta_content_width":0,"neve_meta_title_alignment":"","neve_meta_author_avatar":"","neve_post_elements_order":"","neve_meta_disable_header":"","neve_meta_disable_footer":"","neve_meta_disable_title":"","footnotes":""},"class_list":["post-69","page","type-page","status-publish","hentry"],"_links":{"self":[{"href":"https:\/\/www.logotherapie-bodensee.ch\/index.php?rest_route=\/wp\/v2\/pages\/69","targetHints":{"allow":["GET"]}}],"collection":[{"href":"https:\/\/www.logotherapie-bodensee.ch\/index.php?rest_route=\/wp\/v2\/pages"}],"about":[{"href":"https:\/\/www.logotherapie-bodensee.ch\/index.php?rest_route=\/wp\/v2\/types\/page"}],"author":[{"embeddable":true,"href":"https:\/\/www.logotherapie-bodensee.ch\/index.php?rest_route=\/wp\/v2\/users\/1"}],"replies":[{"embeddable":true,"href":"https:\/\/www.logotherapie-bodensee.ch\/index.php?rest_route=%2Fwp%2Fv2%2Fcomments&post=69"}],"version-history":[{"count":37,"href":"https:\/\/www.logotherapie-bodensee.ch\/index.php?rest_route=\/wp\/v2\/pages\/69\/revisions"}],"predecessor-version":[{"id":1680,"href":"https:\/\/www.logotherapie-bodensee.ch\/index.php?rest_route=\/wp\/v2\/pages\/69\/revisions\/1680"}],"up":[{"embeddable":true,"href":"https:\/\/www.logotherapie-bodensee.ch\/index.php?rest_route=\/wp\/v2\/pages\/210"}],"wp:attachment":[{"href":"https:\/\/www.logotherapie-bodensee.ch\/index.php?rest_route=%2Fwp%2Fv2%2Fmedia&parent=69"}],"curies":[{"name":"wp","href":"https:\/\/api.w.org\/{rel}","templated":true}]}}