{"id":80,"date":"2023-02-05T09:48:30","date_gmt":"2023-02-05T09:48:30","guid":{"rendered":"https:\/\/helmutpatzer.it9cloud.ch\/?page_id=80"},"modified":"2026-04-12T12:11:55","modified_gmt":"2026-04-12T12:11:55","slug":"logotherapie","status":"publish","type":"page","link":"https:\/\/www.logotherapie-bodensee.ch\/?page_id=80","title":{"rendered":"Logotherapie"},"content":{"rendered":"\n<p class=\"has-medium-font-size\">Weiteres zu &#8220;Logotherapie&#8221;<\/p>\n\n\n\n<div class=\"wp-block-buttons is-layout-flex wp-block-buttons-is-layout-flex\">\n<div class=\"wp-block-button\"><a class=\"wp-block-button__link wp-element-button\" href=\"https:\/\/www.logotherapie-bodensee.ch\/?page_id=83\">Angebote<\/a><\/div>\n\n\n\n<div class=\"wp-block-button\"><a class=\"wp-block-button__link wp-element-button\" href=\"https:\/\/www.logotherapie-bodensee.ch\/?page_id=92\">Interdisziplin\u00e4re Fortbildung<\/a><\/div>\n\n\n\n<div class=\"wp-block-button\"><a class=\"wp-block-button__link wp-element-button\" href=\"https:\/\/www.logotherapie-bodensee.ch\/?page_id=88\">Jubil\u00e4umstagungen<\/a><\/div>\n\n\n\n<div class=\"wp-block-button\"><a class=\"wp-block-button__link wp-element-button\" href=\"https:\/\/www.logotherapie-bodensee.ch\/?page_id=90\">Institute und Gesellschaften<\/a><\/div>\n\n\n\n<div class=\"wp-block-button\"><a class=\"wp-block-button__link wp-element-button\" href=\"https:\/\/www.logotherapie-bodensee.ch\/?page_id=86\">Was ist Existenzanalyse?<\/a><\/div>\n<\/div>\n\n\n\n<div class=\"wp-block-columns is-layout-flex wp-container-core-columns-is-layout-9d6595d7 wp-block-columns-is-layout-flex\">\n<div class=\"wp-block-column is-layout-flow wp-block-column-is-layout-flow\" style=\"flex-basis:33.33%\">\n<figure class=\"wp-block-image size-full is-resized\"><img loading=\"lazy\" decoding=\"async\" width=\"219\" height=\"223\" src=\"https:\/\/helmutpatzer.it9cloud.ch\/wp-content\/uploads\/2023\/02\/helmut_sepia.jpg\" alt=\"\" class=\"wp-image-81\" style=\"width:282px;height:auto\"\/><\/figure>\n<\/div>\n\n\n\n<div class=\"wp-block-column is-layout-flow wp-block-column-is-layout-flow\" style=\"flex-basis:66.66%\">\n<p><\/p>\n\n\n\n<p class=\"has-large-font-size\"><strong>Logotherapie und Existenzanalyse<\/strong><\/p>\n\n\n\n<h2 class=\"wp-block-heading has-medium-font-size\"><strong>Eine sinnzentrierte Psychotherapie von:<\/strong><\/h2>\n\n\n\n<p><strong>Prof. Dr. med. Viktor Emil Frankl, Wien<\/strong><strong><br><\/strong><strong>Geboren 26. M\u00e4rz 1905 \/&nbsp; Gestorben 2. September 1997<\/strong><\/p>\n<\/div>\n<\/div>\n\n\n\n<p>Von insgesamt \u00fcber 200 Universit\u00e4ten auf allen f\u00fcnf Erdteilen luden Frankl zu Vortr\u00e4gen und Gastvorlesungen ein. Frankl wurden 29 Ehrendoktorate zuerkannt; zahlreiche Auszeichnungen wurden Frankl verliehen, darunter das Grosse Goldene Ehrenzeichen mit dem Stern der Republik \u00d6sterreich und das Grosse Verdienstkreuz der Bundesrepublik Deutschland. Die American Psychiatric&nbsp; Association verlieh Frankl als ersten nicht-amerikanischen Psychiater den Oskar-Pfister-Preis, die \u00d6sterreichische Akademie der Wissenschaften w\u00e4hlte ihn zu ihrem Ehrenmitglied. Seine letzte Lesung hielt Frankl im Alter von 91 Jahren am 21. Oktober 1996 an der Universit\u00e4tsklinik Wien.<\/p>\n\n\n\n<p>Die Logotherapie und Existenzanalyse ist eine sinnzentrierte Psychotherapie, die der Bewegung der humanistischen Psychotherapie zugerechnet werden kann. In dieser Eigenschaft greift sie auf einen reichen philosophischen Fundus zur\u00fcck ( vor allem in der Tradition von Max Scheler und Karl Jaspers ). Als Psychiater und Neurologe war Frankl aber auch an der empirischen Validierung seiner Vorstellungen gelegen und neben seinen philosophisch-psychologischen Arbeiten hat er zudem in einem differenzierten \u00e4tiologischen Modell auch die Somatogenese psychischer St\u00f6rungen erforscht, <strong>Auszug <\/strong>aus dem Buch von Otmar Wiesmeyr \/ Alexander Batthyany, aus \u201eSinn und Person\u201c, Beltz Taschenbuch-Verlag 2006, <strong>ISBN <\/strong>13: 978-3407-22179-7<\/p>\n\n\n\n<p>Das Ziel einer menschenw\u00fcrdigen Beratung oder Psychotherapie muss im Sinne einer gelebten Logotherapie praktiziert werden. <strong>Es gibt drei wichtige Sinnmotivationen:<\/strong> <strong>die Freiheit<\/strong> der Gedanken, <strong>die W\u00fcrde<\/strong> des Menschen und <strong>die Verantwortung<\/strong> der einzelnen Person f\u00fcr ein bejahendes Leben.<\/p>\n\n\n\n<p>Die von Viktor E. Frankl gegr\u00fcndete 3. Wiener Schule f\u00fcr Psychotherapie, die Logotherapie, besch\u00e4ftigt sich mit der Frage des Menschen nach dem Sinn, (Logos) seines Tuns&nbsp; und Lassens, dem eigentlichen Sinn des Lebens. Seine Logotherapie bleibt eine Lebensphilosophie, die niemals in Schemata zu fassen sein wird. So sehen wir, dass es der M\u00f6glichkeit nach nicht nur einen bedingungslosen <strong>Sinn<\/strong> des Lebens gibt, sondern auch einen bedingungslosen <strong>Wert<\/strong> des Menschen. <strong>Er ist es,<\/strong> <strong>der die Menschen-W\u00fcrde ausmacht, die unabh\u00e4ngig ist von dem Nutz-Wert<\/strong><strong>. <\/strong>Die 1. Wiener Schule f\u00fcr Psychotherapie ist die von Sigmund Freud gegr\u00fcndete Psychoanalyse, geb. 6. Mai 1856, gest. 23. September 1939. Die 2. Wiener Schule ist die von Alfred Adler gegr\u00fcndete Individualpsychologie, geb. 7. Februar 1870, gest. 28. Mai 1937.<\/p>\n\n\n\n<p>Ein Pl\u00e4doyer f\u00fcr die Respektierung des ganzen Menschen ist dann dringend angesagt, wenn der Respekt abnimmt oder gar verloren zu gehen droht, in dem Menschen zur Ware reduziert oder zum wissenschaftlichen Experimentiermaterial <strong>abgewertet<\/strong> werden. Daraus kann&nbsp; es zu einer existentiellen Sinnleere kommen, die Frankl f\u00fcr das zwanzigste Jahrhundert bereits vorausgesehen hat.<\/p>\n\n\n\n<p><strong>Frankl kam schon 1926 zu der Erkenntnis,<\/strong> dass es letztlich bei jedem Menschen die Frage nach dem Sinn ist, die sein&nbsp; Leben begleitet.&nbsp; Der Mensch muss sich <strong>bewusst <\/strong>mit seinen geistigen Grundf\u00e4higkeiten auseinandersetzen. Zur Ganzheit des Menschen geh\u00f6ren aber auch das k\u00f6rperliche Gesundheitsbewusstsein, die emotionalen Befindlichkeiten seiner Psyche und die soziale Eingebundenheit.<\/p>\n\n\n\n<p><strong>Der Mensch ist wohl das einzige Wesen,<\/strong> das f\u00e4hig ist, sich selbst zu hinterfragen, zum Beispiel \u00fcber eine Einstellungs- und Verhaltens\u00e4nderung nachzudenken und in die Tat umzusetzen. <strong>Madeleine Monsch<\/strong> aus dem Redeaktionsteam der SGLE Zeitschrift 2023-2 schreibt: &#8220;Unser Kosmos steht keinen Moment still&#8221;. So w\u00fcnsche ich mir und uns allen, dass auch wir von innen her Bewegte bleiben! <strong>F\u00fcr uns selbst um den innersten, heilen, unzerst\u00f6rbaren Wesenskern wissen<\/strong> und diese Ressource auch in schwierigen und guten Begegnungen mit andren Menschen wirken zu lassen&#8221;.<\/p>\n\n\n\n<p><strong>Aus dem Mitteilungsheft<\/strong> der Schweizerischen Gesellschaft f\u00fcr Logotherapie und Existenzanalyse <strong>2023-2<\/strong> <strong>\u00fcber seelische Verletzungen,<\/strong> Seelischer Schmerz &#8211; der Sinn-Appell, um zu erkennen und Leiden zu transzendieren <strong>&#8220;pati  aude &#8211; wage es, zu leiden&#8221;, (Frankl 1998, S.209) <\/strong>folgender Auszug von <strong>Dr. Heidi Vonwald: <\/strong>&#8220;Seelische Verletzungen bewirken tiefe Wunden in unserer Biografie, k\u00f6nnen Teile unserer Entfaltungsm\u00f6glichkeiten versch\u00fctten. Schwere seelische Verletzungen zeigen sich h\u00e4ufig versteckt, oft getarnt durch nicht sofort verstehbare Leiden.Diese Pers\u00f6nlichkeitsmerkmale mit ihren toxischen Speicherungen werden durch den chronischen Schmerz sichtbar. Es gilt dann diesen Sinn-Appell wahrzunehmen, die Einladung zu einer vertieften Erkenntnis und Wandlung der verkapselten Erinnerungen anzunehmen. <strong>Viktor Frankl lebte es pers\u00f6nlich vor<\/strong> &#8211; zweieinhalb Jahre menschenverachtende Tortur in vier verschiedenen Konzentrationslagern, Verlust seiner Familie. Nur seine rechtzeitig nach Australien ausgewanderte Schwester hatte dieses Grauen \u00fcberlebt&#8221;. <strong>Frankl zeigt in seiner Logotherapie Wege auf,<\/strong> wie auch ein zun\u00e4chst zerbrochenes Selbst als Ganzheit wieder erfahren werden kann, wie zerst\u00f6rbar Heilgebliebenes geborgen wird und die R\u00fcckbindung an das Urvertrauen wieder tragen kann.<\/p>\n\n\n\n<p class=\"has-medium-font-size\"><strong>Frankl (1988, S. 52) motiviert <\/strong>in einer grossen Klarheit: &#8220;Die Welt liegt im Argen &#8230; Sie ist nicht heil. Aber Sie werden verstehen m\u00fcssen, dass es mir als Arzt widerstrebt, es dabei bewenden zu lassen. <strong>Die Welt ist nicht heil, aber heil-bar&#8221;.<\/strong> Das Nicht-Sein-Sollende wird von der Person im Leiden tief empfunden. Das Verletzliche wird offenbar. <strong>Frankl (1991, S. 147, S. 151) warnt vor der<\/strong> <strong>Identifikation<\/strong> <strong>mit dem Gegebenem: <\/strong>&#8220;Das Leiden schafft &#8230; eine fruchtbare &#8230; revolution\u00e4re Spannung &#8230; Das Schicksal, das ein Mensch erleidet, hat also <strong>erstens<\/strong> den Sinn, gestaltet zu werden &#8211; wo m\u00f6glich-, und <strong>zweitens,<\/strong> getragen zu werden &#8211; <strong>wenn n\u00f6tig&#8221;. <\/strong> <strong>Frankl (1998, S. 209)<\/strong> empfiehlt &#8220;Mut zum Leiden&#8221;. Unab\u00e4nderliches Leiden braucht zun\u00e4chst unsere Konfrontation mit dem Unverst\u00e4ndlichen, ein Annehmen, dass die menschliche Realit\u00e4t auch voll von Leid sein kann&#8221;. <strong>Durch diese Akzeptanz<\/strong> werden seelische Verletzungen transzendiert. <strong>Das Sein<\/strong> wird dadurch transparent in einer metaphysischen Dimensionalit\u00e4t, die Person kommt ihrer inneren Wahrheit n\u00e4her, wird hellsichtig und die Welt durchsichtig&#8221; (Frankl, <strong>1998, S. 208-209)<\/strong><\/p>\n\n\n\n<p class=\"has-medium-font-size\"><strong>Buchempfehlung <\/strong>von Peter Prange mit Frank Baasner und Johannes Thiele, <strong>&#8220;Werte&#8221;<\/strong>, von Plato bis Pop, alles, was uns verbindet. Copyright , 2006 Broemer Verlag M\u00fcnchen, <strong>ISBN<\/strong>-10: 978-3-426-27392-0. <strong>Im 1. Titel<\/strong> &#8220;Leben und Sinn&#8221; wird mehrfach Viktor Frankls Lebensphilosophie \u00fcber das Leiden am sinnlosen Leben erw\u00e4hnt, schreibt er selbstverst\u00e4ndlich f\u00fcr seine sinnzentrierte Psychotherapie, die Logotherapie und Existenzanalyse als Hilfe zur Selbsthilfe, welches nur der Mensch in seinem Leben verwirklichen kann. Auf Seite 24 und 48 &#8211; 51 fand ich die folgenden Zeile aus dem Buch &#8221; Der Wille zu Sinn&#8221;, das Leiden am sinnlosen Leben: <strong>Viktor E. Frankl (1905 &#8211; 1997 )<\/strong> machte sich schon in den zwanziger Jahren einen Ruf als kluger Psychologe, vor allem in der Suizidpr\u00e4vention. 1945, im Jahr seiner Heirat mit Tilly Grosser, wurde er, seine Frau und seine Eltern ins Getto Theresienstadt deportiert. Sein Vater starb dort 1943, seine Mutter in Auschwitz, seine Frau im KZ Bergen-Belsen. Frankl wurde 1944 von Auschwitz in das Konzentrationslager 9 (T\u00fcrkheim) des KZ-Kommandos Kauferung \/ Landsberg transportiert. Am 22. April 1945 wurde er dort von der US-Armee befreit. Selbst diese KZ- Erfahrung konnte seinem Glauben an den Sinn des menschlichen Lebens nichts anhaben. Die berechtigte Frage nach dem Sinn des Lebens beantwortet Frankl mit seiner geistigen M\u00fcndigkeit oder besser Bewusstheit. Selbst Sigmund Freud wie auch Konrad Lorenz stellten fest, noch nie hat ein Tier danach gefragt, ob das Leben einen Sinn hat.<\/p>\n\n\n\n<p class=\"has-medium-font-size\">In der Schweiz arbeitet das Ausbildungsinstitut, <strong>ILE<\/strong> in Chur als Ordentliches Mitglied der Schweizerischen Charta f\u00fcr Psychotherapie gleichberechtigt und als eigenst\u00e4ndige Richtung mit anderen psychotherapeutischen Richtungen respektvoll miteinander zusammen.<\/p>\n\n\n\n<p class=\"has-medium-font-size\"><strong>Die erfreuliche Nachricht f\u00fcr 2023 f\u00fcr unser Institut, <\/strong> &#8220;Logotherapie und Existenzanalyse, <strong>ILE<\/strong>&#8221; ist die Anerkennung f\u00fcr den dreistufigen Lehrgang &#8220;Logotherapeutische Beratung nach Viktor E. Frankl&#8221; von der Schweizerischen Gesellschaft f\u00fcr Beratung, <strong>SGfB<\/strong> . Diese Anerkennung ist ein Qualit\u00e4tssiegel dieses Lehrgangs und f\u00fchrt ihn zu einer guten Positionierung auf dem Markt der Ausbildungen f\u00fcr Beratung im psychosozialen Bereich. Das auf Grund dieses Lehrgangs ausgeh\u00e4ndigte Diplom er\u00f6ffnet \u00fcberdies einen erleichterten Zugang zur sogenannten &#8220;h\u00f6heren Fachpr\u00fcfung&#8221;. Zwei der vier Pr\u00fcfungsteile werden erlassen. Der erfolgreiche Abschluss dieser Pr\u00fcfung berechtigt zum Tragen des gesch\u00fctzten Titels&#8221;Beraterin bzw. Berater im psychosozialen Bereich mit eidgen\u00f6ssischem Diplom&#8221;. <strong>Ab 1. Januar 2026<\/strong> findet die Ausbildung neu in <strong>Wil, SG<\/strong> im Katholischen Kirchgemeindehaus St. Peter, Lerchenfeldstrasse 3, 9500 Wil, SG statt. Weitere Informationen sind  bei <strong>&#8220;Logotherapie&#8221;<\/strong>&#8211; Institute und Gesellschaften ersichtlich.<\/p>\n\n\n\n<p class=\"has-medium-font-size\"><strong>Liebe Mitglieder<\/strong><\/p>\n\n\n\n<p class=\"has-medium-font-size\">Wir freuen uns, Euch  2024 auf ein neues Online-Angebot der SGLE aufmerksam zu machen.<\/p>\n\n\n\n<p class=\"has-medium-font-size\"><strong>LogoTalk<\/strong><\/p>\n\n\n\n<p class=\"has-medium-font-size\">Mit logop\u00e4dagogischem und logotherapeutischem Wissen !!!<\/p>\n\n\n\n<div class=\"wp-block-group is-vertical is-layout-flex wp-container-core-group-is-layout-8cf370e7 wp-block-group-is-layout-flex\">\n<p><strong>LEBEN \u2013 GEMEINSCHAFT \u2013 BERUF \u2013 KRISEN GESTALTEN<\/strong><\/p>\n\n\n\n<p class=\"has-medium-font-size\">Erhalten Sie Einblick in die Anwendung der Logotherapie in verschiedenen Berufsfeldern!<\/p>\n\n\n\n<p class=\"has-medium-font-size\">Zwei Mitglieder der SGLE laden Fachpersonen mit unterschiedlichen beruflichen Hintergr\u00fcnden zu einem offenen Online-Gespr\u00e4ch ein und moderieren dieses.<\/p>\n\n\n\n<p class=\"has-medium-font-size\">Im ersten Teil stellt der Gast sich und die Anwendung der Logotherapie in seinem Berufsfeld vor. Im zweiten Teil befragt das Moderationsteam den Gast. Im dritten Teil erh\u00e4lt das Publikum Gelegenheit, selbst Fragen zu stellen.<\/p>\n\n\n\n<p class=\"has-medium-font-size\">Die Veranstaltung findet 3- bis 4-mal j\u00e4hrlich statt und dauert etwa eine Stunde.<\/p>\n\n\n\n<p class=\"has-medium-font-size\">Die Teilnahme ist unentgeltlich.<\/p>\n\n\n\n<p class=\"has-medium-font-size\"><strong>Datum: <\/strong>Freitag, 6. September 2024, 18:30 \u2013 19:30 Uhr, online (Zoom)<\/p>\n\n\n\n<p class=\"has-medium-font-size\">Gespr\u00e4chspartnerin: Regula Forster, Kindergartenlehrperson, Musikp\u00e4dagogin, logotherapeutische Beraterin<\/p>\n\n\n\n<p class=\"has-medium-font-size\">Moderationsteam: Bruno Frischherz, Mirjam Christen<\/p>\n\n\n\n<p class=\"has-medium-font-size\"><strong>Anmeldung:<\/strong> bis 5. September 2024 per E-Mail an <strong>info@sgle.ch<\/strong><\/p>\n\n\n\n<p class=\"has-medium-font-size\">Der Link zur Teilnahme wird am 6. September morgens verschickt. Es w\u00fcrde uns freuen, wenn Ihr uns helfen w\u00fcrdet, mehr Reichweite zu erzielen, indem Ihr diese Mail an interessierte Kreise weiterleitet.<\/p>\n\n\n\n<p class=\"has-medium-font-size\">Im Anhang findet Ihr die Ausschreibung und ein Portr\u00e4t von Regula Forster, unseres ersten Gastes.<\/p>\n\n\n\n<p class=\"has-medium-font-size\">Herzliche Gr\u00fcsse und einen sch\u00f6nen und heiteren Sommer.<\/p>\n\n\n\n<p><strong>Vorstand SGLE<\/strong><\/p>\n\n\n\n<p class=\"has-medium-font-size\"><code>Mirjam Christen<\/code><br><code>Paradies 2<\/code><br><code>CH-6206 Neuenkirch<\/code><br><strong>www.sgle.ch <\/strong><\/p>\n<\/div>\n\n\n\n<p><\/p>\n\n\n\n<div class=\"wp-block-buttons is-content-justification-center is-layout-flex wp-container-core-buttons-is-layout-16018d1d wp-block-buttons-is-layout-flex\">\n<div class=\"wp-block-button\"><a class=\"wp-block-button__link wp-element-button\" href=\"#neve_body\">Nach oben<\/a><\/div>\n<\/div>\n\n\n\n<p><\/p>\n\n\n\n<p><\/p>\n\n\n\n<p><\/p>\n","protected":false},"excerpt":{"rendered":"<p>Weiteres zu &#8220;Logotherapie&#8221; Logotherapie und Existenzanalyse Eine sinnzentrierte Psychotherapie von: Prof. Dr. med. Viktor Emil Frankl, WienGeboren 26. M\u00e4rz 1905 \/&nbsp; Gestorben 2. September 1997 Von insgesamt \u00fcber 200 Universit\u00e4ten auf allen f\u00fcnf Erdteilen luden Frankl zu Vortr\u00e4gen und Gastvorlesungen ein. Frankl wurden 29 Ehrendoktorate zuerkannt; zahlreiche Auszeichnungen wurden Frankl verliehen, darunter das Grosse Goldene&hellip;&nbsp;<a href=\"https:\/\/www.logotherapie-bodensee.ch\/?page_id=80\" class=\"\" rel=\"bookmark\">Weiterlesen &raquo;<span class=\"screen-reader-text\">Logotherapie<\/span><\/a><\/p>\n","protected":false},"author":1,"featured_media":0,"parent":96,"menu_order":0,"comment_status":"closed","ping_status":"closed","template":"","meta":{"neve_meta_sidebar":"","neve_meta_container":"","neve_meta_enable_content_width":"","neve_meta_content_width":0,"neve_meta_title_alignment":"","neve_meta_author_avatar":"","neve_post_elements_order":"","neve_meta_disable_header":"","neve_meta_disable_footer":"","neve_meta_disable_title":"","footnotes":""},"class_list":["post-80","page","type-page","status-publish","hentry"],"_links":{"self":[{"href":"https:\/\/www.logotherapie-bodensee.ch\/index.php?rest_route=\/wp\/v2\/pages\/80","targetHints":{"allow":["GET"]}}],"collection":[{"href":"https:\/\/www.logotherapie-bodensee.ch\/index.php?rest_route=\/wp\/v2\/pages"}],"about":[{"href":"https:\/\/www.logotherapie-bodensee.ch\/index.php?rest_route=\/wp\/v2\/types\/page"}],"author":[{"embeddable":true,"href":"https:\/\/www.logotherapie-bodensee.ch\/index.php?rest_route=\/wp\/v2\/users\/1"}],"replies":[{"embeddable":true,"href":"https:\/\/www.logotherapie-bodensee.ch\/index.php?rest_route=%2Fwp%2Fv2%2Fcomments&post=80"}],"version-history":[{"count":25,"href":"https:\/\/www.logotherapie-bodensee.ch\/index.php?rest_route=\/wp\/v2\/pages\/80\/revisions"}],"predecessor-version":[{"id":1696,"href":"https:\/\/www.logotherapie-bodensee.ch\/index.php?rest_route=\/wp\/v2\/pages\/80\/revisions\/1696"}],"up":[{"embeddable":true,"href":"https:\/\/www.logotherapie-bodensee.ch\/index.php?rest_route=\/wp\/v2\/pages\/96"}],"wp:attachment":[{"href":"https:\/\/www.logotherapie-bodensee.ch\/index.php?rest_route=%2Fwp%2Fv2%2Fmedia&parent=80"}],"curies":[{"name":"wp","href":"https:\/\/api.w.org\/{rel}","templated":true}]}}