{"id":818,"date":"2023-07-25T09:54:51","date_gmt":"2023-07-25T09:54:51","guid":{"rendered":"https:\/\/www.logotherapie-bodensee.ch\/?page_id=818"},"modified":"2024-09-10T08:25:20","modified_gmt":"2024-09-10T08:25:20","slug":"richtig-essen-fuer-ein-langes-leben","status":"publish","type":"page","link":"https:\/\/www.logotherapie-bodensee.ch\/?page_id=818","title":{"rendered":"Richtig Essen f\u00fcr ein langes Leben"},"content":{"rendered":"\n<p>In der Sonntagszeitung vom 28. Mai 2023 hat der Redaktor Michael Marti im Beiblatt <strong>\u00ab Leben &amp; Kultur\u00bb <\/strong>einen aktuellen Beitrag \u00fcber Ern\u00e4hrung und Gesundheit geschrieben. Wer bei der t\u00e4glichen Verpflegung ein paar Regeln beachtet, kann seine Lebenserwartung steigern. Laut dem Ern\u00e4hrungswissenschaftler und Buchautor Dr. sc.nat. Paolo Colombani ist Bewegung Voraussetzung daf\u00fcr, das der Stoffwechsel des K\u00f6rpers gut funktioniert.<\/p>\n\n\n\n<p>Dr. Paolo Colombardi ist Ern\u00e4hrungswissenschafter. Nach fast zwanzig Jahren Forschung an der ETH Z\u00fcrich arbeitet er jetzt als selbstst\u00e4ndiger Berater und Mitbegr\u00fcnder des Kompetenzzentrums <strong>\u00abNotabeneNutrition\u00bb.<\/strong><\/p>\n\n\n\n<p>Dr. Colombani hat eine Internetseite, auf der viele Untersuchungen pr\u00e4sentiert werden. Sie ist hier: <strong><em><a rel=\"noreferrer noopener\" href=\"http:\/\/www.notabenenutrition.media\" target=\"_blank\">www.notabenenutrition.media<\/a><\/em><\/strong><\/p>\n\n\n\n<div class=\"wp-block-columns is-layout-flex wp-container-core-columns-is-layout-9d6595d7 wp-block-columns-is-layout-flex\">\n<div class=\"wp-block-column is-layout-flow wp-block-column-is-layout-flow\">\n<div class=\"wp-block-media-text alignwide has-media-on-the-right is-stacked-on-mobile is-vertically-aligned-center has-background\" style=\"background-color:#f1f5c7;grid-template-columns:auto 28%\"><div class=\"wp-block-media-text__content\">\n<div class=\"wp-block-group\" style=\"padding-top:2em;padding-right:2em;padding-bottom:2em;padding-left:2em\"><div class=\"wp-block-group__inner-container is-layout-flow wp-block-group-is-layout-flow\">\n<p class=\"has-text-align-left\" style=\"font-size:36px;line-height:1.2\"><strong><strong>&#8220;Fette Irrt\u00fcmer<\/strong><\/strong>&#8220;<\/p>\n\n\n\n<p class=\"has-extra-small-font-size\"><strong><strong>Das erste Buch von Dr. Colombani<\/strong><\/strong><\/p>\n<\/div><\/div>\n<\/div><figure class=\"wp-block-media-text__media\"><img loading=\"lazy\" decoding=\"async\" width=\"1000\" height=\"609\" src=\"https:\/\/www.logotherapie-bodensee.ch\/wp-content\/uploads\/2023\/02\/book.png\" alt=\"\" class=\"wp-image-122 size-full\" srcset=\"https:\/\/www.logotherapie-bodensee.ch\/wp-content\/uploads\/2023\/02\/book.png 1000w, https:\/\/www.logotherapie-bodensee.ch\/wp-content\/uploads\/2023\/02\/book-300x183.png 300w, https:\/\/www.logotherapie-bodensee.ch\/wp-content\/uploads\/2023\/02\/book-768x468.png 768w\" sizes=\"auto, (max-width: 1000px) 100vw, 1000px\" \/><\/figure><\/div>\n\n\n\n<p class=\"has-text-align-center has-medium-font-size\"><\/p>\n<\/div>\n<\/div>\n\n\n\n<p class=\"has-small-font-size\"><\/p>\n\n\n\n<p class=\"has-large-font-size\"><strong>Themenbeispiele in Kurzform.<\/strong><\/p>\n\n\n\n<p><\/p>\n\n\n\n<div class=\"wp-block-media-text alignwide has-media-on-the-right is-stacked-on-mobile is-vertically-aligned-center has-background\" style=\"background-color:#f1f5c7\"><div class=\"wp-block-media-text__content\">\n<div class=\"wp-block-group\" style=\"padding-top:2em;padding-right:2em;padding-bottom:2em;padding-left:2em\"><div class=\"wp-block-group__inner-container is-layout-flow wp-block-group-is-layout-flow\">\n<p style=\"font-size:36px;line-height:1.2\"><strong><strong>Clever essen<\/strong><\/strong><\/p>\n\n\n\n<p class=\"has-extra-small-font-size\">ist nicht das Problem, siehe Body Mass Index.<\/p>\n<\/div><\/div>\n<\/div><figure class=\"wp-block-media-text__media\"><img loading=\"lazy\" decoding=\"async\" width=\"1024\" height=\"834\" src=\"https:\/\/www.logotherapie-bodensee.ch\/wp-content\/uploads\/2024\/09\/pngwing.com8_-1024x834.png\" alt=\"\" class=\"wp-image-1099 size-full\" srcset=\"https:\/\/www.logotherapie-bodensee.ch\/wp-content\/uploads\/2024\/09\/pngwing.com8_-1024x834.png 1024w, https:\/\/www.logotherapie-bodensee.ch\/wp-content\/uploads\/2024\/09\/pngwing.com8_-300x244.png 300w, https:\/\/www.logotherapie-bodensee.ch\/wp-content\/uploads\/2024\/09\/pngwing.com8_-768x625.png 768w, https:\/\/www.logotherapie-bodensee.ch\/wp-content\/uploads\/2024\/09\/pngwing.com8_.png 1126w\" sizes=\"auto, (max-width: 1024px) 100vw, 1024px\" \/><\/figure><\/div>\n\n\n\n<div class=\"wp-block-media-text alignwide is-stacked-on-mobile is-vertically-aligned-center has-background\" style=\"background-color:#fffdea\"><figure class=\"wp-block-media-text__media\"><img decoding=\"async\" src=\"https:\/\/s.w.org\/patterns\/files\/2021\/06\/pear-half-1024x1024.png\" alt=\"\" class=\"wp-image-673 size-full\"\/><\/figure><div class=\"wp-block-media-text__content\">\n<div class=\"wp-block-group\" style=\"padding-top:2em;padding-right:2em;padding-bottom:2em;padding-left:2em\"><div class=\"wp-block-group__inner-container is-layout-flow wp-block-group-is-layout-flow\">\n<p style=\"font-size:36px;line-height:1.2\"><strong><strong>Fettgewebe<\/strong><\/strong><\/p>\n\n\n\n<p class=\"has-extra-small-font-size\">Z\u00fcnglein an der Waage, das K\u00f6rperfett im Zellgewebe spielt eine zentrale Rolle in der Gesundheitsvorsorge<\/p>\n<\/div><\/div>\n<\/div><\/div>\n\n\n\n<div class=\"wp-block-media-text alignwide has-media-on-the-right is-stacked-on-mobile is-vertically-aligned-center has-background\" style=\"background-color:#f1f5c7\"><div class=\"wp-block-media-text__content\">\n<div class=\"wp-block-group\" style=\"padding-top:2em;padding-right:2em;padding-bottom:2em;padding-left:2em\"><div class=\"wp-block-group__inner-container is-layout-flow wp-block-group-is-layout-flow\">\n<p style=\"font-size:36px;line-height:1.2\"><strong><strong><strong>Luftverschmutzung<\/strong><\/strong><\/strong><\/p>\n\n\n\n<p class=\"has-extra-small-font-size\">f\u00f6rdert Entz\u00fcndungen<\/p>\n<\/div><\/div>\n<\/div><figure class=\"wp-block-media-text__media\"><img loading=\"lazy\" decoding=\"async\" width=\"1024\" height=\"673\" src=\"https:\/\/www.logotherapie-bodensee.ch\/wp-content\/uploads\/2024\/09\/pngwing.com10-1024x673.png\" alt=\"\" class=\"wp-image-1101 size-full\" srcset=\"https:\/\/www.logotherapie-bodensee.ch\/wp-content\/uploads\/2024\/09\/pngwing.com10-1024x673.png 1024w, https:\/\/www.logotherapie-bodensee.ch\/wp-content\/uploads\/2024\/09\/pngwing.com10-300x197.png 300w, https:\/\/www.logotherapie-bodensee.ch\/wp-content\/uploads\/2024\/09\/pngwing.com10-768x505.png 768w, https:\/\/www.logotherapie-bodensee.ch\/wp-content\/uploads\/2024\/09\/pngwing.com10-1536x1009.png 1536w, https:\/\/www.logotherapie-bodensee.ch\/wp-content\/uploads\/2024\/09\/pngwing.com10-2048x1345.png 2048w\" sizes=\"auto, (max-width: 1024px) 100vw, 1024px\" \/><\/figure><\/div>\n\n\n\n<div class=\"wp-block-media-text alignwide is-stacked-on-mobile is-vertically-aligned-center has-background\" style=\"background-color:#fffdea\"><figure class=\"wp-block-media-text__media\"><img loading=\"lazy\" decoding=\"async\" width=\"564\" height=\"485\" src=\"https:\/\/www.logotherapie-bodensee.ch\/wp-content\/uploads\/2024\/09\/pngwing.com11.png\" alt=\"\" class=\"wp-image-1102 size-full\" srcset=\"https:\/\/www.logotherapie-bodensee.ch\/wp-content\/uploads\/2024\/09\/pngwing.com11.png 564w, https:\/\/www.logotherapie-bodensee.ch\/wp-content\/uploads\/2024\/09\/pngwing.com11-300x258.png 300w\" sizes=\"auto, (max-width: 564px) 100vw, 564px\" \/><\/figure><div class=\"wp-block-media-text__content\">\n<div class=\"wp-block-group\" style=\"padding-top:2em;padding-right:2em;padding-bottom:2em;padding-left:2em\"><div class=\"wp-block-group__inner-container is-layout-flow wp-block-group-is-layout-flow\">\n<p style=\"font-size:36px;line-height:1.2\"><strong><strong>Schlaf und Immunsystem<\/strong><\/strong><\/p>\n\n\n\n<p class=\"has-extra-small-font-size\">f\u00f6rdern sich gegenseitig<\/p>\n<\/div><\/div>\n<\/div><\/div>\n\n\n\n<div class=\"wp-block-media-text alignwide has-media-on-the-right is-stacked-on-mobile is-vertically-aligned-center has-background\" style=\"background-color:#f1f5c7\"><div class=\"wp-block-media-text__content\">\n<div class=\"wp-block-group\" style=\"padding-top:2em;padding-right:2em;padding-bottom:2em;padding-left:2em\"><div class=\"wp-block-group__inner-container is-layout-flow wp-block-group-is-layout-flow\">\n<p style=\"font-size:36px;line-height:1.2\"><strong><strong><strong>Bewegung<\/strong><\/strong><\/strong><\/p>\n\n\n\n<p class=\"has-extra-small-font-size\">Jede k\u00f6rperliche Aktivit\u00e4t l\u00f6st unmittelbare Abbau- und Stressreaktionen aus. Die Energiespeicher werden angezapft und f\u00f6rdert die Muskulatur und den Stoffwechsel<\/p>\n<\/div><\/div>\n<\/div><figure class=\"wp-block-media-text__media\"><img loading=\"lazy\" decoding=\"async\" width=\"1024\" height=\"583\" src=\"https:\/\/www.logotherapie-bodensee.ch\/wp-content\/uploads\/2024\/09\/pngwing.com12-1024x583.png\" alt=\"\" class=\"wp-image-1104 size-full\" srcset=\"https:\/\/www.logotherapie-bodensee.ch\/wp-content\/uploads\/2024\/09\/pngwing.com12-1024x583.png 1024w, https:\/\/www.logotherapie-bodensee.ch\/wp-content\/uploads\/2024\/09\/pngwing.com12-300x171.png 300w, https:\/\/www.logotherapie-bodensee.ch\/wp-content\/uploads\/2024\/09\/pngwing.com12-768x437.png 768w, https:\/\/www.logotherapie-bodensee.ch\/wp-content\/uploads\/2024\/09\/pngwing.com12-1536x875.png 1536w, https:\/\/www.logotherapie-bodensee.ch\/wp-content\/uploads\/2024\/09\/pngwing.com12-2048x1167.png 2048w\" sizes=\"auto, (max-width: 1024px) 100vw, 1024px\" \/><\/figure><\/div>\n\n\n\n<p><\/p>\n\n\n\n<p class=\"has-large-font-size\"><strong>Weitere Zutaten f\u00fcr ein langes Leben.<\/strong><\/p>\n\n\n\n<div class=\"wp-block-media-text alignwide has-media-on-the-right is-stacked-on-mobile is-vertically-aligned-center has-background\" style=\"background-color:#f1f5c7\"><div class=\"wp-block-media-text__content\">\n<div class=\"wp-block-group\" style=\"padding-top:2em;padding-right:2em;padding-bottom:2em;padding-left:2em\"><div class=\"wp-block-group__inner-container is-layout-flow wp-block-group-is-layout-flow\">\n<p style=\"font-size:36px;line-height:1.2\"><strong><strong><strong>Optimismus<\/strong><\/strong><\/strong><\/p>\n\n\n\n<p class=\"has-extra-small-font-size\">erweist sich als m\u00e4chtigen Verb\u00fcndeter im Streben nach Gesundheit und Langlebigkeit<\/p>\n<\/div><\/div>\n<\/div><figure class=\"wp-block-media-text__media\"><img loading=\"lazy\" decoding=\"async\" width=\"1024\" height=\"419\" src=\"https:\/\/www.logotherapie-bodensee.ch\/wp-content\/uploads\/2024\/09\/pngwing.com13-1024x419.png\" alt=\"\" class=\"wp-image-1105 size-full\" srcset=\"https:\/\/www.logotherapie-bodensee.ch\/wp-content\/uploads\/2024\/09\/pngwing.com13-1024x419.png 1024w, https:\/\/www.logotherapie-bodensee.ch\/wp-content\/uploads\/2024\/09\/pngwing.com13-300x123.png 300w, https:\/\/www.logotherapie-bodensee.ch\/wp-content\/uploads\/2024\/09\/pngwing.com13-768x314.png 768w, https:\/\/www.logotherapie-bodensee.ch\/wp-content\/uploads\/2024\/09\/pngwing.com13-1536x629.png 1536w, https:\/\/www.logotherapie-bodensee.ch\/wp-content\/uploads\/2024\/09\/pngwing.com13-2048x838.png 2048w\" sizes=\"auto, (max-width: 1024px) 100vw, 1024px\" \/><\/figure><\/div>\n\n\n\n<div class=\"wp-block-media-text alignwide is-stacked-on-mobile is-vertically-aligned-center has-background\" style=\"background-color:#fffdea;grid-template-columns:23% auto\"><figure class=\"wp-block-media-text__media\"><img loading=\"lazy\" decoding=\"async\" width=\"863\" height=\"1024\" src=\"https:\/\/www.logotherapie-bodensee.ch\/wp-content\/uploads\/2024\/09\/pngwing.com14-863x1024.png\" alt=\"\" class=\"wp-image-1106 size-full\" srcset=\"https:\/\/www.logotherapie-bodensee.ch\/wp-content\/uploads\/2024\/09\/pngwing.com14-863x1024.png 863w, https:\/\/www.logotherapie-bodensee.ch\/wp-content\/uploads\/2024\/09\/pngwing.com14-253x300.png 253w, https:\/\/www.logotherapie-bodensee.ch\/wp-content\/uploads\/2024\/09\/pngwing.com14-768x911.png 768w, https:\/\/www.logotherapie-bodensee.ch\/wp-content\/uploads\/2024\/09\/pngwing.com14-1295x1536.png 1295w, https:\/\/www.logotherapie-bodensee.ch\/wp-content\/uploads\/2024\/09\/pngwing.com14-1726x2048.png 1726w\" sizes=\"auto, (max-width: 863px) 100vw, 863px\" \/><\/figure><div class=\"wp-block-media-text__content\">\n<div class=\"wp-block-group\" style=\"padding-top:2em;padding-right:2em;padding-bottom:2em;padding-left:2em\"><div class=\"wp-block-group__inner-container is-layout-flow wp-block-group-is-layout-flow\">\n<p style=\"font-size:36px;line-height:1.2\"><strong><strong><strong>Resilienz<\/strong><\/strong><\/strong><\/p>\n\n\n\n<p class=\"has-extra-small-font-size\">definiert als die F\u00e4higkeit, sich nach belasteten Ereignissen zu erholen und anzupassen<\/p>\n<\/div><\/div>\n<\/div><\/div>\n\n\n\n<div class=\"wp-block-media-text alignwide has-media-on-the-right is-stacked-on-mobile is-vertically-aligned-center has-background\" style=\"background-color:#f1f5c7;grid-template-columns:auto 33%\"><div class=\"wp-block-media-text__content\">\n<div class=\"wp-block-group\" style=\"padding-top:2em;padding-right:2em;padding-bottom:2em;padding-left:2em\"><div class=\"wp-block-group__inner-container is-layout-flow wp-block-group-is-layout-flow\">\n<p style=\"font-size:36px;line-height:1.2\"><strong><strong><strong>Zwischenmenschliche Beziehungen<\/strong><\/strong><\/strong><\/p>\n\n\n\n<p class=\"has-extra-small-font-size\">tragen ebenfalls viel zur Langlebigkeit bei<\/p>\n<\/div><\/div>\n<\/div><figure class=\"wp-block-media-text__media\"><img loading=\"lazy\" decoding=\"async\" width=\"1000\" height=\"917\" src=\"https:\/\/www.logotherapie-bodensee.ch\/wp-content\/uploads\/2024\/09\/pngwing.com15.png\" alt=\"\" class=\"wp-image-1107 size-full\" srcset=\"https:\/\/www.logotherapie-bodensee.ch\/wp-content\/uploads\/2024\/09\/pngwing.com15.png 1000w, https:\/\/www.logotherapie-bodensee.ch\/wp-content\/uploads\/2024\/09\/pngwing.com15-300x275.png 300w, https:\/\/www.logotherapie-bodensee.ch\/wp-content\/uploads\/2024\/09\/pngwing.com15-768x704.png 768w\" sizes=\"auto, (max-width: 1000px) 100vw, 1000px\" \/><\/figure><\/div>\n\n\n\n<div class=\"wp-block-media-text alignwide is-stacked-on-mobile is-vertically-aligned-center has-background\" style=\"background-color:#fffdea;grid-template-columns:23% auto\"><figure class=\"wp-block-media-text__media\"><img loading=\"lazy\" decoding=\"async\" width=\"962\" height=\"1024\" src=\"https:\/\/www.logotherapie-bodensee.ch\/wp-content\/uploads\/2024\/09\/pngwing.com16-962x1024.png\" alt=\"\" class=\"wp-image-1108 size-full\" srcset=\"https:\/\/www.logotherapie-bodensee.ch\/wp-content\/uploads\/2024\/09\/pngwing.com16-962x1024.png 962w, https:\/\/www.logotherapie-bodensee.ch\/wp-content\/uploads\/2024\/09\/pngwing.com16-282x300.png 282w, https:\/\/www.logotherapie-bodensee.ch\/wp-content\/uploads\/2024\/09\/pngwing.com16-768x818.png 768w, https:\/\/www.logotherapie-bodensee.ch\/wp-content\/uploads\/2024\/09\/pngwing.com16-1442x1536.png 1442w, https:\/\/www.logotherapie-bodensee.ch\/wp-content\/uploads\/2024\/09\/pngwing.com16-1923x2048.png 1923w\" sizes=\"auto, (max-width: 962px) 100vw, 962px\" \/><\/figure><div class=\"wp-block-media-text__content\">\n<div class=\"wp-block-group\" style=\"padding-top:2em;padding-right:2em;padding-bottom:2em;padding-left:2em\"><div class=\"wp-block-group__inner-container is-layout-flow wp-block-group-is-layout-flow\">\n<p style=\"font-size:36px;line-height:1.2\"><strong><strong><strong>Sinn und Zweck im Leben<\/strong><\/strong><\/strong><\/p>\n\n\n\n<p class=\"has-extra-small-font-size\">oft al<strong>s<\/strong> \u00abLebenssinn\u00bb bezeichnet, sind weitere wichtige Bausteine. Studien verbinden ein sinnerf\u00fclltes Leben mit einer geringeren Sterblichkeitsrate und einem verbesserten Gesundheitszustand<\/p>\n<\/div><\/div>\n<\/div><\/div>\n\n\n\n<div class=\"wp-block-media-text alignwide has-media-on-the-right is-stacked-on-mobile is-vertically-aligned-center has-background\" style=\"background-color:#f1f5c7;grid-template-columns:auto 33%\"><div class=\"wp-block-media-text__content\">\n<div class=\"wp-block-group\" style=\"padding-top:2em;padding-right:2em;padding-bottom:2em;padding-left:2em\"><div class=\"wp-block-group__inner-container is-layout-flow wp-block-group-is-layout-flow\">\n<p style=\"font-size:36px;line-height:1.2\"><strong><strong><strong><strong>Ausreichender Schlaf<\/strong><\/strong><\/strong><\/strong><\/p>\n\n\n\n<p class=\"has-extra-small-font-size\">ist entscheidend f\u00fcr die Gesundheit, ein allgemeines Wohlbefinden und Lebenserwartung, Studien empfehlen sieben Stunden Schlaf<\/p>\n<\/div><\/div>\n<\/div><figure class=\"wp-block-media-text__media\"><img loading=\"lazy\" decoding=\"async\" width=\"803\" height=\"642\" src=\"https:\/\/www.logotherapie-bodensee.ch\/wp-content\/uploads\/2024\/09\/pngwing.com17.png\" alt=\"\" class=\"wp-image-1110 size-full\" srcset=\"https:\/\/www.logotherapie-bodensee.ch\/wp-content\/uploads\/2024\/09\/pngwing.com17.png 803w, https:\/\/www.logotherapie-bodensee.ch\/wp-content\/uploads\/2024\/09\/pngwing.com17-300x240.png 300w, https:\/\/www.logotherapie-bodensee.ch\/wp-content\/uploads\/2024\/09\/pngwing.com17-768x614.png 768w\" sizes=\"auto, (max-width: 803px) 100vw, 803px\" \/><\/figure><\/div>\n\n\n\n<p><\/p>\n\n\n\n<p><\/p>\n\n\n\n<div class=\"wp-block-buttons is-content-justification-center is-layout-flex wp-container-core-buttons-is-layout-16018d1d wp-block-buttons-is-layout-flex\">\n<div class=\"wp-block-button\"><a class=\"wp-block-button__link has-text-align-center wp-element-button\" href=\"#neve_body\">Nach oben<\/a><\/div>\n<\/div>\n\n\n\n<p><\/p>\n","protected":false},"excerpt":{"rendered":"<p>In der Sonntagszeitung vom 28. Mai 2023 hat der Redaktor Michael Marti im Beiblatt \u00ab Leben &amp; Kultur\u00bb einen aktuellen Beitrag \u00fcber Ern\u00e4hrung und Gesundheit geschrieben. Wer bei der t\u00e4glichen Verpflegung ein paar Regeln beachtet, kann seine Lebenserwartung steigern. Laut dem Ern\u00e4hrungswissenschaftler und Buchautor Dr. sc.nat. Paolo Colombani ist Bewegung Voraussetzung daf\u00fcr, das der Stoffwechsel&hellip;&nbsp;<a href=\"https:\/\/www.logotherapie-bodensee.ch\/?page_id=818\" class=\"\" rel=\"bookmark\">Weiterlesen &raquo;<span class=\"screen-reader-text\">Richtig Essen f\u00fcr ein langes Leben<\/span><\/a><\/p>\n","protected":false},"author":2,"featured_media":0,"parent":0,"menu_order":0,"comment_status":"closed","ping_status":"closed","template":"","meta":{"neve_meta_sidebar":"","neve_meta_container":"","neve_meta_enable_content_width":"","neve_meta_content_width":0,"neve_meta_title_alignment":"","neve_meta_author_avatar":"","neve_post_elements_order":"","neve_meta_disable_header":"","neve_meta_disable_footer":"","neve_meta_disable_title":"","footnotes":""},"class_list":["post-818","page","type-page","status-publish","hentry"],"_links":{"self":[{"href":"https:\/\/www.logotherapie-bodensee.ch\/index.php?rest_route=\/wp\/v2\/pages\/818","targetHints":{"allow":["GET"]}}],"collection":[{"href":"https:\/\/www.logotherapie-bodensee.ch\/index.php?rest_route=\/wp\/v2\/pages"}],"about":[{"href":"https:\/\/www.logotherapie-bodensee.ch\/index.php?rest_route=\/wp\/v2\/types\/page"}],"author":[{"embeddable":true,"href":"https:\/\/www.logotherapie-bodensee.ch\/index.php?rest_route=\/wp\/v2\/users\/2"}],"replies":[{"embeddable":true,"href":"https:\/\/www.logotherapie-bodensee.ch\/index.php?rest_route=%2Fwp%2Fv2%2Fcomments&post=818"}],"version-history":[{"count":13,"href":"https:\/\/www.logotherapie-bodensee.ch\/index.php?rest_route=\/wp\/v2\/pages\/818\/revisions"}],"predecessor-version":[{"id":1115,"href":"https:\/\/www.logotherapie-bodensee.ch\/index.php?rest_route=\/wp\/v2\/pages\/818\/revisions\/1115"}],"wp:attachment":[{"href":"https:\/\/www.logotherapie-bodensee.ch\/index.php?rest_route=%2Fwp%2Fv2%2Fmedia&parent=818"}],"curies":[{"name":"wp","href":"https:\/\/api.w.org\/{rel}","templated":true}]}}