{"id":88,"date":"2023-02-05T09:59:24","date_gmt":"2023-02-05T09:59:24","guid":{"rendered":"https:\/\/helmutpatzer.it9cloud.ch\/?page_id=88"},"modified":"2024-10-10T14:50:18","modified_gmt":"2024-10-10T14:50:18","slug":"jubilaeumstagungen","status":"publish","type":"page","link":"https:\/\/www.logotherapie-bodensee.ch\/?page_id=88","title":{"rendered":"Jubil\u00e4umstagungen"},"content":{"rendered":"\n<p>Die Teilnahme an internationalen Anl\u00e4ssen ist f\u00fcr mich und meiner Frau Ehrensache. Die Begegnung mit Gleichgesinnten ist jedes Mal ein Erlebnis der besonderen Art.<\/p>\n\n\n\n<p><strong>Teilnahme am unvergesslichen<\/strong><strong> H\u00f6hepunkt war der Jubil\u00e4umskongress <\/strong><strong>zum 90. Geburtstag<\/strong><strong> von Prof. Dr. med. Viktor E. Frankl vom 19.\/ 20. Mai 1995 in der Technischen Universit\u00e4t, Wien, im Konzerthaus und der Empfang im Festsaal des Wiener Rathauses. Thema:<\/strong>\u201c Lebensmut, trotz Allem, die Kunst, sinnvoll zu Leben\u201c. Viktor Frankl hielt eine ergreifende zweist\u00fcndige Rede in Demut und Dankbarkeit, dass er hier in seiner Heimatstadt Wien vor einem so gro\u00dfen Publikum dabei sein konnte. In dem Buch <strong>\u201e Die Kunst sinnvoll zu leben\u201c <\/strong>sind Vortr\u00e4ge und Seminare von der Jubil\u00e4umstagung zusammengefasst<strong>: ISBN&nbsp; <\/strong>3-9803664-2-1, Verlag Lebenskunst, T\u00fcbingen, sehr zu empfehlen.<\/p>\n\n\n\n<p><strong>Teilnahme an der Freundschaftstagung<\/strong><strong> <\/strong>der Schweizerischen und der Deutschen Gesellschaft f\u00fcr Logotherapie und Existenzanalyse <strong>vom 13.- 16. Juni 1996 im Kongresszentrum Davos, Thema: <\/strong>\u201eDas Prinzip Hoffnung in der Logotherapie\u201c, <strong>Ehrengast <\/strong>war das Viktor<strong>&#8211;<\/strong>Frankl-Institut, Wien, vertreten durch Prof. Dr. Frankl`s Enkelin, Frau Mag. Katharina Vesely<\/p>\n\n\n\n<div class=\"wp-block-cp-timeline-content-timeline Cool-Content-Timeline\"><div class=\"cool-timeline-block-5be1c4f6-208b-4337-9234-6840ac06d202\"><style>.cool-timeline-block-5be1c4f6-208b-4337-9234-6840ac06d202 .cool-vertical-timeline-body{--ctlb-icon-color: #058f9f;--ctlb-line-color: #058f9f;--ctlb-icon-bg: #058f9f;--ctlb-story-border-color: #058f9f;}<\/style><div class=\"cool-vertical-timeline-body ctlb-wrapper both-sided left\"><div class=\"cool-timeline-block-list\">\n<div class=\"wp-block-cp-timeline-content-timeline-child swiper-slide\"><div class=\"timeline-content icon-false \"><div class=\"timeline-block-timeline ctl-row  position-right\"><div class=\"ctl-6 timeline-block-time\"><div class=\"story-time\"><p><strong>27.\/ 28. Juni 2003<\/strong><\/p><\/div><\/div><div class=\"timeline-block-icon\"><svg stroke=\"currentColor\" fill=\"currentColor\" stroke-width=\"0\" viewBox=\"0 0 512 512\" height=\"1em\" width=\"1em\" xmlns=\"http:\/\/www.w3.org\/2000\/svg\"><path d=\"M256 8C119 8 8 119 8 256s111 248 248 248 248-111 248-248S393 8 256 8z\"><\/path><\/svg><\/div><div class=\"ctl-6 timeline-block-detail\"><div class=\"story-details\"><div class=\"story-content\">\n<h3 class=\"wp-block-heading ctlb-block-title\" style=\"padding-top:0px;padding-right:0px;padding-bottom:0px;padding-left:0px\">Am 27.\/ 28. Juni 2003&nbsp; feierten wir den 60. Geburtstag von Prof. Dr. Wolfram Kurz<\/h3>\n\n\n\n<p class=\"ctlb-block-desc\" style=\"padding-top:0px;padding-right:0px;padding-bottom:0px;padding-left:0px\">Teilname an der Universit\u00e4t Giessen. <strong>Thema:<\/strong> \u201eMut in Zeiten der Resignation\u201c. Prof. Dr. Wolfram Kurz ist Gr\u00fcnder des Instituts f\u00fcr Logotherapie und Existenzanalyse GmbH in T\u00fcbingen, belegte einen Lehrstuhl f\u00fcr Religionsp\u00e4dagogik an der Universit\u00e4t Giessen, er ist Ausbilder in sinnzentrierter Psychotherapie nach Viktor Frankl. Seine ver\u00f6ffentlichten B\u00fccher auf der Grenze von Theologie, Philosophie und Psychologie sind international bekannt. Das Bedeutendste ist das Kompendium der Logotherapie und Existenzanalyse, Verlag Lebenskunst, T\u00fcbingen, <strong>ISBN<\/strong>&nbsp;&nbsp; 3-9803664-1-3&nbsp; <strong>Fachliche Leitung des Instituts: <\/strong>Prof. Dr. Wolfram Kurz und Frau Dr. Boglarka Hadinger<\/p>\n<\/div><\/div><\/div><\/div><\/div><\/div>\n\n\n\n<div class=\"wp-block-cp-timeline-content-timeline-child swiper-slide\"><div class=\"timeline-content icon-false \"><div class=\"timeline-block-timeline ctl-row  position-left\"><div class=\"ctl-6 timeline-block-time\"><div class=\"story-time\"><p><strong>1.-3. April 2005 in Wien<\/strong><\/p><\/div><\/div><div class=\"timeline-block-icon\"><svg stroke=\"currentColor\" fill=\"currentColor\" stroke-width=\"0\" viewBox=\"0 0 512 512\" height=\"1em\" width=\"1em\" xmlns=\"http:\/\/www.w3.org\/2000\/svg\"><path d=\"M256 8C119 8 8 119 8 256s111 248 248 248 248-111 248-248S393 8 256 8z\"><\/path><\/svg><\/div><div class=\"ctl-6 timeline-block-detail\"><div class=\"story-details\"><div class=\"story-content\">\n<h3 class=\"wp-block-heading ctlb-block-title\" style=\"padding-top:0px;padding-right:0px;padding-bottom:0px;padding-left:0px\">Teilnahme am internationalen Kongress vom 1.- 3. April 2005 in Wien<\/h3>\n\n\n\n<p class=\"ctlb-block-desc\" style=\"padding-top:0px;padding-right:0px;padding-bottom:0px;padding-left:0px\">zum 100. Geburtstag von Viktor E. Frankl,<strong> Thema: <\/strong>\u201eDer Wille zum Sinn\u201c, denn Leben heisst auch, ein St\u00fcck von sich weitergeben. Hauptveranstalter war ABILE, das Ausbildungsinstitut Wels unter der Leitung von Dr. Otmar Wiesmeyr, Wien, Frau Dr.habil. Elisabeth Lukas vom Bildungshaus Subiaco bei&nbsp; Kremsm\u00fcnster, Wien-S\u00fcd und dem Viktor Frankl Institut, Wien unter der Leitung von Frau Mag. Katharina Vesely.<br><strong>Anl\u00e4sslich f\u00fcr diesen Jubil\u00e4umskongress<\/strong> wurden ausgew\u00e4hlte Beitr\u00e4ge namhafter Referenten\/innen als Taschenbuch im <strong>Beltz \u2013 Verlag: <\/strong>Weinheim und Basel 2009<strong> <\/strong>von Otmar Wiesmeyr und Alexander Batthyany herausgegeben. <strong>ISBN:<\/strong> 13:978-3-407-22179-7, <strong><u>Titel:<\/u> \u201eSinn und Person.\u201c <\/strong>Es ist ein interessanter und eigenst\u00e4ndiger Sammelband \u00fcber aktuelle Methoden, Anwendungen und Zukunftsperspektiven f\u00fcr die sinnzentrierte Psychologie, Logotherapie und Existenzanalyse als wissenschaftlich, international anerkannte Psychotherapie. Viktor Frankl bezog sich auf einen reichen philosophischen Fundus zur\u00fcck, vor allem in der Tradition von Max Scheler und Karl Jaspers.<\/p>\n<\/div><\/div><\/div><\/div><\/div><\/div>\n\n\n\n<div class=\"wp-block-cp-timeline-content-timeline-child swiper-slide\"><div class=\"timeline-content icon-false \"><div class=\"timeline-block-timeline ctl-row  position-right\"><div class=\"ctl-6 timeline-block-time\"><div class=\"story-time\"><p><strong>11.\/12. M\u00e4rz 2006<\/strong><\/p><\/div><\/div><div class=\"timeline-block-icon\"><svg stroke=\"currentColor\" fill=\"currentColor\" stroke-width=\"0\" viewBox=\"0 0 512 512\" height=\"1em\" width=\"1em\" xmlns=\"http:\/\/www.w3.org\/2000\/svg\"><path d=\"M256 8C119 8 8 119 8 256s111 248 248 248 248-111 248-248S393 8 256 8z\"><\/path><\/svg><\/div><div class=\"ctl-6 timeline-block-detail\"><div class=\"story-details\"><div class=\"story-content\">\n<h3 class=\"wp-block-heading ctlb-block-title\" style=\"padding-top:0px;padding-right:0px;padding-bottom:0px;padding-left:0px\">Am 11.\/12. M\u00e4rz 2006 Teilnahme am Jubil\u00e4ums- Kongress<\/h3>\n\n\n\n<p class=\"ctlb-block-desc\" style=\"padding-top:0px;padding-right:0px;padding-bottom:0px;padding-left:0px\"><strong>zum 20-j\u00e4hrigen Bestehen des S\u00fcddeutschen Instituts<\/strong> f\u00fcr Logotherapie GmbH in F\u00fcrstenfeldbrugg bei M\u00fcnchen statt. <strong>Gegr\u00fcndet<\/strong> wurde es von Frau Dr. habil. Elisabeth Lukas und ihrem Ehemann Gerhard Lukas als Gesch\u00e4ftsf\u00fchrer. Seit dem 1. April 2003 ist Dr. phil. Otto Zsok der neue Institutsdirektor. <strong>Thema:<\/strong> \u201eLogotherapie und Lebens-Werte\u201c im 21. Jahrhundert. Am 9. April 2003 erhielt er den Viktor Frankl-Preis der Stadt Wien im Rahmen einer akademischen Feier an der Wiener Universit\u00e4t. 2002 wurde das Buch von ihm herausgegeben <strong>\u201eLogotherapie in Aktion\u201c, <\/strong>Praxisfelder und Wirkungsweisen, mit Beitr\u00e4gen von 18 Autoren <strong>als Geschenk zum 60. Geburtstag f\u00fcr Frau Dr. Elisabeth Lukas<\/strong>, K\u00f6sel Verlag, <strong>ISBN<\/strong> 3-466-36611-9.&nbsp; Weitere B\u00fccher von Dr. phil. Otto Zsok erfahren Sie am S\u00fcddeutschen Institut.<\/p>\n<\/div><\/div><\/div><\/div><\/div><\/div>\n\n\n\n<div class=\"wp-block-cp-timeline-content-timeline-child swiper-slide\"><div class=\"timeline-content icon-false \"><div class=\"timeline-block-timeline ctl-row  position-left\"><div class=\"ctl-6 timeline-block-time\"><div class=\"story-time\"><p><strong>1. und 2. April 2011<\/strong><\/p><\/div><\/div><div class=\"timeline-block-icon\"><svg stroke=\"currentColor\" fill=\"currentColor\" stroke-width=\"0\" viewBox=\"0 0 512 512\" height=\"1em\" width=\"1em\" xmlns=\"http:\/\/www.w3.org\/2000\/svg\"><path d=\"M256 8C119 8 8 119 8 256s111 248 248 248 248-111 248-248S393 8 256 8z\"><\/path><\/svg><\/div><div class=\"ctl-6 timeline-block-detail\"><div class=\"story-details\"><div class=\"story-content\">\n<h3 class=\"wp-block-heading ctlb-block-title\" style=\"padding-top:0px;padding-right:0px;padding-bottom:0px;padding-left:0px\">Teilnahme am Jubil\u00e4ums- Kongress zum 25-j\u00e4hrigen Bestehen des S\u00fcddeutschen Instituts<\/h3>\n\n\n\n<p class=\"ctlb-block-desc\" style=\"padding-top:0px;padding-right:0px;padding-bottom:0px;padding-left:0px\"><strong>Teilnahme am Jubil\u00e4ums- Kongress<\/strong> <strong>zum 25-j\u00e4hrigen<\/strong> <strong>Bestehen des S\u00fcddeutschen Instituts<\/strong> f\u00fcr Logotherapie und Existenzanalyse im Kulturzentrum F\u00fcrstenfeldbrugg, <strong>Thema:<\/strong> \u201e Du kannst dem Sinn nicht ausweichen\u201c. 230 Teilnehmer \/ innen nahmen an diesem w\u00fcrdigen Jubil\u00e4um teil. Die Referenten \/ innen hielten sich diszipliniert und vorbildlich an ihre Redezeiten, so dass der von Dr. Otto Zsok und seinem Team sehr gut organisierte Jubil\u00e4umskongress ein voller Erfolg beschieden wurde, herzlichen Gl\u00fcckwunsch.<br>Zum 25 j\u00e4hrigen Jubil\u00e4um hat Dr. Otto Zsok ein hochaktuelles Standartwerk \u00fcber die Gr\u00fcndungseltern, Herrn Gerhard Lukas und Frau Dr. habil. Elisabeth Lukas in Dankbarkeit f\u00fcr Ihr gemeinsames Wirken gewidmet. Es ist&nbsp; im Bauer-Verlag herausgegeben, <strong>ISBN:<\/strong> 978-3-941013-55-1&nbsp; und informiert \u00fcber Grunds\u00e4tzliches zur Logotherapie und Existenzanalyse auch \u00fcber die zuk\u00fcnftigen Jahre hinaus. <strong>Titel: \u201e <\/strong>Weiterbildende Sinn-Spuren \u2013 Bleibender Wille zum Sinn\u201c.<\/p>\n<\/div><\/div><\/div><\/div><\/div><\/div>\n\n\n\n<div class=\"wp-block-cp-timeline-content-timeline-child swiper-slide\"><div class=\"timeline-content icon-false \"><div class=\"timeline-block-timeline ctl-row  position-right\"><div class=\"ctl-6 timeline-block-time\"><div class=\"story-time\"><p><strong>14. \u2013 16. Mai 2015<\/strong><\/p><\/div><\/div><div class=\"timeline-block-icon\"><svg stroke=\"currentColor\" fill=\"currentColor\" stroke-width=\"0\" viewBox=\"0 0 512 512\" height=\"1em\" width=\"1em\" xmlns=\"http:\/\/www.w3.org\/2000\/svg\"><path d=\"M256 8C119 8 8 119 8 256s111 248 248 248 248-111 248-248S393 8 256 8z\"><\/path><\/svg><\/div><div class=\"ctl-6 timeline-block-detail\"><div class=\"story-details\"><div class=\"story-content\">\n<h3 class=\"wp-block-heading ctlb-block-title\" style=\"padding-top:0px;padding-right:0px;padding-bottom:0px;padding-left:0px\">Teilnahme am Jubil\u00e4ums- Kongress zum 20 j\u00e4hrigen Bestehen<\/h3>\n\n\n\n<p class=\"ctlb-block-desc\" style=\"padding-top:0px;padding-right:0px;padding-bottom:0px;padding-left:0px\">des Instituts f\u00fcr Logotherapie und Existenzanalyse <strong>( ILE )<\/strong> Chur.&nbsp;&nbsp; <strong>Leitthema: \u201e<\/strong>Wenn das Leben Fragen stellt.\u201c Die vielseitigen Vortr\u00e4ge und Workshops waren mit namhaften Referenten vertreten, sehr interessant und lehrreich. In meinen Augen ein w\u00fcrdiges Jubil\u00e4um und einem begeisterten Publikum. Danke Giosch Albrecht und seinem Team.<\/p>\n<\/div><\/div><\/div><\/div><\/div><\/div>\n\n\n\n<div class=\"wp-block-cp-timeline-content-timeline-child swiper-slide\"><div class=\"timeline-content icon-false \"><div class=\"timeline-block-timeline ctl-row  position-left\"><div class=\"ctl-6 timeline-block-time\"><div class=\"story-time\"><p><strong>15. \u2013 17. April 2016<\/strong><\/p><\/div><\/div><div class=\"timeline-block-icon\"><svg stroke=\"currentColor\" fill=\"currentColor\" stroke-width=\"0\" viewBox=\"0 0 512 512\" height=\"1em\" width=\"1em\" xmlns=\"http:\/\/www.w3.org\/2000\/svg\"><path d=\"M256 8C119 8 8 119 8 256s111 248 248 248 248-111 248-248S393 8 256 8z\"><\/path><\/svg><\/div><div class=\"ctl-6 timeline-block-detail\"><div class=\"story-details\"><div class=\"story-content\">\n<h3 class=\"wp-block-heading ctlb-block-title\" style=\"padding-top:0px;padding-right:0px;padding-bottom:0px;padding-left:0px\">Teilnahme am Jubil\u00e4ums- Kongress zum 30 j\u00e4hrigen<\/h3>\n\n\n\n<p class=\"ctlb-block-desc\" style=\"padding-top:0px;padding-right:0px;padding-bottom:0px;padding-left:0px\"><strong>Bestehen des S\u00fcddeutschen Instituts f\u00fcr Logotherapie &amp; Existenzanalyse nach Viktor Frankl <\/strong>im KulturzentrumF\u00fcrstenfeldbruck. <strong>Thema: <\/strong>\u201eLogotherapie und Identit\u00e4t in Europa, Einfluss der Gemeinschaft auf die eigene Identit\u00e4tsfindung und das eigene Singgef\u00fchl.Wie schon 2011 gelang es Otto Zsok, Nadja Palombo und Ihrem Team zusammen mit der \u201eLogos und Ethos Stiftung f\u00fcr Logotherapie und Existenzanalyse (M\u00fcnchen) neun renommierte Referenten\/innen f\u00fcr die Fachvortr\u00e4ge und sechs verschiedenen Workshops zu besetzen. Traditionsgem\u00e4ss begann jeder Tag mit einer Einstimmung von klassischer Musik. Der Jubil\u00e4ums Kongress wurde von 11 Europ\u00e4ischen Nationalvertretern\/innen besucht, gesamt sch\u00e4tzte ich mit gut 200 interessierten Teilnehmern\/innen. Besonders sch\u00e4tzten meine Frau und ich die Vielfalt neuer und j\u00fcngerer Referenten aus dem S\u00fcddeutschen Institut.<br>Den Er\u00f6ffnungsvortrag zelebrierte Otto Zsok ein Essay in drei Schritten. Europa steht vor seinem Aufstieg \u2013 doch der \u201ePreis\u201c muss bezahlt werden. Dieses Meisterwerk konnten wir f\u00fcr 5 Euro als Festschrift erwerben und bedanken uns bei Otto f\u00fcr die beeindruckenden Gedanken. W\u00e4hrend des Kongresses wurde eine grosse Auswahl an B\u00fcchern zum Thema und der Referenten angeboten.<\/p>\n<\/div><\/div><\/div><\/div><\/div><\/div>\n\n\n\n<div class=\"wp-block-cp-timeline-content-timeline-child swiper-slide\"><div class=\"timeline-content icon-false \"><div class=\"timeline-block-timeline ctl-row  position-right\"><div class=\"ctl-6 timeline-block-time\"><div class=\"story-time\"><p><strong>1. und 2. Oktober 2022<\/strong><\/p><\/div><\/div><div class=\"timeline-block-icon\"><svg stroke=\"currentColor\" fill=\"currentColor\" stroke-width=\"0\" viewBox=\"0 0 512 512\" height=\"1em\" width=\"1em\" xmlns=\"http:\/\/www.w3.org\/2000\/svg\"><path d=\"M256 8C119 8 8 119 8 256s111 248 248 248 248-111 248-248S393 8 256 8z\"><\/path><\/svg><\/div><div class=\"ctl-6 timeline-block-detail\"><div class=\"story-details\"><div class=\"story-content\">\n<h3 class=\"wp-block-heading ctlb-block-title\" style=\"padding-top:0px;padding-right:0px;padding-bottom:0px;padding-left:0px;font-size:25px\">Teilnahme am Jubil\u00e4umskongress<\/h3>\n\n\n\n<p class=\"ctlb-block-desc\" style=\"padding-top:0px;padding-right:0px;padding-bottom:0px;padding-left:0px;font-size:15px\"><strong>35 + 1 Jahre des S\u00fcddeutschen Instituts f\u00fcr Logotherapie und Existenzanalyse nach Viktor Frankl in F\u00fcrstenfeldbruck.<\/strong><br><strong>Motto<\/strong>: \u201cUnsere Biografien in Relation zur Sinnfindung \u2013 Freir\u00e4ume suchen und finden trotz Pr\u00e4gungen\u201c. Zum Jubil\u00e4umskongress wurde auch ein neues Buch von Otto Zsok und Gerhard Neumeier vorgestellt mit dem <strong>Titel: \u201e<\/strong>Klein und Gross-Geister der europ\u00e4ischen Politik\u201c.<strong> ISBN<\/strong>&nbsp; 978-3-8306-8150-2, <strong>EOS \u2013 Verlag,<\/strong> Copyright 2022, Edition Sankt Ottiien, \u201eAns\u00e4tze zu einer sinnorientierten Politik nach Viktor Frankl.&nbsp; Portr\u00e4ts von vierzehn Vorbildern\u201c. Angesichts der Krise in Europa ist das Buch nicht nur ein Novum, sondern hochaktuell. Bei der Verschiedenheit der Wertevorstellungen wird es aber immer wieder zu schweren Konflikten kommen. Geh\u00f6ren manche Grund-Werte und der Sinn nicht zusammen? Dieser Jubil\u00e4umskongress war f\u00fcr uns wieder einmal ein absoluter H\u00f6hepunkt mit hervorragenden Referenten und der vorbildlichen Organisation des gesamten Instituts &#8211; Teams.<br><br>Dieser Jubil\u00e4umskongress war leider das letzte Mal mit unserem bereits schwer erkrankten Dr. Otto Zsok. <br>Am 4. Dezember 2022 verstarb er nach bewundernswerten aktiven Lebensjahren. Ein Text aus seinem Skript zur Sinnseelsorge:<br>&#8220;Im Tode ist das Leben erst vollendet und in diesem Sinne perfekt:<br>Hineingeschaffen in das Sein der Vergangenheit.&#8221;<br>Mehr erfahren Sie \u00fcber das S\u00fcddeutsche Institut bei:<br><a href=\"http:\/\/www.logotherapie.de\/\" target=\"_blank\" rel=\"noreferrer noopener\"><strong>http:\/\/www.logotherapie.de<\/strong><\/a>&nbsp;&nbsp;&nbsp;&nbsp;&nbsp;&nbsp;&nbsp;&nbsp;&nbsp;&nbsp;&nbsp;&nbsp;&nbsp;<\/p>\n<\/div><\/div><\/div><\/div><\/div><\/div>\n\n\n\n<div class=\"wp-block-cp-timeline-content-timeline-child swiper-slide\"><div class=\"timeline-content icon-false \"><div class=\"timeline-block-timeline ctl-row  position-left\"><div class=\"ctl-6 timeline-block-time\"><div class=\"story-time\"><p><strong>1. M\u00e4rz 2024<\/strong><\/p><\/div><\/div><div class=\"timeline-block-icon\"><svg stroke=\"currentColor\" fill=\"currentColor\" stroke-width=\"0\" viewBox=\"0 0 512 512\" height=\"1em\" width=\"1em\" xmlns=\"http:\/\/www.w3.org\/2000\/svg\"><path d=\"M256 8C119 8 8 119 8 256s111 248 248 248 248-111 248-248S393 8 256 8z\"><\/path><\/svg><\/div><div class=\"ctl-6 timeline-block-detail\"><div class=\"story-details\"><div class=\"story-content\">\n<h5 class=\"wp-block-heading ctlb-block-title\" style=\"padding-top:0px;padding-right:0px;padding-bottom:0px;padding-left:0px;font-size:25px\">M\u00e4rz 2024 * Neuauflage<\/h5>\n\n\n\n<p class=\"ctlb-block-desc\" style=\"padding-top:0px;padding-right:0px;padding-bottom:0px;padding-left:0px;font-size:15px\"><br>Sinnzentrierte Psychotherapie nach Viktor E. Frankl.<br>Kerngedanken der Logotherapie &amp; Existenzanalyse.<br><br>Curriculum der berufsbegleitenden Ausbildung.<br>B\u00fcchlein vom S\u00fcddeutschen Institut<br>ISBN: 978-3-948637-00-2<br><br> aus dem B\u00fcchlein:<br><br>&#8220;Das Wissen um eine Lebensaufgabe hat einen eminent psychotherapeutischen und psychohygienischen Wert.<br>Wer um einen Sinn seines Lebens weiss, dem verhilft dieses Bewusstsein mehr als alles andere dazu, \u00e4ussere Schwierigkeiten und innere Beschwerden zu \u00fcberwinden&#8221;. Viktor E. Frankl<br><br>&#8220;Die letzte der menschlichen Freiheiten besteht in der Wahl der Einstellung zu den Dingen&#8221;. Viktor E. Frankl<br><br><br><\/p>\n<\/div><\/div><\/div><\/div><\/div><\/div>\n\n\n\n<div class=\"wp-block-cp-timeline-content-timeline-child swiper-slide\"><div class=\"timeline-content icon-false \"><div class=\"timeline-block-timeline ctl-row  position-right\"><div class=\"ctl-6 timeline-block-time\"><div class=\"story-time\"><p><strong>Donnerstag, den  26. September 2024, 18.30 &#8211; 20.00<\/strong><\/p><\/div><\/div><div class=\"timeline-block-icon\"><svg stroke=\"currentColor\" fill=\"currentColor\" stroke-width=\"0\" viewBox=\"0 0 512 512\" height=\"1em\" width=\"1em\" xmlns=\"http:\/\/www.w3.org\/2000\/svg\"><path d=\"M256 8C119 8 8 119 8 256s111 248 248 248 248-111 248-248S393 8 256 8z\"><\/path><\/svg><\/div><div class=\"ctl-6 timeline-block-detail\"><div class=\"story-details\"><div class=\"story-content\">\n<h3 class=\"wp-block-heading ctlb-block-title has-medium-font-size\" style=\"padding-top:0px;padding-right:0px;padding-bottom:0px;padding-left:0px\">Teilname am Jubil\u00e4ums-Festakt anl\u00e4sslich 20 Jahre VIKTOR FRANKL ZENTRUM WIEN zugunsten der Sch\u00fcler:innen-Workshops \u201eLebe(n) voll Sinn\u201c<\/h3>\n\n\n\n<p class=\"ctlb-block-desc\" style=\"padding-top:0px;padding-right:0px;padding-bottom:0px;padding-left:0px;font-size:15px\"><br><br><strong>Das VIKTOR FRANKL ZENTRUM WIEN wurde 2004 <\/strong>mit der Intention gegr\u00fcndet, die Sinn-Lehre Viktor E. Frankls <em>allen<\/em> Menschen zug\u00e4nglich zu machen. Dieser Funke war der Beginn, um eine grossartige Vision zu verwirklichen.<br><br>Seit 20 Jahren steht nun in der Wiener Mariannengasse 1, an jenem Ort, wo Frankl selbst mehr als 50 Jahre lebte und wirkte, die mutmachende Botschaft \u201e<em>Jede Person ist Mit-Gestalterin ihres Lebens und der Welt<\/em>\u201c im Zentrum.<br><br> <br><strong>Viktor Frankl Museum<\/strong><br><br>2015 hat ein kleines Team von Mitarbeiter:innen neben dem Zentrum das Viktor Frankl Museum dieses auf gestalterisch auf dem h\u00f6chsten Stand der heutigen Technik einzurichten.<br>  <br>Am Freitag den 27.09.2024  wurden wir von der neuen Leiterin &#8220;Annemarie Moser&#8221; in dieses &#8220;Wunderwerk im Geiste von Viktor Frankl eingef\u00fchrt. Nach gut vier Stunden Staunen, den Franklschen Geist inhalierend, verabschiedeten wir uns, in der \u00dcberzeugung, das es f\u00fcr jeden nach Sinn suchendem Menschen ein &#8220;Muss&#8221; ist, auch einmal  dieses besondere Museum zu besuchen.<br> <br>Das Wissen darum ist Notwendendig: damals wie heute und sicher auch in Zukunft f\u00fcr die Sch\u00fcler:innen- Workshops &#8220;Lebe(n)voll Sinn!&#8221; mit Johanna Schechner.<br>F\u00fcr das Jubil\u00e4umsfest wurde eine Festschrift angeboten, die auch k\u00e4uflich angeboten wird.<br><br>Die Zentrumsgr\u00fcnder:innen und der Vorstand sowie begeisterte Wegbegleiter:innen laden zu einem ermutigenden Festakt zugunsten der Sch\u00fcler:innen-Workshops &#8220;. Seit mehr als 15 Jahre nahmen \u00fcber 40000 Sch\u00fcler:innen daran teil. Das Ziel ist, Viktor Frankls &#8220;Sinn-Lehre gegen die Sinn &#8211; Leere&#8221; die eigenen St\u00e4rken bewusst zu machen.<br><br>\u201e<em>Alles was sich verwirklicht, verewigt sich.<\/em>\u201c (Viktor E. Frankl)<br><br><em>www.frankelzentrum.org<\/em> &#8211; office@franklzentrum.org<\/p>\n<\/div><\/div><\/div><\/div><\/div><\/div>\n<\/div><\/div><\/div><\/div>\n\n\n\n<div class=\"wp-block-buttons is-content-justification-center is-layout-flex wp-container-core-buttons-is-layout-16018d1d wp-block-buttons-is-layout-flex\">\n<div class=\"wp-block-button\"><a class=\"wp-block-button__link wp-element-button\" href=\"#neve_body\" target=\"_blank\" rel=\"noreferrer noopener\">Nach oben<\/a><\/div>\n<\/div>\n","protected":false},"excerpt":{"rendered":"<p>Die Teilnahme an internationalen Anl\u00e4ssen ist f\u00fcr mich und meiner Frau Ehrensache. Die Begegnung mit Gleichgesinnten ist jedes Mal ein Erlebnis der besonderen Art. Teilnahme am unvergesslichen H\u00f6hepunkt war der Jubil\u00e4umskongress zum 90. Geburtstag von Prof. Dr. med. Viktor E. Frankl vom 19.\/ 20. Mai 1995 in der Technischen Universit\u00e4t, Wien, im Konzerthaus und der&hellip;&nbsp;<a href=\"https:\/\/www.logotherapie-bodensee.ch\/?page_id=88\" class=\"\" rel=\"bookmark\">Weiterlesen &raquo;<span class=\"screen-reader-text\">Jubil\u00e4umstagungen<\/span><\/a><\/p>\n","protected":false},"author":1,"featured_media":0,"parent":80,"menu_order":0,"comment_status":"closed","ping_status":"closed","template":"","meta":{"neve_meta_sidebar":"","neve_meta_container":"","neve_meta_enable_content_width":"","neve_meta_content_width":0,"neve_meta_title_alignment":"","neve_meta_author_avatar":"","neve_post_elements_order":"","neve_meta_disable_header":"","neve_meta_disable_footer":"","neve_meta_disable_title":"","footnotes":""},"class_list":["post-88","page","type-page","status-publish","hentry"],"_links":{"self":[{"href":"https:\/\/www.logotherapie-bodensee.ch\/index.php?rest_route=\/wp\/v2\/pages\/88","targetHints":{"allow":["GET"]}}],"collection":[{"href":"https:\/\/www.logotherapie-bodensee.ch\/index.php?rest_route=\/wp\/v2\/pages"}],"about":[{"href":"https:\/\/www.logotherapie-bodensee.ch\/index.php?rest_route=\/wp\/v2\/types\/page"}],"author":[{"embeddable":true,"href":"https:\/\/www.logotherapie-bodensee.ch\/index.php?rest_route=\/wp\/v2\/users\/1"}],"replies":[{"embeddable":true,"href":"https:\/\/www.logotherapie-bodensee.ch\/index.php?rest_route=%2Fwp%2Fv2%2Fcomments&post=88"}],"version-history":[{"count":20,"href":"https:\/\/www.logotherapie-bodensee.ch\/index.php?rest_route=\/wp\/v2\/pages\/88\/revisions"}],"predecessor-version":[{"id":1189,"href":"https:\/\/www.logotherapie-bodensee.ch\/index.php?rest_route=\/wp\/v2\/pages\/88\/revisions\/1189"}],"up":[{"embeddable":true,"href":"https:\/\/www.logotherapie-bodensee.ch\/index.php?rest_route=\/wp\/v2\/pages\/80"}],"wp:attachment":[{"href":"https:\/\/www.logotherapie-bodensee.ch\/index.php?rest_route=%2Fwp%2Fv2%2Fmedia&parent=88"}],"curies":[{"name":"wp","href":"https:\/\/api.w.org\/{rel}","templated":true}]}}