{"id":90,"date":"2023-02-05T10:06:11","date_gmt":"2023-02-05T10:06:11","guid":{"rendered":"https:\/\/helmutpatzer.it9cloud.ch\/?page_id=90"},"modified":"2025-12-12T15:56:02","modified_gmt":"2025-12-12T15:56:02","slug":"logotherapeutische-institute-und-gesellschaften","status":"publish","type":"page","link":"https:\/\/www.logotherapie-bodensee.ch\/?page_id=90","title":{"rendered":"Logotherapeutische Institute und Gesellschaften"},"content":{"rendered":"\n<blockquote class=\"wp-block-quote is-style-default is-layout-flow wp-block-quote-is-layout-flow\">\n<h2 class=\"wp-block-heading\" style=\"font-size:25px\"><strong>Schweizerische Gesellschaft f\u00fcr Logotherapie und Existenzanalyse<\/strong>, SGLE<\/h2>\n\n\n\n<p class=\"has-medium-font-size\"><strong>Einladung zur Generalversammlung der SGLE, Samstag, 14. M\u00e4rz 2026<\/strong>. Erstmals im Gemeindehaus St. Peter, Lerchenfeldstrasse 3 in Wil, SG in den neuen R\u00e4umlichkeiten des<strong> ILE.<\/strong> <\/p>\n\n\n\n<p class=\"has-medium-font-size\"><strong>Programm:<\/strong> <strong>14.00 Uhr<\/strong> Generalversammlung der <strong>SGLE<\/strong>, <strong>15.00 Uhr <\/strong>Gef\u00fchrter Rundgang durch die neuen R\u00e4umlichkeiten des<strong> ILE. 15.45 Uhr<\/strong> Lesung mit Musik &#8220;Zum Leben Ja sagen &#8211; Ermutigungen aus der Logotherapie von Viktor Frankl&#8221;. Diese Ausf\u00fchrung ist die Diplomarbeit von Natasha Hausamann. Gemeinsam mit zwei Mitwirkenden pr\u00e4sentiert sie ein einzigartiges Zusammenspiel von Text und Musik. Ein Werk, das bewegt, inspiriert und den Teilnehmenden mit Sicherheit in Erinnerung bleiben wird. ca. <strong>17.00 Uhr <\/strong>Ende der Veranstaltung. Wir bitten um <strong>Anmeldung <\/strong>bis sp\u00e4testens Ende Februar 2026 an <strong>info@sgle.ch<\/strong>.<\/p>\n\n\n\n<p class=\"has-medium-font-size\">I<strong>m Internet <\/strong>finden Sie die <strong>f\u00fcnf SGLE &#8211; Regionalgruppen <\/strong>in der Schweiz und weitere interessante Angebote f\u00fcr Vortr\u00e4ge und Informationsveranstaltungen. <strong>Internet: &nbsp;<a href=\"http:\/\/www.sgle.ch\">www.sgle.ch<\/a><\/strong><\/p>\n\n\n\n<p style=\"font-size:20px\"><strong>SGLE \/ ILE Jahrestagung 2026, Samstag, 2. Mai 2026, <\/strong>8.30 Uhr &#8211; 18.00 Uhr im Kath. Pfarreizentrum St. Peter, Lerchenfeldstrasse 3, 9500 Wil, SG. <strong>Thema:<\/strong> &#8220;Frieden Trotz(t) Konflikten, Krisen, Katastrophen&#8221;*. <strong>Referent: <\/strong> Impulsvortrag, Workshops, Podiumsdiskussion mit Prof. Alexander Batthyany<\/p>\n\n\n\n<p><\/p>\n<\/blockquote>\n\n\n\n<blockquote class=\"wp-block-quote has-medium-font-size is-layout-flow wp-block-quote-is-layout-flow\">\n<p style=\"font-size:23px\"><strong>Schweizer Institut f\u00fcr Logotherapie und Existenzanalyse ( ILE ) <\/strong> <strong>Ab 1. Januar 2026 in Wil, SG.<\/strong><\/p>\n<cite><strong>Internet: <a href=\"http:\/\/www.logotherapie.ch\/\">http:\/\/www.logotherapie.ch,<\/a> E-Mail:&nbsp; <a href=\"mailto:info@logotherapie.ch\">mailto:info@logotherapie.ch,<\/a> <\/strong>&nbsp;&nbsp;&nbsp;die aktuellen Kursangebote sind f\u00fcr an der Logotherapie interessierte Menschen auf der Homepages ersichtlich, \u00f6ffentlich und herzlich willkommen.&nbsp;Der Institutsleiter Dr. Reto Parpan gibt f\u00fcr 2023 die erfreuliche Nachricht bekannt, dass die Schweizerische Gesellschaft f\u00fcr Beratung <strong>SGfB<\/strong> den neuen dreistufigen Lehrgang:&#8221;Logotherapeutische Beratung nach Viktor E. Frankl&#8221; anerkennt. Diese Anerkennung ist ein Qualit\u00e4tssiegel dieses Lehrgangs und f\u00fchrt ihn zu einer guten Positionierung auf dem Markt der Ausbildungen f\u00fcr Beratung im psychosozialen Bereich. Das auf Grund dieses Lehrgangs ausgeh\u00e4ndigte Diplom er\u00f6ffnet \u00fcberdies einen erleichterten Zugang zur sog. &#8220;h\u00f6heren Fachpr\u00fcfung&#8221;. Zwei von vier Pr\u00fcfungsteile werden erlassen. Der erfolgreiche Abschluss dieser Pr\u00fcfung berechtigt zum Tragen der gesch\u00fctzten Titels &#8221; Beraterin bzw. Berater im psychosozialen Bereich mit eidgen\u00f6ssischem Diplom&#8221;. N\u00e4heres erfahren Sie auf der Webseite<strong>: <a href=\"https:\/\/www.sgfb.ch\/de\/hoehere-fachprue-hfpfung\">https:\/\/www.logotherapie.ch<\/a><\/strong><\/cite><\/blockquote>\n\n\n\n<p style=\"font-size:25px\"><strong>Generationenwechsel beim Schweizerischen Institut  ( ILE<\/strong> )  Ab <strong>1. Januar 2026<\/strong> <strong>in Wil, SG.<\/strong><\/p>\n\n\n\n<p style=\"font-size:20px\"><strong>Seit 1995 <\/strong>existiert das von <strong>Dr. Giosch Albrecht<\/strong> gegr\u00fcndete Institut zun\u00e4chst als Verein, seit 2016 als Stiftung. Am 20.November 2025  verstarb Dr. Giosch Albrecht im 89. Lebensjahr. <strong>Am 15. September 2025<\/strong> hat der Stiftungsrat <strong>Dr. iur.Ulrich Knoepfel,<\/strong> ref. Pfarrer i.R. zum neuen Pr\u00e4sident und <strong>Irene Luchsinger<\/strong> ins Vizepr\u00e4sidium gew\u00e4hlt. <strong>Dr. phil. Reto Parpan<\/strong> hat von <strong>2015 &#8211; 2025 <\/strong>als Institionsleiter mit grosser Fachkompetenz das Institut in Chur geleitet. Er verbleibt aber weiterhin im Stiftungsrat.<\/p>\n\n\n\n<p style=\"font-size:20px\"><strong>Ab 1. Januar 2026 <\/strong>werden Stiftungsratsmitglied <strong>Alexander Radlberger<\/strong> und<strong> Eva Sutter<\/strong> in Co-Leitung das <strong>ILE <\/strong>operativ <strong>neu in Wil, SG<\/strong> f\u00fchren. Im Katholischen Kirchengemeindezentrum St. Peter, Lerchenfeldstrasse 3, 9500 Wil werden alle Kurse des dreistufigen Lehrgangs durchgef\u00fchrt. Das Zentrum ist vom Bahnhof zu Fuss bequem in drei Minuten zu erreichen. Es gibt unterschiedlich grosse Schulungsr\u00e4ume und einen grossen Saal f\u00fcr die Jahrestagungen. Von der Atmosph\u00e4re her ist es sehr ruhig und einladend, es gibt auch gen\u00fcgend \u00f6ffentliche Parkpl\u00e4tze in der N\u00e4he.<\/p>\n\n\n\n<p style=\"font-size:20px\"><\/p>\n\n\n\n<blockquote class=\"wp-block-quote has-medium-font-size is-layout-flow wp-block-quote-is-layout-flow\">\n<p style=\"font-size:25px\"><strong>S\u00fcddeutsches Institut f\u00fcr Logotherapie und Existenzanalyse<\/strong><\/p>\n<cite><strong>F\u00fcrstenfeldbruck bei M\u00fcnchen,&nbsp; Internet:&nbsp; <a href=\"http:\/\/www.logotherapie.de\/\">http:\/\/www.logotherapie.de&nbsp;&nbsp;&nbsp; <\/a>&nbsp;E-Mail: &nbsp;<a href=\"mailto:si@logotherapie.de\">mailto:si@logotherapie.de<\/a><\/strong><\/cite><\/blockquote>\n\n\n\n<blockquote class=\"wp-block-quote has-medium-font-size is-layout-flow wp-block-quote-is-layout-flow\">\n<p style=\"font-size:25px\"><strong>Hamburger Institut f\u00fcr Existenzanalyse und Logotherapie<\/strong><\/p>\n<cite><strong>Leiter: Andreas B\u00f6schemeyer, Internet: &nbsp;<a href=\"http:\/\/www.andreasboeschemeyer.de\/\">http:\/\/www.andreasboeschemeyer.de<\/a>&nbsp;&nbsp; E-Mail: &nbsp;<a href=\"mailto:%20boeschemeyer@me.com\">mailto: boeschemeyer@me.com<\/a><\/strong><\/cite><\/blockquote>\n\n\n\n<blockquote class=\"wp-block-quote has-medium-font-size is-layout-flow wp-block-quote-is-layout-flow\">\n<p style=\"font-size:25px\"><strong>Europ\u00e4ische Akademie f\u00fcr Wertorientierte Pers\u00f6nlichkeitsbildung<\/strong><\/p>\n<cite><strong>Salzburg, Rektor: Dr. Uwe B\u00f6schemeyer, Internet: <a href=\"http:\/\/www.boeschemeyer.at\/\">http:\/\/www.boeschemeyer.at <\/a>&nbsp;E-Mail:&nbsp; <a href=\"mailto:office@boeschemeyer.at\">mailto:office@boeschemeyer.at<\/a><\/strong><\/cite><\/blockquote>\n\n\n\n<blockquote class=\"wp-block-quote has-medium-font-size is-layout-flow wp-block-quote-is-layout-flow\">\n<p style=\"font-size:25px\"><strong>Viktor Frankl-Institut, Wien<\/strong><\/p>\n<cite><strong> Leiterin: Dr. Gabriele Vesely-Frankl, Internet: <a href=\"http:\/\/www.viktorfrankl.org\/\">http:\/\/www.viktorfrankl.org<\/a>&nbsp; &nbsp;&#8211; Gr\u00fcndungsjahr 1992, E-Mail:&nbsp; <a href=\"mailto:secretary@viktorfrankl.info\">mailto:secretary@viktorfrankl.info<\/a><\/strong><\/cite><\/blockquote>\n\n\n\n<blockquote class=\"wp-block-quote is-layout-flow wp-block-quote-is-layout-flow\">\n<p class=\"has-medium-font-size\"><strong>Seit<\/strong> <strong>2004<\/strong> <strong>Viktor Frankl Zentrum<\/strong>, <strong>Wien<\/strong> <strong> und  2015 das weltweit 1. Viktor Frankl Museum in Wien.<\/strong><\/p>\n\n\n\n<p class=\"has-medium-font-size\"><strong>Mariannengasse 1 \/ Top 13, 109+0 Wien Internet: http:\/\/<a href=\"http:\/\/www.logotherapie-bodensee.ch\/www.franklzentrum.org%20%20%20\">www.franklzentrum.org&nbsp; <\/a>&nbsp;E-Mail:&nbsp;&nbsp; <a href=\"mailto:office@franklzentrum.org\">mailto:office@franklzentrum.org<\/a><\/strong><\/p>\n\n\n\n<p class=\"has-medium-font-size\"><strong>2005 Vorstellung einer wissenschaftlichen Wander-Ausstellung anl\u00e4sslich des 100 Geburtstages von V. E. Frankl. <\/strong><br><\/p>\n<\/blockquote>\n\n\n\n<div class=\"wp-block-columns is-layout-flex wp-container-core-columns-is-layout-9d6595d7 wp-block-columns-is-layout-flex\">\n<div class=\"wp-block-column is-layout-flow wp-block-column-is-layout-flow\">\n<blockquote class=\"wp-block-quote has-medium-font-size is-layout-flow wp-block-quote-is-layout-flow\">\n<p style=\"font-size:25px\"><strong>Elisabeth- Lukas- Archiv gGmbH<\/strong><\/p>\n<cite><strong>Leitung des Archivs: Frau Dr. phil. Heidi Sch\u00f6nfeld, N\u00fcrnberger Strasse 103a, <\/strong>D-96050 Bamberg, <strong>Internet: &nbsp;<a href=\"http:\/\/www.elisabeth-lukas-archiv.de\/\">http:\/\/www.elisabeth-lukas-archiv.de<\/a>&nbsp;&nbsp; E-Mail:&nbsp;&nbsp; <a href=\"mailto:info@elisabeth-lukas-archiv.de\">mailto:info@elisabeth-lukas-archiv.de<\/a><\/strong><\/cite><\/blockquote>\n<\/div>\n\n\n\n<div class=\"wp-block-column is-layout-flow wp-block-column-is-layout-flow\">\n<blockquote class=\"wp-block-quote has-medium-font-size is-layout-flow wp-block-quote-is-layout-flow\">\n<p style=\"font-size:25px\"><strong>N\u00fcrnberger Institut f\u00fcr Existenzanalyse und Logotherapie<\/strong><\/p>\n<cite>Vorsitzende: Prof. Dr. Dieter Lotz, Ulrich und Gisa&nbsp; Oechsle, Gr\u00fcndungsjahr 1995,&nbsp; <strong>Internet:&nbsp; <a href=\"http:\/\/www.logotherapie-nuernberg.de\/\">http:\/\/www.logotherapie-nuernberg.de<\/a>&nbsp;&nbsp;&nbsp; E-Mail: <\/strong><a href=\"mailto:info@logotherapie-nuernberg.de\">mailto:info@logotherapie-nuernberg.de<\/a><\/cite><\/blockquote>\n<\/div>\n<\/div>\n\n\n\n<blockquote class=\"wp-block-quote has-medium-font-size is-layout-flow wp-block-quote-is-layout-flow\">\n<p style=\"font-size:25px\"><strong>Institut f\u00fcr Logotherapie und Existenzanalyse GmbH<\/strong><\/p>\n<cite><strong>T\u00fcbingen\/Wien, <\/strong>fachliche Leitung: Univ.-Prof. Dr. Wolfram Kurz <strong>und <\/strong>Frau Dr. Boglarka Hadinger, <strong>Internet:&nbsp; <a href=\"http:\/\/logotherapie.net\/\">http:\/\/http:\/\/logotherapie.net<\/a>&nbsp;&nbsp;&nbsp; E-Mail: <\/strong><a href=\"mailto:info@logotherapie.net\">mailto:info@logotherapie.net<\/a><\/cite><\/blockquote>\n\n\n\n<blockquote class=\"wp-block-quote has-medium-font-size is-layout-flow wp-block-quote-is-layout-flow\">\n<p style=\"font-size:25px\"><strong>Meraner Institut f\u00fcr sinnorientierte Pers\u00f6nlichkeits- und Unternehmungsf\u00fchrung und Co.KG<\/strong><\/p>\n<cite><strong>neu ab 2011,&nbsp; Leitung:<\/strong> Prof. Dr. Anna Maria Pircher Friedrich und Rolf Klaus Friedrich.&nbsp; <strong>Internet: http:\/\/<a href=\"http:\/\/www.pircher-friedrich.com\/\">www.pircher-friedrich.com<\/a>,<\/strong> E-M<strong>ail:<\/strong> <a href=\"mailto:pircher-friedrich@dnet.it\">mailto:pircher-friedrich@dnet.it<\/a><\/cite><\/blockquote>\n\n\n\n<div class=\"wp-block-columns is-layout-flex wp-container-core-columns-is-layout-9d6595d7 wp-block-columns-is-layout-flex\">\n<div class=\"wp-block-column is-layout-flow wp-block-column-is-layout-flow\">\n<blockquote class=\"wp-block-quote has-medium-font-size is-layout-flow wp-block-quote-is-layout-flow\">\n<p class=\"has-medium-font-size\"><strong>DGLE&nbsp; Deutsche Gesellschaft&nbsp; f\u00fcr Logotherapie und Existenzanalyse E.V<\/strong><\/p>\n<cite><strong>Internet:<\/strong> <strong><a href=\"http:\/\/www.dgle.org\" target=\"_blank\" rel=\"noreferrer noopener\">http:\/\/www.dgle.org<\/a><\/strong><br>Eine lesenswerte Dokumentation ist der Kongressbericht&nbsp; vom 2. bis 4. Oktober 2009 in Weimar von der Deutschen Gesellschaft f\u00fcr Logotherapie und Existenzanalyse e.V.<strong> ( DGLE )<\/strong> und der Gesellschaft f\u00fcr Logotherapie und ExistenzanalyseOst e.V.<strong> ( GLE-O ) zum Thema: \u201e Freiheit und Verantwortung\u201c, ISBN: <\/strong>978-3-00-032307-2<br><strong>&nbsp;<\/strong><br><strong>&nbsp;<\/strong><\/cite><\/blockquote>\n\n\n\n<p><\/p>\n<\/div>\n\n\n\n<div class=\"wp-block-column is-layout-flow wp-block-column-is-layout-flow\">\n<blockquote class=\"wp-block-quote is-layout-flow wp-block-quote-is-layout-flow\">\n<p><\/p>\n<\/blockquote>\n<\/div>\n\n\n\n<div class=\"wp-block-column is-layout-flow wp-block-column-is-layout-flow\">\n<blockquote class=\"wp-block-quote is-layout-flow wp-block-quote-is-layout-flow\">\n<p class=\"has-medium-font-size\">&#8220;<strong>Wollen wir eine Br\u00fccke schlagen von Mensch zu Mensch, so m\u00fcssen die Br\u00fcckenk\u00f6pfe die Herzen sein&#8221;. <\/strong><\/p>\n\n\n\n<p class=\"has-medium-font-size\"><strong>Viktor E.  Frankl<\/strong><\/p>\n\n\n\n<p class=\"has-medium-font-size\"><\/p>\n\n\n\n<p class=\"has-medium-font-size\"><br>&nbsp;<\/p>\n<\/blockquote>\n<\/div>\n<\/div>\n\n\n\n<div class=\"wp-block-buttons is-content-justification-center is-layout-flex wp-container-core-buttons-is-layout-16018d1d wp-block-buttons-is-layout-flex\">\n<div class=\"wp-block-button\"><a class=\"wp-block-button__link wp-element-button\" href=\"#neve_body\">Nach oben<\/a><\/div>\n<\/div>\n","protected":false},"excerpt":{"rendered":"<p>Schweizerische Gesellschaft f\u00fcr Logotherapie und Existenzanalyse, SGLE Einladung zur Generalversammlung der SGLE, Samstag, 14. M\u00e4rz 2026. Erstmals im Gemeindehaus St. Peter, Lerchenfeldstrasse 3 in Wil, SG in den neuen R\u00e4umlichkeiten des ILE. Programm: 14.00 Uhr Generalversammlung der SGLE, 15.00 Uhr Gef\u00fchrter Rundgang durch die neuen R\u00e4umlichkeiten des ILE. 15.45 Uhr Lesung mit Musik &#8220;Zum Leben&hellip;&nbsp;<a href=\"https:\/\/www.logotherapie-bodensee.ch\/?page_id=90\" class=\"\" rel=\"bookmark\">Weiterlesen &raquo;<span class=\"screen-reader-text\">Logotherapeutische Institute und Gesellschaften<\/span><\/a><\/p>\n","protected":false},"author":1,"featured_media":0,"parent":80,"menu_order":0,"comment_status":"closed","ping_status":"closed","template":"","meta":{"neve_meta_sidebar":"","neve_meta_container":"","neve_meta_enable_content_width":"","neve_meta_content_width":0,"neve_meta_title_alignment":"","neve_meta_author_avatar":"","neve_post_elements_order":"","neve_meta_disable_header":"","neve_meta_disable_footer":"","neve_meta_disable_title":"","footnotes":""},"class_list":["post-90","page","type-page","status-publish","hentry"],"_links":{"self":[{"href":"https:\/\/www.logotherapie-bodensee.ch\/index.php?rest_route=\/wp\/v2\/pages\/90","targetHints":{"allow":["GET"]}}],"collection":[{"href":"https:\/\/www.logotherapie-bodensee.ch\/index.php?rest_route=\/wp\/v2\/pages"}],"about":[{"href":"https:\/\/www.logotherapie-bodensee.ch\/index.php?rest_route=\/wp\/v2\/types\/page"}],"author":[{"embeddable":true,"href":"https:\/\/www.logotherapie-bodensee.ch\/index.php?rest_route=\/wp\/v2\/users\/1"}],"replies":[{"embeddable":true,"href":"https:\/\/www.logotherapie-bodensee.ch\/index.php?rest_route=%2Fwp%2Fv2%2Fcomments&post=90"}],"version-history":[{"count":37,"href":"https:\/\/www.logotherapie-bodensee.ch\/index.php?rest_route=\/wp\/v2\/pages\/90\/revisions"}],"predecessor-version":[{"id":1662,"href":"https:\/\/www.logotherapie-bodensee.ch\/index.php?rest_route=\/wp\/v2\/pages\/90\/revisions\/1662"}],"up":[{"embeddable":true,"href":"https:\/\/www.logotherapie-bodensee.ch\/index.php?rest_route=\/wp\/v2\/pages\/80"}],"wp:attachment":[{"href":"https:\/\/www.logotherapie-bodensee.ch\/index.php?rest_route=%2Fwp%2Fv2%2Fmedia&parent=90"}],"curies":[{"name":"wp","href":"https:\/\/api.w.org\/{rel}","templated":true}]}}